{"id":3789,"date":"2024-09-30T13:20:06","date_gmt":"2024-09-30T13:20:06","guid":{"rendered":"https:\/\/www.inter-iberica.com\/services\/farmaceutisch-transport\/"},"modified":"2024-09-30T13:42:28","modified_gmt":"2024-09-30T13:42:28","slug":"transport-pharmaceutique","status":"publish","type":"page","link":"https:\/\/www.inter-iberica.com\/fr\/services\/transport-pharmaceutique\/","title":{"rendered":"Transport Pharmaceutique"},"content":{"rendered":"<div class=\"wpb-content-wrapper\"><p>[vc_row][vc_column css=&#8221;.vc_custom_1552704895602{margin-top: -5px !important;}&#8221;][cms_heading text=&#8221;Transport Pharmaceutique chez Inter-Iberica&#8221; tag=&#8221;h4&#8243; text_color=&#8221;#222222&#8243; cms_template=&#8221;cms_heading.php&#8221;][vc_column_text css=&#8221;.vc_custom_1727703738945{margin-bottom: 22px !important;}&#8221;]Inter-Iberica propose des solutions de transport fiables et s\u00e9curis\u00e9es pour les produits m\u00e9dicinaux, en conformit\u00e9 totale avec les &#8220;lignes directrices de l&#8217;UE sur les bonnes pratiques de distribution&#8221; (GDP). Notre certificat SGS confirme que nous respectons les normes europ\u00e9ennes les plus \u00e9lev\u00e9es pour le transport de produits pharmaceutiques. Gr\u00e2ce \u00e0 une flotte moderne et un contr\u00f4le pr\u00e9cis de la temp\u00e9rature, nous garantissons que vos produits sont transport\u00e9s dans des conditions optimales.<\/p>\n<p>La qualit\u00e9 et la transparence sont nos priorit\u00e9s. Gr\u00e2ce au suivi en temps r\u00e9el, vous \u00eates toujours inform\u00e9 du statut de votre transport. Faites confiance \u00e0 Inter-Iberica pour un transport pharmaceutique efficace et s\u00fbr \u00e0 travers l&#8217;Europe.<\/p>\n<p><a href=\"https:\/\/www.inter-iberica.com\/wp-content\/uploads\/2024\/09\/NLDIE_000182_GenericCertificate_Final.pdf\"><img loading=\"lazy\" decoding=\"async\" class=\"alignnone wp-image-3775\" src=\"https:\/\/www.inter-iberica.com\/wp-content\/uploads\/2024\/09\/SGS-logo-600x600.png\" alt=\"\" width=\"247\" height=\"247\" srcset=\"https:\/\/www.inter-iberica.com\/wp-content\/uploads\/2024\/09\/SGS-logo-600x600.png 600w, https:\/\/www.inter-iberica.com\/wp-content\/uploads\/2024\/09\/SGS-logo-300x300.png 300w\" sizes=\"auto, (max-width: 247px) 100vw, 247px\" \/><\/a>[\/vc_column_text][\/vc_column][\/vc_row]<\/p>\n<\/div>","protected":false},"excerpt":{"rendered":"<p>[vc_row][vc_column css=&#8221;.vc_custom_1552704895602{margin-top: -5px !important;}&#8221;][cms_heading text=&#8221;Transport Pharmaceutique chez Inter-Iberica&#8221; tag=&#8221;h4&#8243; text_color=&#8221;#222222&#8243; cms_template=&#8221;cms_heading.php&#8221;][vc_column_text css=&#8221;.vc_custom_1727703738945{margin-bottom: 22px !important;}&#8221;]Inter-Iberica propose des solutions de transport fiables et s\u00e9curis\u00e9es pour les produits m\u00e9dicinaux, en conformit\u00e9 totale avec les &#8220;lignes directrices de l&#8217;UE sur les bonnes pratiques de distribution&#8221; (GDP). Notre certificat SGS confirme que nous respectons les normes europ\u00e9ennes les plus \u00e9lev\u00e9es [&hellip;]<\/p>\n","protected":false},"author":5,"featured_media":0,"parent":2113,"menu_order":0,"comment_status":"closed","ping_status":"closed","template":"","meta":{"footnotes":""},"class_list":["post-3789","page","type-page","status-publish","hentry"],"yoast_head":"<!-- This site is optimized with the Yoast SEO plugin v27.4 - https:\/\/yoast.com\/product\/yoast-seo-wordpress\/ -->\n<title>Transport Pharmaceutique - Inter Iberica<\/title>\n<meta name=\"robots\" content=\"index, follow, max-snippet:-1, max-image-preview:large, max-video-preview:-1\" \/>\n<link rel=\"canonical\" href=\"https:\/\/www.inter-iberica.com\/fr\/services\/transport-pharmaceutique\/\" \/>\n<meta property=\"og:locale\" content=\"fr_FR\" \/>\n<meta property=\"og:type\" content=\"article\" \/>\n<meta property=\"og:title\" content=\"Transport Pharmaceutique - Inter Iberica\" \/>\n<meta property=\"og:description\" content=\"[vc_row][vc_column css=&#8221;.vc_custom_1552704895602{margin-top: -5px !important;}&#8221;][cms_heading text=&#8221;Transport Pharmaceutique chez Inter-Iberica&#8221; tag=&#8221;h4&#8243; text_color=&#8221;#222222&#8243; cms_template=&#8221;cms_heading.php&#8221;][vc_column_text css=&#8221;.vc_custom_1727703738945{margin-bottom: 22px !important;}&#8221;]Inter-Iberica propose des solutions de transport fiables et s\u00e9curis\u00e9es pour les produits m\u00e9dicinaux, en conformit\u00e9 totale avec les &#8220;lignes directrices de l&#8217;UE sur les bonnes pratiques de distribution&#8221; (GDP). Notre certificat SGS confirme que nous respectons les normes europ\u00e9ennes les plus \u00e9lev\u00e9es [&hellip;]\" \/>\n<meta property=\"og:url\" content=\"https:\/\/www.inter-iberica.com\/fr\/services\/transport-pharmaceutique\/\" \/>\n<meta property=\"og:site_name\" content=\"Inter Iberica\" \/>\n<meta property=\"article:modified_time\" content=\"2024-09-30T13:42:28+00:00\" \/>\n<meta property=\"og:image\" content=\"https:\/\/www.inter-iberica.com\/wp-content\/uploads\/2024\/09\/SGS-logo-600x600.png\" \/>\n<meta name=\"twitter:card\" content=\"summary_large_image\" \/>\n<meta name=\"twitter:label1\" content=\"Dur\u00e9e de lecture estim\u00e9e\" \/>\n\t<meta name=\"twitter:data1\" content=\"1 minute\" \/>\n<script type=\"application\/ld+json\" class=\"yoast-schema-graph\">{\"@context\":\"https:\\\/\\\/schema.org\",\"@graph\":[{\"@type\":\"WebPage\",\"@id\":\"https:\\\/\\\/www.inter-iberica.com\\\/fr\\\/services\\\/transport-pharmaceutique\\\/\",\"url\":\"https:\\\/\\\/www.inter-iberica.com\\\/fr\\\/services\\\/transport-pharmaceutique\\\/\",\"name\":\"Transport Pharmaceutique - Inter Iberica\",\"isPartOf\":{\"@id\":\"https:\\\/\\\/www.inter-iberica.com\\\/#website\"},\"primaryImageOfPage\":{\"@id\":\"https:\\\/\\\/www.inter-iberica.com\\\/fr\\\/services\\\/transport-pharmaceutique\\\/#primaryimage\"},\"image\":{\"@id\":\"https:\\\/\\\/www.inter-iberica.com\\\/fr\\\/services\\\/transport-pharmaceutique\\\/#primaryimage\"},\"thumbnailUrl\":\"https:\\\/\\\/www.inter-iberica.com\\\/wp-content\\\/uploads\\\/2024\\\/09\\\/SGS-logo-600x600.png\",\"datePublished\":\"2024-09-30T13:20:06+00:00\",\"dateModified\":\"2024-09-30T13:42:28+00:00\",\"breadcrumb\":{\"@id\":\"https:\\\/\\\/www.inter-iberica.com\\\/fr\\\/services\\\/transport-pharmaceutique\\\/#breadcrumb\"},\"inLanguage\":\"fr-FR\",\"potentialAction\":[{\"@type\":\"ReadAction\",\"target\":[\"https:\\\/\\\/www.inter-iberica.com\\\/fr\\\/services\\\/transport-pharmaceutique\\\/\"]}]},{\"@type\":\"ImageObject\",\"inLanguage\":\"fr-FR\",\"@id\":\"https:\\\/\\\/www.inter-iberica.com\\\/fr\\\/services\\\/transport-pharmaceutique\\\/#primaryimage\",\"url\":\"https:\\\/\\\/www.inter-iberica.com\\\/wp-content\\\/uploads\\\/2024\\\/09\\\/SGS-logo-600x600.png\",\"contentUrl\":\"https:\\\/\\\/www.inter-iberica.com\\\/wp-content\\\/uploads\\\/2024\\\/09\\\/SGS-logo-600x600.png\"},{\"@type\":\"BreadcrumbList\",\"@id\":\"https:\\\/\\\/www.inter-iberica.com\\\/fr\\\/services\\\/transport-pharmaceutique\\\/#breadcrumb\",\"itemListElement\":[{\"@type\":\"ListItem\",\"position\":1,\"name\":\"Home\",\"item\":\"https:\\\/\\\/www.inter-iberica.com\\\/fr\\\/\"},{\"@type\":\"ListItem\",\"position\":2,\"name\":\"Services\",\"item\":\"https:\\\/\\\/www.inter-iberica.com\\\/fr\\\/services\\\/\"},{\"@type\":\"ListItem\",\"position\":3,\"name\":\"Transport Pharmaceutique\"}]},{\"@type\":\"WebSite\",\"@id\":\"https:\\\/\\\/www.inter-iberica.com\\\/#website\",\"url\":\"https:\\\/\\\/www.inter-iberica.com\\\/\",\"name\":\"Inter Iberica\",\"description\":\"\",\"potentialAction\":[{\"@type\":\"SearchAction\",\"target\":{\"@type\":\"EntryPoint\",\"urlTemplate\":\"https:\\\/\\\/www.inter-iberica.com\\\/?s={search_term_string}\"},\"query-input\":{\"@type\":\"PropertyValueSpecification\",\"valueRequired\":true,\"valueName\":\"search_term_string\"}}],\"inLanguage\":\"fr-FR\"}]}<\/script>\n<!-- \/ Yoast SEO plugin. -->","yoast_head_json":{"title":"Transport Pharmaceutique - Inter Iberica","robots":{"index":"index","follow":"follow","max-snippet":"max-snippet:-1","max-image-preview":"max-image-preview:large","max-video-preview":"max-video-preview:-1"},"canonical":"https:\/\/www.inter-iberica.com\/fr\/services\/transport-pharmaceutique\/","og_locale":"fr_FR","og_type":"article","og_title":"Transport Pharmaceutique - Inter Iberica","og_description":"[vc_row][vc_column css=&#8221;.vc_custom_1552704895602{margin-top: -5px !important;}&#8221;][cms_heading text=&#8221;Transport Pharmaceutique chez Inter-Iberica&#8221; tag=&#8221;h4&#8243; text_color=&#8221;#222222&#8243; cms_template=&#8221;cms_heading.php&#8221;][vc_column_text css=&#8221;.vc_custom_1727703738945{margin-bottom: 22px !important;}&#8221;]Inter-Iberica propose des solutions de transport fiables et s\u00e9curis\u00e9es pour les produits m\u00e9dicinaux, en conformit\u00e9 totale avec les &#8220;lignes directrices de l&#8217;UE sur les bonnes pratiques de distribution&#8221; (GDP). Notre certificat SGS confirme que nous respectons les normes europ\u00e9ennes les plus \u00e9lev\u00e9es [&hellip;]","og_url":"https:\/\/www.inter-iberica.com\/fr\/services\/transport-pharmaceutique\/","og_site_name":"Inter Iberica","article_modified_time":"2024-09-30T13:42:28+00:00","og_image":[{"url":"https:\/\/www.inter-iberica.com\/wp-content\/uploads\/2024\/09\/SGS-logo-600x600.png","type":"","width":"","height":""}],"twitter_card":"summary_large_image","twitter_misc":{"Dur\u00e9e de lecture estim\u00e9e":"1 minute"},"schema":{"@context":"https:\/\/schema.org","@graph":[{"@type":"WebPage","@id":"https:\/\/www.inter-iberica.com\/fr\/services\/transport-pharmaceutique\/","url":"https:\/\/www.inter-iberica.com\/fr\/services\/transport-pharmaceutique\/","name":"Transport Pharmaceutique - Inter Iberica","isPartOf":{"@id":"https:\/\/www.inter-iberica.com\/#website"},"primaryImageOfPage":{"@id":"https:\/\/www.inter-iberica.com\/fr\/services\/transport-pharmaceutique\/#primaryimage"},"image":{"@id":"https:\/\/www.inter-iberica.com\/fr\/services\/transport-pharmaceutique\/#primaryimage"},"thumbnailUrl":"https:\/\/www.inter-iberica.com\/wp-content\/uploads\/2024\/09\/SGS-logo-600x600.png","datePublished":"2024-09-30T13:20:06+00:00","dateModified":"2024-09-30T13:42:28+00:00","breadcrumb":{"@id":"https:\/\/www.inter-iberica.com\/fr\/services\/transport-pharmaceutique\/#breadcrumb"},"inLanguage":"fr-FR","potentialAction":[{"@type":"ReadAction","target":["https:\/\/www.inter-iberica.com\/fr\/services\/transport-pharmaceutique\/"]}]},{"@type":"ImageObject","inLanguage":"fr-FR","@id":"https:\/\/www.inter-iberica.com\/fr\/services\/transport-pharmaceutique\/#primaryimage","url":"https:\/\/www.inter-iberica.com\/wp-content\/uploads\/2024\/09\/SGS-logo-600x600.png","contentUrl":"https:\/\/www.inter-iberica.com\/wp-content\/uploads\/2024\/09\/SGS-logo-600x600.png"},{"@type":"BreadcrumbList","@id":"https:\/\/www.inter-iberica.com\/fr\/services\/transport-pharmaceutique\/#breadcrumb","itemListElement":[{"@type":"ListItem","position":1,"name":"Home","item":"https:\/\/www.inter-iberica.com\/fr\/"},{"@type":"ListItem","position":2,"name":"Services","item":"https:\/\/www.inter-iberica.com\/fr\/services\/"},{"@type":"ListItem","position":3,"name":"Transport Pharmaceutique"}]},{"@type":"WebSite","@id":"https:\/\/www.inter-iberica.com\/#website","url":"https:\/\/www.inter-iberica.com\/","name":"Inter Iberica","description":"","potentialAction":[{"@type":"SearchAction","target":{"@type":"EntryPoint","urlTemplate":"https:\/\/www.inter-iberica.com\/?s={search_term_string}"},"query-input":{"@type":"PropertyValueSpecification","valueRequired":true,"valueName":"search_term_string"}}],"inLanguage":"fr-FR"}]}},"_links":{"self":[{"href":"https:\/\/www.inter-iberica.com\/fr\/wp-json\/wp\/v2\/pages\/3789","targetHints":{"allow":["GET"]}}],"collection":[{"href":"https:\/\/www.inter-iberica.com\/fr\/wp-json\/wp\/v2\/pages"}],"about":[{"href":"https:\/\/www.inter-iberica.com\/fr\/wp-json\/wp\/v2\/types\/page"}],"author":[{"embeddable":true,"href":"https:\/\/www.inter-iberica.com\/fr\/wp-json\/wp\/v2\/users\/5"}],"replies":[{"embeddable":true,"href":"https:\/\/www.inter-iberica.com\/fr\/wp-json\/wp\/v2\/comments?post=3789"}],"version-history":[{"count":1,"href":"https:\/\/www.inter-iberica.com\/fr\/wp-json\/wp\/v2\/pages\/3789\/revisions"}],"predecessor-version":[{"id":3793,"href":"https:\/\/www.inter-iberica.com\/fr\/wp-json\/wp\/v2\/pages\/3789\/revisions\/3793"}],"up":[{"embeddable":true,"href":"https:\/\/www.inter-iberica.com\/fr\/wp-json\/wp\/v2\/pages\/2113"}],"wp:attachment":[{"href":"https:\/\/www.inter-iberica.com\/fr\/wp-json\/wp\/v2\/media?parent=3789"}],"curies":[{"name":"wp","href":"https:\/\/api.w.org\/{rel}","templated":true}]}}