{"id":2312,"date":"2020-02-17T13:45:10","date_gmt":"2020-02-17T13:45:10","guid":{"rendered":"https:\/\/www.inter-iberica.com\/qualite\/ervaren-chauffeurs\/"},"modified":"2020-09-08T10:50:59","modified_gmt":"2020-09-08T10:50:59","slug":"chauffeurs-experimentes","status":"publish","type":"page","link":"https:\/\/www.inter-iberica.com\/fr\/qualite\/chauffeurs-experimentes\/","title":{"rendered":"Chauffeurs exp\u00e9riment\u00e9s"},"content":{"rendered":"<div class=\"wpb-content-wrapper\"><p>[vc_row][vc_column][vc_column_text]Tous les camions sont occup\u00e9s par des chauffeurs qualifi\u00e9s et\u00a0exp\u00e9riment\u00e9s.\u00a0Ils prennent l\u00b4affaire \u00e0 coeur et tous aiment de ne paslaisser tra\u00eener les choses.\u00a0Gr\u00e2ce \u00e0 eux vos produits arriveront \u00e0 tempset dans de bonnes conditions chez vos clients.[\/vc_column_text][\/vc_column][\/vc_row]<\/p>\n<\/div>","protected":false},"excerpt":{"rendered":"<p>[vc_row][vc_column][vc_column_text]Tous les camions sont occup\u00e9s par des chauffeurs qualifi\u00e9s et\u00a0exp\u00e9riment\u00e9s.\u00a0Ils prennent l\u00b4affaire \u00e0 coeur et tous aiment de ne paslaisser tra\u00eener les choses.\u00a0Gr\u00e2ce \u00e0 eux vos produits arriveront \u00e0 tempset dans de bonnes conditions chez vos clients.[\/vc_column_text][\/vc_column][\/vc_row]<\/p>\n","protected":false},"author":3,"featured_media":0,"parent":2293,"menu_order":0,"comment_status":"closed","ping_status":"closed","template":"","meta":{"footnotes":""},"class_list":["post-2312","page","type-page","status-publish","hentry"],"yoast_head":"<!-- This site is optimized with the Yoast SEO plugin v27.4 - https:\/\/yoast.com\/product\/yoast-seo-wordpress\/ -->\n<title>Chauffeurs exp\u00e9riment\u00e9s - Inter Iberica<\/title>\n<meta name=\"robots\" content=\"index, follow, max-snippet:-1, max-image-preview:large, max-video-preview:-1\" \/>\n<link rel=\"canonical\" href=\"https:\/\/www.inter-iberica.com\/fr\/qualite\/chauffeurs-experimentes\/\" \/>\n<meta property=\"og:locale\" content=\"fr_FR\" \/>\n<meta property=\"og:type\" content=\"article\" \/>\n<meta property=\"og:title\" content=\"Chauffeurs exp\u00e9riment\u00e9s - Inter Iberica\" \/>\n<meta property=\"og:description\" content=\"[vc_row][vc_column][vc_column_text]Tous les camions sont occup\u00e9s par des chauffeurs qualifi\u00e9s et\u00a0exp\u00e9riment\u00e9s.\u00a0Ils prennent l\u00b4affaire \u00e0 coeur et tous aiment de ne paslaisser tra\u00eener les choses.\u00a0Gr\u00e2ce \u00e0 eux vos produits arriveront \u00e0 tempset dans de bonnes conditions chez vos clients.[\/vc_column_text][\/vc_column][\/vc_row]\" \/>\n<meta property=\"og:url\" content=\"https:\/\/www.inter-iberica.com\/fr\/qualite\/chauffeurs-experimentes\/\" \/>\n<meta property=\"og:site_name\" content=\"Inter Iberica\" \/>\n<meta property=\"article:modified_time\" content=\"2020-09-08T10:50:59+00:00\" \/>\n<meta name=\"twitter:card\" content=\"summary_large_image\" \/>\n<script type=\"application\/ld+json\" class=\"yoast-schema-graph\">{\"@context\":\"https:\\\/\\\/schema.org\",\"@graph\":[{\"@type\":\"WebPage\",\"@id\":\"https:\\\/\\\/www.inter-iberica.com\\\/fr\\\/qualite\\\/chauffeurs-experimentes\\\/\",\"url\":\"https:\\\/\\\/www.inter-iberica.com\\\/fr\\\/qualite\\\/chauffeurs-experimentes\\\/\",\"name\":\"Chauffeurs exp\u00e9riment\u00e9s - Inter Iberica\",\"isPartOf\":{\"@id\":\"https:\\\/\\\/www.inter-iberica.com\\\/#website\"},\"datePublished\":\"2020-02-17T13:45:10+00:00\",\"dateModified\":\"2020-09-08T10:50:59+00:00\",\"breadcrumb\":{\"@id\":\"https:\\\/\\\/www.inter-iberica.com\\\/fr\\\/qualite\\\/chauffeurs-experimentes\\\/#breadcrumb\"},\"inLanguage\":\"fr-FR\",\"potentialAction\":[{\"@type\":\"ReadAction\",\"target\":[\"https:\\\/\\\/www.inter-iberica.com\\\/fr\\\/qualite\\\/chauffeurs-experimentes\\\/\"]}]},{\"@type\":\"BreadcrumbList\",\"@id\":\"https:\\\/\\\/www.inter-iberica.com\\\/fr\\\/qualite\\\/chauffeurs-experimentes\\\/#breadcrumb\",\"itemListElement\":[{\"@type\":\"ListItem\",\"position\":1,\"name\":\"Home\",\"item\":\"https:\\\/\\\/www.inter-iberica.com\\\/fr\\\/\"},{\"@type\":\"ListItem\",\"position\":2,\"name\":\"Qualit\u00e9\",\"item\":\"https:\\\/\\\/www.inter-iberica.com\\\/fr\\\/qualite\\\/\"},{\"@type\":\"ListItem\",\"position\":3,\"name\":\"Chauffeurs exp\u00e9riment\u00e9s\"}]},{\"@type\":\"WebSite\",\"@id\":\"https:\\\/\\\/www.inter-iberica.com\\\/#website\",\"url\":\"https:\\\/\\\/www.inter-iberica.com\\\/\",\"name\":\"Inter Iberica\",\"description\":\"\",\"potentialAction\":[{\"@type\":\"SearchAction\",\"target\":{\"@type\":\"EntryPoint\",\"urlTemplate\":\"https:\\\/\\\/www.inter-iberica.com\\\/?s={search_term_string}\"},\"query-input\":{\"@type\":\"PropertyValueSpecification\",\"valueRequired\":true,\"valueName\":\"search_term_string\"}}],\"inLanguage\":\"fr-FR\"}]}<\/script>\n<!-- \/ Yoast SEO plugin. -->","yoast_head_json":{"title":"Chauffeurs exp\u00e9riment\u00e9s - Inter Iberica","robots":{"index":"index","follow":"follow","max-snippet":"max-snippet:-1","max-image-preview":"max-image-preview:large","max-video-preview":"max-video-preview:-1"},"canonical":"https:\/\/www.inter-iberica.com\/fr\/qualite\/chauffeurs-experimentes\/","og_locale":"fr_FR","og_type":"article","og_title":"Chauffeurs exp\u00e9riment\u00e9s - Inter Iberica","og_description":"[vc_row][vc_column][vc_column_text]Tous les camions sont occup\u00e9s par des chauffeurs qualifi\u00e9s et\u00a0exp\u00e9riment\u00e9s.\u00a0Ils prennent l\u00b4affaire \u00e0 coeur et tous aiment de ne paslaisser tra\u00eener les choses.\u00a0Gr\u00e2ce \u00e0 eux vos produits arriveront \u00e0 tempset dans de bonnes conditions chez vos clients.[\/vc_column_text][\/vc_column][\/vc_row]","og_url":"https:\/\/www.inter-iberica.com\/fr\/qualite\/chauffeurs-experimentes\/","og_site_name":"Inter Iberica","article_modified_time":"2020-09-08T10:50:59+00:00","twitter_card":"summary_large_image","schema":{"@context":"https:\/\/schema.org","@graph":[{"@type":"WebPage","@id":"https:\/\/www.inter-iberica.com\/fr\/qualite\/chauffeurs-experimentes\/","url":"https:\/\/www.inter-iberica.com\/fr\/qualite\/chauffeurs-experimentes\/","name":"Chauffeurs exp\u00e9riment\u00e9s - Inter Iberica","isPartOf":{"@id":"https:\/\/www.inter-iberica.com\/#website"},"datePublished":"2020-02-17T13:45:10+00:00","dateModified":"2020-09-08T10:50:59+00:00","breadcrumb":{"@id":"https:\/\/www.inter-iberica.com\/fr\/qualite\/chauffeurs-experimentes\/#breadcrumb"},"inLanguage":"fr-FR","potentialAction":[{"@type":"ReadAction","target":["https:\/\/www.inter-iberica.com\/fr\/qualite\/chauffeurs-experimentes\/"]}]},{"@type":"BreadcrumbList","@id":"https:\/\/www.inter-iberica.com\/fr\/qualite\/chauffeurs-experimentes\/#breadcrumb","itemListElement":[{"@type":"ListItem","position":1,"name":"Home","item":"https:\/\/www.inter-iberica.com\/fr\/"},{"@type":"ListItem","position":2,"name":"Qualit\u00e9","item":"https:\/\/www.inter-iberica.com\/fr\/qualite\/"},{"@type":"ListItem","position":3,"name":"Chauffeurs exp\u00e9riment\u00e9s"}]},{"@type":"WebSite","@id":"https:\/\/www.inter-iberica.com\/#website","url":"https:\/\/www.inter-iberica.com\/","name":"Inter Iberica","description":"","potentialAction":[{"@type":"SearchAction","target":{"@type":"EntryPoint","urlTemplate":"https:\/\/www.inter-iberica.com\/?s={search_term_string}"},"query-input":{"@type":"PropertyValueSpecification","valueRequired":true,"valueName":"search_term_string"}}],"inLanguage":"fr-FR"}]}},"_links":{"self":[{"href":"https:\/\/www.inter-iberica.com\/fr\/wp-json\/wp\/v2\/pages\/2312","targetHints":{"allow":["GET"]}}],"collection":[{"href":"https:\/\/www.inter-iberica.com\/fr\/wp-json\/wp\/v2\/pages"}],"about":[{"href":"https:\/\/www.inter-iberica.com\/fr\/wp-json\/wp\/v2\/types\/page"}],"author":[{"embeddable":true,"href":"https:\/\/www.inter-iberica.com\/fr\/wp-json\/wp\/v2\/users\/3"}],"replies":[{"embeddable":true,"href":"https:\/\/www.inter-iberica.com\/fr\/wp-json\/wp\/v2\/comments?post=2312"}],"version-history":[{"count":4,"href":"https:\/\/www.inter-iberica.com\/fr\/wp-json\/wp\/v2\/pages\/2312\/revisions"}],"predecessor-version":[{"id":3356,"href":"https:\/\/www.inter-iberica.com\/fr\/wp-json\/wp\/v2\/pages\/2312\/revisions\/3356"}],"up":[{"embeddable":true,"href":"https:\/\/www.inter-iberica.com\/fr\/wp-json\/wp\/v2\/pages\/2293"}],"wp:attachment":[{"href":"https:\/\/www.inter-iberica.com\/fr\/wp-json\/wp\/v2\/media?parent=2312"}],"curies":[{"name":"wp","href":"https:\/\/api.w.org\/{rel}","templated":true}]}}