{"id":2304,"date":"2020-02-17T13:44:08","date_gmt":"2020-02-17T13:44:08","guid":{"rendered":"https:\/\/www.inter-iberica.com\/qualite\/tracking-tracing\/"},"modified":"2020-09-08T10:53:52","modified_gmt":"2020-09-08T10:53:52","slug":"tracking-tracing","status":"publish","type":"page","link":"https:\/\/www.inter-iberica.com\/fr\/qualite\/tracking-tracing\/","title":{"rendered":"Tracking &#038; tracing"},"content":{"rendered":"<div class=\"wpb-content-wrapper\"><p>[vc_row][vc_column][vc_column_text]Surveillance du transport par Tracking &amp; Tracing est \u00e9vidente pour nous. Le syst\u00e8me de Tracking &amp; Tracing traduit les signaux des satellites-GPS au moyen d\u00b4un module GPS (Syst\u00e8me de\u00a0Positionnement Global). Ces signaux nous permettent de localiser la position pr\u00e9cise du camion \u00e0 plusieurs m\u00e8tres, \u00e0 tout moment et partout dans le monde. Inter-Iberica peut suivre ses camions en temps r\u00e9el sur l\u00b4\u00e9cran.[\/vc_column_text][\/vc_column][\/vc_row]<\/p>\n<\/div>","protected":false},"excerpt":{"rendered":"<p>[vc_row][vc_column][vc_column_text]Surveillance du transport par Tracking &amp; Tracing est \u00e9vidente pour nous. Le syst\u00e8me de Tracking &amp; Tracing traduit les signaux des satellites-GPS au moyen d\u00b4un module GPS (Syst\u00e8me de\u00a0Positionnement Global). Ces signaux nous permettent de localiser la position pr\u00e9cise du camion \u00e0 plusieurs m\u00e8tres, \u00e0 tout moment et partout dans le monde. Inter-Iberica peut suivre [&hellip;]<\/p>\n","protected":false},"author":3,"featured_media":0,"parent":2293,"menu_order":0,"comment_status":"closed","ping_status":"closed","template":"","meta":{"footnotes":""},"class_list":["post-2304","page","type-page","status-publish","hentry"],"yoast_head":"<!-- This site is optimized with the Yoast SEO plugin v27.4 - https:\/\/yoast.com\/product\/yoast-seo-wordpress\/ -->\n<title>Tracking &amp; tracing - Inter Iberica<\/title>\n<meta name=\"robots\" content=\"index, follow, max-snippet:-1, max-image-preview:large, max-video-preview:-1\" \/>\n<link rel=\"canonical\" href=\"https:\/\/www.inter-iberica.com\/fr\/qualite\/tracking-tracing\/\" \/>\n<meta property=\"og:locale\" content=\"fr_FR\" \/>\n<meta property=\"og:type\" content=\"article\" \/>\n<meta property=\"og:title\" content=\"Tracking &amp; tracing - Inter Iberica\" \/>\n<meta property=\"og:description\" content=\"[vc_row][vc_column][vc_column_text]Surveillance du transport par Tracking &amp; Tracing est \u00e9vidente pour nous. Le syst\u00e8me de Tracking &amp; Tracing traduit les signaux des satellites-GPS au moyen d\u00b4un module GPS (Syst\u00e8me de\u00a0Positionnement Global). Ces signaux nous permettent de localiser la position pr\u00e9cise du camion \u00e0 plusieurs m\u00e8tres, \u00e0 tout moment et partout dans le monde. Inter-Iberica peut suivre [&hellip;]\" \/>\n<meta property=\"og:url\" content=\"https:\/\/www.inter-iberica.com\/fr\/qualite\/tracking-tracing\/\" \/>\n<meta property=\"og:site_name\" content=\"Inter Iberica\" \/>\n<meta property=\"article:modified_time\" content=\"2020-09-08T10:53:52+00:00\" \/>\n<meta name=\"twitter:card\" content=\"summary_large_image\" \/>\n<script type=\"application\/ld+json\" class=\"yoast-schema-graph\">{\"@context\":\"https:\\\/\\\/schema.org\",\"@graph\":[{\"@type\":\"WebPage\",\"@id\":\"https:\\\/\\\/www.inter-iberica.com\\\/fr\\\/qualite\\\/tracking-tracing\\\/\",\"url\":\"https:\\\/\\\/www.inter-iberica.com\\\/fr\\\/qualite\\\/tracking-tracing\\\/\",\"name\":\"Tracking & tracing - Inter Iberica\",\"isPartOf\":{\"@id\":\"https:\\\/\\\/www.inter-iberica.com\\\/#website\"},\"datePublished\":\"2020-02-17T13:44:08+00:00\",\"dateModified\":\"2020-09-08T10:53:52+00:00\",\"breadcrumb\":{\"@id\":\"https:\\\/\\\/www.inter-iberica.com\\\/fr\\\/qualite\\\/tracking-tracing\\\/#breadcrumb\"},\"inLanguage\":\"fr-FR\",\"potentialAction\":[{\"@type\":\"ReadAction\",\"target\":[\"https:\\\/\\\/www.inter-iberica.com\\\/fr\\\/qualite\\\/tracking-tracing\\\/\"]}]},{\"@type\":\"BreadcrumbList\",\"@id\":\"https:\\\/\\\/www.inter-iberica.com\\\/fr\\\/qualite\\\/tracking-tracing\\\/#breadcrumb\",\"itemListElement\":[{\"@type\":\"ListItem\",\"position\":1,\"name\":\"Home\",\"item\":\"https:\\\/\\\/www.inter-iberica.com\\\/fr\\\/\"},{\"@type\":\"ListItem\",\"position\":2,\"name\":\"Qualit\u00e9\",\"item\":\"https:\\\/\\\/www.inter-iberica.com\\\/fr\\\/qualite\\\/\"},{\"@type\":\"ListItem\",\"position\":3,\"name\":\"Tracking &#038; tracing\"}]},{\"@type\":\"WebSite\",\"@id\":\"https:\\\/\\\/www.inter-iberica.com\\\/#website\",\"url\":\"https:\\\/\\\/www.inter-iberica.com\\\/\",\"name\":\"Inter Iberica\",\"description\":\"\",\"potentialAction\":[{\"@type\":\"SearchAction\",\"target\":{\"@type\":\"EntryPoint\",\"urlTemplate\":\"https:\\\/\\\/www.inter-iberica.com\\\/?s={search_term_string}\"},\"query-input\":{\"@type\":\"PropertyValueSpecification\",\"valueRequired\":true,\"valueName\":\"search_term_string\"}}],\"inLanguage\":\"fr-FR\"}]}<\/script>\n<!-- \/ Yoast SEO plugin. -->","yoast_head_json":{"title":"Tracking & tracing - Inter Iberica","robots":{"index":"index","follow":"follow","max-snippet":"max-snippet:-1","max-image-preview":"max-image-preview:large","max-video-preview":"max-video-preview:-1"},"canonical":"https:\/\/www.inter-iberica.com\/fr\/qualite\/tracking-tracing\/","og_locale":"fr_FR","og_type":"article","og_title":"Tracking & tracing - Inter Iberica","og_description":"[vc_row][vc_column][vc_column_text]Surveillance du transport par Tracking &amp; Tracing est \u00e9vidente pour nous. Le syst\u00e8me de Tracking &amp; Tracing traduit les signaux des satellites-GPS au moyen d\u00b4un module GPS (Syst\u00e8me de\u00a0Positionnement Global). Ces signaux nous permettent de localiser la position pr\u00e9cise du camion \u00e0 plusieurs m\u00e8tres, \u00e0 tout moment et partout dans le monde. Inter-Iberica peut suivre [&hellip;]","og_url":"https:\/\/www.inter-iberica.com\/fr\/qualite\/tracking-tracing\/","og_site_name":"Inter Iberica","article_modified_time":"2020-09-08T10:53:52+00:00","twitter_card":"summary_large_image","schema":{"@context":"https:\/\/schema.org","@graph":[{"@type":"WebPage","@id":"https:\/\/www.inter-iberica.com\/fr\/qualite\/tracking-tracing\/","url":"https:\/\/www.inter-iberica.com\/fr\/qualite\/tracking-tracing\/","name":"Tracking & tracing - Inter Iberica","isPartOf":{"@id":"https:\/\/www.inter-iberica.com\/#website"},"datePublished":"2020-02-17T13:44:08+00:00","dateModified":"2020-09-08T10:53:52+00:00","breadcrumb":{"@id":"https:\/\/www.inter-iberica.com\/fr\/qualite\/tracking-tracing\/#breadcrumb"},"inLanguage":"fr-FR","potentialAction":[{"@type":"ReadAction","target":["https:\/\/www.inter-iberica.com\/fr\/qualite\/tracking-tracing\/"]}]},{"@type":"BreadcrumbList","@id":"https:\/\/www.inter-iberica.com\/fr\/qualite\/tracking-tracing\/#breadcrumb","itemListElement":[{"@type":"ListItem","position":1,"name":"Home","item":"https:\/\/www.inter-iberica.com\/fr\/"},{"@type":"ListItem","position":2,"name":"Qualit\u00e9","item":"https:\/\/www.inter-iberica.com\/fr\/qualite\/"},{"@type":"ListItem","position":3,"name":"Tracking &#038; tracing"}]},{"@type":"WebSite","@id":"https:\/\/www.inter-iberica.com\/#website","url":"https:\/\/www.inter-iberica.com\/","name":"Inter Iberica","description":"","potentialAction":[{"@type":"SearchAction","target":{"@type":"EntryPoint","urlTemplate":"https:\/\/www.inter-iberica.com\/?s={search_term_string}"},"query-input":{"@type":"PropertyValueSpecification","valueRequired":true,"valueName":"search_term_string"}}],"inLanguage":"fr-FR"}]}},"_links":{"self":[{"href":"https:\/\/www.inter-iberica.com\/fr\/wp-json\/wp\/v2\/pages\/2304","targetHints":{"allow":["GET"]}}],"collection":[{"href":"https:\/\/www.inter-iberica.com\/fr\/wp-json\/wp\/v2\/pages"}],"about":[{"href":"https:\/\/www.inter-iberica.com\/fr\/wp-json\/wp\/v2\/types\/page"}],"author":[{"embeddable":true,"href":"https:\/\/www.inter-iberica.com\/fr\/wp-json\/wp\/v2\/users\/3"}],"replies":[{"embeddable":true,"href":"https:\/\/www.inter-iberica.com\/fr\/wp-json\/wp\/v2\/comments?post=2304"}],"version-history":[{"count":3,"href":"https:\/\/www.inter-iberica.com\/fr\/wp-json\/wp\/v2\/pages\/2304\/revisions"}],"predecessor-version":[{"id":3366,"href":"https:\/\/www.inter-iberica.com\/fr\/wp-json\/wp\/v2\/pages\/2304\/revisions\/3366"}],"up":[{"embeddable":true,"href":"https:\/\/www.inter-iberica.com\/fr\/wp-json\/wp\/v2\/pages\/2293"}],"wp:attachment":[{"href":"https:\/\/www.inter-iberica.com\/fr\/wp-json\/wp\/v2\/media?parent=2304"}],"curies":[{"name":"wp","href":"https:\/\/api.w.org\/{rel}","templated":true}]}}