{"id":2293,"date":"2020-01-31T16:02:06","date_gmt":"2020-01-31T16:02:06","guid":{"rendered":"https:\/\/www.inter-iberica.com\/kwaliteit\/"},"modified":"2020-07-25T23:10:38","modified_gmt":"2020-07-25T23:10:38","slug":"qualite","status":"publish","type":"page","link":"https:\/\/www.inter-iberica.com\/fr\/qualite\/","title":{"rendered":"Qualit\u00e9"},"content":{"rendered":"<div class=\"wpb-content-wrapper\"><p>[vc_row full_width=&#8221;stretch_row&#8221; css=&#8221;.vc_custom_1580486463328{padding-top: 50px !important;padding-bottom: 50px !important;background-color: #f9f9f9 !important;}&#8221;][vc_column width=&#8221;1\/2&#8243;][cms_heading subtitle_margin_bottom=&#8221;12px&#8221; subtitle_color=&#8221;#f2193c&#8221; text=&#8221;Inter-Iberica est une organisation moderne qui fait beaucoup d\u00b4attention au service client\u00e8le, \u00e0 la fiabilit\u00e9 et \u00e0 la flexibilit\u00e9.&#8221; title_line_height=&#8221;46px&#8221; cms_template=&#8221;cms_heading&#8211;layout3.php&#8221;][\/vc_column][vc_column width=&#8221;1\/2&#8243;][vc_column_text]De plus nous attachons une grande importance \u00e0 la qualit\u00e9. Ces faits nous mettent \u00e0 m\u00eame de garantir une qualit\u00e9 optimale. Gr\u00e2ce \u00e0 notre personnel enthousiaste qui est vis\u00e9 au client, gr\u00e2ce aux facilit\u00e9s modernes et \u00e0 un vaste parc de v\u00e9hicules, nous sommes capables de vous offrir une gamme de service compl\u00e8te.[\/vc_column_text][\/vc_column][\/vc_row][vc_row][vc_column css=&#8221;.vc_custom_1555385548962{margin-bottom: 30px !important;}&#8221;][cms_space space_lg=&#8221;20&#8243; space_md=&#8221;20&#8243; space_sm=&#8221;20&#8243; space_xs=&#8221;20&#8243;][\/vc_column][\/vc_row][vc_row full_width=&#8221;stretch_row&#8221;][vc_column width=&#8221;1\/2&#8243; css=&#8221;.vc_custom_1580486250663{margin-right: 10px !important;margin-left: 20px !important;padding-top: 200px !important;padding-bottom: 200px !important;background-image: url(https:\/\/www.inter-iberica.com\/wp-content\/uploads\/2020\/01\/truck_heavy_03-scaled.jpg?id=1616) !important;background-position: center !important;background-repeat: no-repeat !important;background-size: cover !important;border-radius: 5px !important;}&#8221;][vc_custom_heading text=&#8221;Tracking &#038; Tracing&#8221; font_container=&#8221;tag:h2|text_align:center|color:%23ffffff&#8221; use_theme_fonts=&#8221;yes&#8221; link=&#8221;|||&#8221;][cms_button button_text=&#8221;Plus d&#8217;information&#8221; button_link=&#8221;url:%2Fqualite%2Ftracking-tracing%2F%3Flang%3Dfr|title:Tracking%20%26%20tracing||&#8221; align_lg=&#8221;align-center&#8221; align_md=&#8221;align-center-md&#8221; align_sm=&#8221;align-center-sm&#8221; align_xs=&#8221;align-center-xs&#8221; margin_top=&#8221;20px&#8221;][\/vc_column][vc_column width=&#8221;1\/2&#8243; css=&#8221;.vc_custom_1581946540050{margin-right: 20px !important;margin-left: 10px !important;padding-top: 200px !important;padding-bottom: 200px !important;background-image: url(https:\/\/www.inter-iberica.com\/wp-content\/uploads\/2020\/01\/adr-transport-scaled.jpg?id=1676) !important;background-position: center !important;background-repeat: no-repeat !important;background-size: cover !important;border-radius: 5px !important;}&#8221;][vc_custom_heading text=&#8221;Chauffeurs Exp\u00e9riment\u00e9s&#8221; font_container=&#8221;tag:h2|text_align:center|color:%23ffffff&#8221; use_theme_fonts=&#8221;yes&#8221;][cms_button button_text=&#8221;Plus d&#8217;information&#8221; button_link=&#8221;url:%2Fqualite%2Fchauffeurs-experimentes%2F%3Flang%3Dfr|title:Ervaren%20chauffeurs||&#8221; align_lg=&#8221;align-center&#8221; align_md=&#8221;align-center-md&#8221; align_sm=&#8221;align-center-sm&#8221; align_xs=&#8221;align-center-xs&#8221; margin_top=&#8221;20px&#8221;][\/vc_column][\/vc_row][vc_row][vc_column css=&#8221;.vc_custom_1555385548962{margin-bottom: 30px !important;}&#8221;][\/vc_column][\/vc_row][vc_row full_width=&#8221;stretch_row&#8221;][vc_column width=&#8221;1\/2&#8243; css=&#8221;.vc_custom_1581946572428{margin-right: 10px !important;margin-left: 20px !important;padding-top: 200px !important;padding-bottom: 200px !important;background-image: url(https:\/\/www.inter-iberica.com\/wp-content\/uploads\/2020\/01\/scheepsbevoorraading-1.jpg?id=1678) !important;background-position: center !important;background-repeat: no-repeat !important;background-size: cover !important;border-radius: 5px !important;}&#8221;][vc_custom_heading text=&#8221;Mandat &#038; Vision&#8221; font_container=&#8221;tag:h2|text_align:center|color:%23ffffff&#8221; use_theme_fonts=&#8221;yes&#8221;][cms_button button_text=&#8221;Plus d&#8217;information&#8221; button_link=&#8221;url:%2Fqualite%2Fmandat-vision%2F%3Flang%3Dfr|title:Tracking%20%26%20tracing||&#8221; align_lg=&#8221;align-center&#8221; align_md=&#8221;align-center-md&#8221; align_sm=&#8221;align-center-sm&#8221; align_xs=&#8221;align-center-xs&#8221; margin_top=&#8221;20px&#8221;][\/vc_column][vc_column width=&#8221;1\/2&#8243; css=&#8221;.vc_custom_1581946607363{margin-right: 20px !important;margin-left: 10px !important;padding-top: 200px !important;padding-bottom: 200px !important;background-image: url(https:\/\/www.inter-iberica.com\/wp-content\/uploads\/2019\/03\/warehousing.jpg?id=1625) !important;background-position: center !important;background-repeat: no-repeat !important;background-size: cover !important;border-radius: 5px !important;}&#8221;][vc_custom_heading text=&#8221;Certifications&#8221; font_container=&#8221;tag:h2|text_align:center|color:%23ffffff&#8221; use_theme_fonts=&#8221;yes&#8221;][cms_button button_text=&#8221;Plus d&#8217;information&#8221; button_link=&#8221;url:%2Fqualite%2Fcertifications%2F%3Flang%3Dfr|title:Tracking%20%26%20tracing||&#8221; align_lg=&#8221;align-center&#8221; align_md=&#8221;align-center-md&#8221; align_sm=&#8221;align-center-sm&#8221; align_xs=&#8221;align-center-xs&#8221; margin_top=&#8221;20px&#8221;][\/vc_column][\/vc_row][vc_row][vc_column css=&#8221;.vc_custom_1555385548962{margin-bottom: 30px !important;}&#8221;][cms_space space_lg=&#8221;90&#8243;][\/vc_column][\/vc_row]<\/p>\n<\/div>","protected":false},"excerpt":{"rendered":"<p>[vc_row full_width=&#8221;stretch_row&#8221; css=&#8221;.vc_custom_1580486463328{padding-top: 50px !important;padding-bottom: 50px !important;background-color: #f9f9f9 !important;}&#8221;][vc_column width=&#8221;1\/2&#8243;][cms_heading subtitle_margin_bottom=&#8221;12px&#8221; subtitle_color=&#8221;#f2193c&#8221; text=&#8221;Inter-Iberica est une organisation moderne qui fait beaucoup d\u00b4attention au service client\u00e8le, \u00e0 la fiabilit\u00e9 et \u00e0 la flexibilit\u00e9.&#8221; title_line_height=&#8221;46px&#8221; cms_template=&#8221;cms_heading&#8211;layout3.php&#8221;][\/vc_column][vc_column width=&#8221;1\/2&#8243;][vc_column_text]De plus nous attachons une grande importance \u00e0 la qualit\u00e9. Ces faits nous mettent \u00e0 m\u00eame de garantir une qualit\u00e9 optimale. Gr\u00e2ce [&hellip;]<\/p>\n","protected":false},"author":3,"featured_media":0,"parent":0,"menu_order":0,"comment_status":"closed","ping_status":"closed","template":"","meta":{"footnotes":""},"class_list":["post-2293","page","type-page","status-publish","hentry"],"yoast_head":"<!-- This site is optimized with the Yoast SEO plugin v27.4 - https:\/\/yoast.com\/product\/yoast-seo-wordpress\/ -->\n<title>Qualit\u00e9 - Inter Iberica<\/title>\n<meta name=\"robots\" content=\"index, follow, max-snippet:-1, max-image-preview:large, max-video-preview:-1\" \/>\n<link rel=\"canonical\" href=\"https:\/\/www.inter-iberica.com\/fr\/qualite\/\" \/>\n<meta property=\"og:locale\" content=\"fr_FR\" \/>\n<meta property=\"og:type\" content=\"article\" \/>\n<meta property=\"og:title\" content=\"Qualit\u00e9 - Inter Iberica\" \/>\n<meta property=\"og:description\" content=\"[vc_row full_width=&#8221;stretch_row&#8221; css=&#8221;.vc_custom_1580486463328{padding-top: 50px !important;padding-bottom: 50px !important;background-color: #f9f9f9 !important;}&#8221;][vc_column width=&#8221;1\/2&#8243;][cms_heading subtitle_margin_bottom=&#8221;12px&#8221; subtitle_color=&#8221;#f2193c&#8221; text=&#8221;Inter-Iberica est une organisation moderne qui fait beaucoup d\u00b4attention au service client\u00e8le, \u00e0 la fiabilit\u00e9 et \u00e0 la flexibilit\u00e9.&#8221; title_line_height=&#8221;46px&#8221; cms_template=&#8221;cms_heading&#8211;layout3.php&#8221;][\/vc_column][vc_column width=&#8221;1\/2&#8243;][vc_column_text]De plus nous attachons une grande importance \u00e0 la qualit\u00e9. Ces faits nous mettent \u00e0 m\u00eame de garantir une qualit\u00e9 optimale. Gr\u00e2ce [&hellip;]\" \/>\n<meta property=\"og:url\" content=\"https:\/\/www.inter-iberica.com\/fr\/qualite\/\" \/>\n<meta property=\"og:site_name\" content=\"Inter Iberica\" \/>\n<meta property=\"article:modified_time\" content=\"2020-07-25T23:10:38+00:00\" \/>\n<meta name=\"twitter:card\" content=\"summary_large_image\" \/>\n<meta name=\"twitter:label1\" content=\"Dur\u00e9e de lecture estim\u00e9e\" \/>\n\t<meta name=\"twitter:data1\" content=\"3 minutes\" \/>\n<script type=\"application\/ld+json\" class=\"yoast-schema-graph\">{\"@context\":\"https:\\\/\\\/schema.org\",\"@graph\":[{\"@type\":\"WebPage\",\"@id\":\"https:\\\/\\\/www.inter-iberica.com\\\/fr\\\/qualite\\\/\",\"url\":\"https:\\\/\\\/www.inter-iberica.com\\\/fr\\\/qualite\\\/\",\"name\":\"Qualit\u00e9 - Inter Iberica\",\"isPartOf\":{\"@id\":\"https:\\\/\\\/www.inter-iberica.com\\\/#website\"},\"datePublished\":\"2020-01-31T16:02:06+00:00\",\"dateModified\":\"2020-07-25T23:10:38+00:00\",\"breadcrumb\":{\"@id\":\"https:\\\/\\\/www.inter-iberica.com\\\/fr\\\/qualite\\\/#breadcrumb\"},\"inLanguage\":\"fr-FR\",\"potentialAction\":[{\"@type\":\"ReadAction\",\"target\":[\"https:\\\/\\\/www.inter-iberica.com\\\/fr\\\/qualite\\\/\"]}]},{\"@type\":\"BreadcrumbList\",\"@id\":\"https:\\\/\\\/www.inter-iberica.com\\\/fr\\\/qualite\\\/#breadcrumb\",\"itemListElement\":[{\"@type\":\"ListItem\",\"position\":1,\"name\":\"Home\",\"item\":\"https:\\\/\\\/www.inter-iberica.com\\\/fr\\\/\"},{\"@type\":\"ListItem\",\"position\":2,\"name\":\"Qualit\u00e9\"}]},{\"@type\":\"WebSite\",\"@id\":\"https:\\\/\\\/www.inter-iberica.com\\\/#website\",\"url\":\"https:\\\/\\\/www.inter-iberica.com\\\/\",\"name\":\"Inter Iberica\",\"description\":\"\",\"potentialAction\":[{\"@type\":\"SearchAction\",\"target\":{\"@type\":\"EntryPoint\",\"urlTemplate\":\"https:\\\/\\\/www.inter-iberica.com\\\/?s={search_term_string}\"},\"query-input\":{\"@type\":\"PropertyValueSpecification\",\"valueRequired\":true,\"valueName\":\"search_term_string\"}}],\"inLanguage\":\"fr-FR\"}]}<\/script>\n<!-- \/ Yoast SEO plugin. -->","yoast_head_json":{"title":"Qualit\u00e9 - Inter Iberica","robots":{"index":"index","follow":"follow","max-snippet":"max-snippet:-1","max-image-preview":"max-image-preview:large","max-video-preview":"max-video-preview:-1"},"canonical":"https:\/\/www.inter-iberica.com\/fr\/qualite\/","og_locale":"fr_FR","og_type":"article","og_title":"Qualit\u00e9 - Inter Iberica","og_description":"[vc_row full_width=&#8221;stretch_row&#8221; css=&#8221;.vc_custom_1580486463328{padding-top: 50px !important;padding-bottom: 50px !important;background-color: #f9f9f9 !important;}&#8221;][vc_column width=&#8221;1\/2&#8243;][cms_heading subtitle_margin_bottom=&#8221;12px&#8221; subtitle_color=&#8221;#f2193c&#8221; text=&#8221;Inter-Iberica est une organisation moderne qui fait beaucoup d\u00b4attention au service client\u00e8le, \u00e0 la fiabilit\u00e9 et \u00e0 la flexibilit\u00e9.&#8221; title_line_height=&#8221;46px&#8221; cms_template=&#8221;cms_heading&#8211;layout3.php&#8221;][\/vc_column][vc_column width=&#8221;1\/2&#8243;][vc_column_text]De plus nous attachons une grande importance \u00e0 la qualit\u00e9. Ces faits nous mettent \u00e0 m\u00eame de garantir une qualit\u00e9 optimale. Gr\u00e2ce [&hellip;]","og_url":"https:\/\/www.inter-iberica.com\/fr\/qualite\/","og_site_name":"Inter Iberica","article_modified_time":"2020-07-25T23:10:38+00:00","twitter_card":"summary_large_image","twitter_misc":{"Dur\u00e9e de lecture estim\u00e9e":"3 minutes"},"schema":{"@context":"https:\/\/schema.org","@graph":[{"@type":"WebPage","@id":"https:\/\/www.inter-iberica.com\/fr\/qualite\/","url":"https:\/\/www.inter-iberica.com\/fr\/qualite\/","name":"Qualit\u00e9 - Inter Iberica","isPartOf":{"@id":"https:\/\/www.inter-iberica.com\/#website"},"datePublished":"2020-01-31T16:02:06+00:00","dateModified":"2020-07-25T23:10:38+00:00","breadcrumb":{"@id":"https:\/\/www.inter-iberica.com\/fr\/qualite\/#breadcrumb"},"inLanguage":"fr-FR","potentialAction":[{"@type":"ReadAction","target":["https:\/\/www.inter-iberica.com\/fr\/qualite\/"]}]},{"@type":"BreadcrumbList","@id":"https:\/\/www.inter-iberica.com\/fr\/qualite\/#breadcrumb","itemListElement":[{"@type":"ListItem","position":1,"name":"Home","item":"https:\/\/www.inter-iberica.com\/fr\/"},{"@type":"ListItem","position":2,"name":"Qualit\u00e9"}]},{"@type":"WebSite","@id":"https:\/\/www.inter-iberica.com\/#website","url":"https:\/\/www.inter-iberica.com\/","name":"Inter Iberica","description":"","potentialAction":[{"@type":"SearchAction","target":{"@type":"EntryPoint","urlTemplate":"https:\/\/www.inter-iberica.com\/?s={search_term_string}"},"query-input":{"@type":"PropertyValueSpecification","valueRequired":true,"valueName":"search_term_string"}}],"inLanguage":"fr-FR"}]}},"_links":{"self":[{"href":"https:\/\/www.inter-iberica.com\/fr\/wp-json\/wp\/v2\/pages\/2293","targetHints":{"allow":["GET"]}}],"collection":[{"href":"https:\/\/www.inter-iberica.com\/fr\/wp-json\/wp\/v2\/pages"}],"about":[{"href":"https:\/\/www.inter-iberica.com\/fr\/wp-json\/wp\/v2\/types\/page"}],"author":[{"embeddable":true,"href":"https:\/\/www.inter-iberica.com\/fr\/wp-json\/wp\/v2\/users\/3"}],"replies":[{"embeddable":true,"href":"https:\/\/www.inter-iberica.com\/fr\/wp-json\/wp\/v2\/comments?post=2293"}],"version-history":[{"count":3,"href":"https:\/\/www.inter-iberica.com\/fr\/wp-json\/wp\/v2\/pages\/2293\/revisions"}],"predecessor-version":[{"id":3127,"href":"https:\/\/www.inter-iberica.com\/fr\/wp-json\/wp\/v2\/pages\/2293\/revisions\/3127"}],"wp:attachment":[{"href":"https:\/\/www.inter-iberica.com\/fr\/wp-json\/wp\/v2\/media?parent=2293"}],"curies":[{"name":"wp","href":"https:\/\/api.w.org\/{rel}","templated":true}]}}