{"id":2188,"date":"2020-04-30T11:13:08","date_gmt":"2020-04-30T11:13:08","guid":{"rendered":"https:\/\/www.inter-iberica.com\/services\/warehousing\/"},"modified":"2020-09-08T10:44:03","modified_gmt":"2020-09-08T10:44:03","slug":"entreposage","status":"publish","type":"page","link":"https:\/\/www.inter-iberica.com\/fr\/services\/entreposage\/","title":{"rendered":"Entreposage"},"content":{"rendered":"<div class=\"wpb-content-wrapper\"><p>[vc_row][vc_column css=&#8221;.vc_custom_1552704895602{margin-top: -5px !important;}&#8221;][cms_heading text=&#8221;Entreposage&#8221; tag=&#8221;h4&#8243; text_color=&#8221;#222222&#8243; cms_template=&#8221;cms_heading.php&#8221;][vc_column_text css=&#8221;.vc_custom_1594505205172{margin-bottom: 22px !important;}&#8221;]Sur demande Inter-Iberica se charge de toutes les t\u00e2ches de la r\u00e9ception de commande, telle que le trasbordement, le stockage, la gestion des stocks, l\u00b4emballage, l\u00b4\u00e9tiquetage, jusqu\u00b4\u00e0 la facturation. En dehors d\u00b4un parc moderne de v\u00e9hicules, nous disposons de diverses facilit\u00e9s de stockage et de transfert conditionn\u00e9es et (non-)conditionn\u00e9es aux endroits g\u00e9ographiquement strat\u00e9giques. En m\u00eame temps nous nous servons de syst\u00e8mes d\u00b4automatisation et d\u00b4informatisation efficaces.<\/p>\n<p>Entreposage signifie chez nous:<\/p>\n<ul>\n<li>Le client peut venir \u00e0 notre entreprise avec son stock de production ou de marchandises.<\/li>\n<li>Sur demande nous d\u00e9chargons le client de la gestion des donn\u00e9es de stock.<\/li>\n<li>En vertu du syst\u00e8me de surveillance cam\u00e9ra.<\/li>\n<li>Avec certificat de Tapa.<\/li>\n<li>Avec syst\u00e8me de gestion d&#8217;entrep\u00f4t.<\/li>\n<li>Prendre connaissance des stocks actuels 24 heures par jour.<\/li>\n<li>Livraison du stock sur demande.<\/li>\n<li>Les accords de livraison avec le client peuvent \u00eatre observes juste \u00e0 temps (Just in Time).<\/li>\n<\/ul>\n<p>Ainsi nous vous offrons une capacit\u00e9 qui fait du placement du transport et de l\u00b4entreposage \u00e0 Inter-Iberica une combinaison attrayante et int\u00e9ressante pour vous. Car faire des affaires avec une seule partie vous offre clarit\u00e9 et vitesse.[\/vc_column_text][\/vc_column][\/vc_row]<\/p>\n<\/div>","protected":false},"excerpt":{"rendered":"<p>[vc_row][vc_column css=&#8221;.vc_custom_1552704895602{margin-top: -5px !important;}&#8221;][cms_heading text=&#8221;Entreposage&#8221; tag=&#8221;h4&#8243; text_color=&#8221;#222222&#8243; cms_template=&#8221;cms_heading.php&#8221;][vc_column_text css=&#8221;.vc_custom_1594505205172{margin-bottom: 22px !important;}&#8221;]Sur demande Inter-Iberica se charge de toutes les t\u00e2ches de la r\u00e9ception de commande, telle que le trasbordement, le stockage, la gestion des stocks, l\u00b4emballage, l\u00b4\u00e9tiquetage, jusqu\u00b4\u00e0 la facturation. En dehors d\u00b4un parc moderne de v\u00e9hicules, nous disposons de diverses facilit\u00e9s de stockage et de [&hellip;]<\/p>\n","protected":false},"author":3,"featured_media":0,"parent":2113,"menu_order":0,"comment_status":"closed","ping_status":"closed","template":"","meta":{"footnotes":""},"class_list":["post-2188","page","type-page","status-publish","hentry"],"yoast_head":"<!-- This site is optimized with the Yoast SEO plugin v27.4 - https:\/\/yoast.com\/product\/yoast-seo-wordpress\/ -->\n<title>Entreposage - Inter Iberica<\/title>\n<meta name=\"robots\" content=\"index, follow, max-snippet:-1, max-image-preview:large, max-video-preview:-1\" \/>\n<link rel=\"canonical\" href=\"https:\/\/www.inter-iberica.com\/fr\/services\/entreposage\/\" \/>\n<meta property=\"og:locale\" content=\"fr_FR\" \/>\n<meta property=\"og:type\" content=\"article\" \/>\n<meta property=\"og:title\" content=\"Entreposage - Inter Iberica\" \/>\n<meta property=\"og:description\" content=\"[vc_row][vc_column css=&#8221;.vc_custom_1552704895602{margin-top: -5px !important;}&#8221;][cms_heading text=&#8221;Entreposage&#8221; tag=&#8221;h4&#8243; text_color=&#8221;#222222&#8243; cms_template=&#8221;cms_heading.php&#8221;][vc_column_text css=&#8221;.vc_custom_1594505205172{margin-bottom: 22px !important;}&#8221;]Sur demande Inter-Iberica se charge de toutes les t\u00e2ches de la r\u00e9ception de commande, telle que le trasbordement, le stockage, la gestion des stocks, l\u00b4emballage, l\u00b4\u00e9tiquetage, jusqu\u00b4\u00e0 la facturation. En dehors d\u00b4un parc moderne de v\u00e9hicules, nous disposons de diverses facilit\u00e9s de stockage et de [&hellip;]\" \/>\n<meta property=\"og:url\" content=\"https:\/\/www.inter-iberica.com\/fr\/services\/entreposage\/\" \/>\n<meta property=\"og:site_name\" content=\"Inter Iberica\" \/>\n<meta property=\"article:modified_time\" content=\"2020-09-08T10:44:03+00:00\" \/>\n<meta name=\"twitter:card\" content=\"summary_large_image\" \/>\n<meta name=\"twitter:label1\" content=\"Dur\u00e9e de lecture estim\u00e9e\" \/>\n\t<meta name=\"twitter:data1\" content=\"1 minute\" \/>\n<script type=\"application\/ld+json\" class=\"yoast-schema-graph\">{\"@context\":\"https:\\\/\\\/schema.org\",\"@graph\":[{\"@type\":\"WebPage\",\"@id\":\"https:\\\/\\\/www.inter-iberica.com\\\/fr\\\/services\\\/entreposage\\\/\",\"url\":\"https:\\\/\\\/www.inter-iberica.com\\\/fr\\\/services\\\/entreposage\\\/\",\"name\":\"Entreposage - Inter Iberica\",\"isPartOf\":{\"@id\":\"https:\\\/\\\/www.inter-iberica.com\\\/#website\"},\"datePublished\":\"2020-04-30T11:13:08+00:00\",\"dateModified\":\"2020-09-08T10:44:03+00:00\",\"breadcrumb\":{\"@id\":\"https:\\\/\\\/www.inter-iberica.com\\\/fr\\\/services\\\/entreposage\\\/#breadcrumb\"},\"inLanguage\":\"fr-FR\",\"potentialAction\":[{\"@type\":\"ReadAction\",\"target\":[\"https:\\\/\\\/www.inter-iberica.com\\\/fr\\\/services\\\/entreposage\\\/\"]}]},{\"@type\":\"BreadcrumbList\",\"@id\":\"https:\\\/\\\/www.inter-iberica.com\\\/fr\\\/services\\\/entreposage\\\/#breadcrumb\",\"itemListElement\":[{\"@type\":\"ListItem\",\"position\":1,\"name\":\"Home\",\"item\":\"https:\\\/\\\/www.inter-iberica.com\\\/fr\\\/\"},{\"@type\":\"ListItem\",\"position\":2,\"name\":\"Services\",\"item\":\"https:\\\/\\\/www.inter-iberica.com\\\/fr\\\/services\\\/\"},{\"@type\":\"ListItem\",\"position\":3,\"name\":\"Entreposage\"}]},{\"@type\":\"WebSite\",\"@id\":\"https:\\\/\\\/www.inter-iberica.com\\\/#website\",\"url\":\"https:\\\/\\\/www.inter-iberica.com\\\/\",\"name\":\"Inter Iberica\",\"description\":\"\",\"potentialAction\":[{\"@type\":\"SearchAction\",\"target\":{\"@type\":\"EntryPoint\",\"urlTemplate\":\"https:\\\/\\\/www.inter-iberica.com\\\/?s={search_term_string}\"},\"query-input\":{\"@type\":\"PropertyValueSpecification\",\"valueRequired\":true,\"valueName\":\"search_term_string\"}}],\"inLanguage\":\"fr-FR\"}]}<\/script>\n<!-- \/ Yoast SEO plugin. -->","yoast_head_json":{"title":"Entreposage - Inter Iberica","robots":{"index":"index","follow":"follow","max-snippet":"max-snippet:-1","max-image-preview":"max-image-preview:large","max-video-preview":"max-video-preview:-1"},"canonical":"https:\/\/www.inter-iberica.com\/fr\/services\/entreposage\/","og_locale":"fr_FR","og_type":"article","og_title":"Entreposage - Inter Iberica","og_description":"[vc_row][vc_column css=&#8221;.vc_custom_1552704895602{margin-top: -5px !important;}&#8221;][cms_heading text=&#8221;Entreposage&#8221; tag=&#8221;h4&#8243; text_color=&#8221;#222222&#8243; cms_template=&#8221;cms_heading.php&#8221;][vc_column_text css=&#8221;.vc_custom_1594505205172{margin-bottom: 22px !important;}&#8221;]Sur demande Inter-Iberica se charge de toutes les t\u00e2ches de la r\u00e9ception de commande, telle que le trasbordement, le stockage, la gestion des stocks, l\u00b4emballage, l\u00b4\u00e9tiquetage, jusqu\u00b4\u00e0 la facturation. En dehors d\u00b4un parc moderne de v\u00e9hicules, nous disposons de diverses facilit\u00e9s de stockage et de [&hellip;]","og_url":"https:\/\/www.inter-iberica.com\/fr\/services\/entreposage\/","og_site_name":"Inter Iberica","article_modified_time":"2020-09-08T10:44:03+00:00","twitter_card":"summary_large_image","twitter_misc":{"Dur\u00e9e de lecture estim\u00e9e":"1 minute"},"schema":{"@context":"https:\/\/schema.org","@graph":[{"@type":"WebPage","@id":"https:\/\/www.inter-iberica.com\/fr\/services\/entreposage\/","url":"https:\/\/www.inter-iberica.com\/fr\/services\/entreposage\/","name":"Entreposage - Inter Iberica","isPartOf":{"@id":"https:\/\/www.inter-iberica.com\/#website"},"datePublished":"2020-04-30T11:13:08+00:00","dateModified":"2020-09-08T10:44:03+00:00","breadcrumb":{"@id":"https:\/\/www.inter-iberica.com\/fr\/services\/entreposage\/#breadcrumb"},"inLanguage":"fr-FR","potentialAction":[{"@type":"ReadAction","target":["https:\/\/www.inter-iberica.com\/fr\/services\/entreposage\/"]}]},{"@type":"BreadcrumbList","@id":"https:\/\/www.inter-iberica.com\/fr\/services\/entreposage\/#breadcrumb","itemListElement":[{"@type":"ListItem","position":1,"name":"Home","item":"https:\/\/www.inter-iberica.com\/fr\/"},{"@type":"ListItem","position":2,"name":"Services","item":"https:\/\/www.inter-iberica.com\/fr\/services\/"},{"@type":"ListItem","position":3,"name":"Entreposage"}]},{"@type":"WebSite","@id":"https:\/\/www.inter-iberica.com\/#website","url":"https:\/\/www.inter-iberica.com\/","name":"Inter Iberica","description":"","potentialAction":[{"@type":"SearchAction","target":{"@type":"EntryPoint","urlTemplate":"https:\/\/www.inter-iberica.com\/?s={search_term_string}"},"query-input":{"@type":"PropertyValueSpecification","valueRequired":true,"valueName":"search_term_string"}}],"inLanguage":"fr-FR"}]}},"_links":{"self":[{"href":"https:\/\/www.inter-iberica.com\/fr\/wp-json\/wp\/v2\/pages\/2188","targetHints":{"allow":["GET"]}}],"collection":[{"href":"https:\/\/www.inter-iberica.com\/fr\/wp-json\/wp\/v2\/pages"}],"about":[{"href":"https:\/\/www.inter-iberica.com\/fr\/wp-json\/wp\/v2\/types\/page"}],"author":[{"embeddable":true,"href":"https:\/\/www.inter-iberica.com\/fr\/wp-json\/wp\/v2\/users\/3"}],"replies":[{"embeddable":true,"href":"https:\/\/www.inter-iberica.com\/fr\/wp-json\/wp\/v2\/comments?post=2188"}],"version-history":[{"count":3,"href":"https:\/\/www.inter-iberica.com\/fr\/wp-json\/wp\/v2\/pages\/2188\/revisions"}],"predecessor-version":[{"id":3346,"href":"https:\/\/www.inter-iberica.com\/fr\/wp-json\/wp\/v2\/pages\/2188\/revisions\/3346"}],"up":[{"embeddable":true,"href":"https:\/\/www.inter-iberica.com\/fr\/wp-json\/wp\/v2\/pages\/2113"}],"wp:attachment":[{"href":"https:\/\/www.inter-iberica.com\/fr\/wp-json\/wp\/v2\/media?parent=2188"}],"curies":[{"name":"wp","href":"https:\/\/api.w.org\/{rel}","templated":true}]}}