{"id":2168,"date":"2020-04-30T11:05:41","date_gmt":"2020-04-30T11:05:41","guid":{"rendered":"https:\/\/www.inter-iberica.com\/services\/spoedtransport\/"},"modified":"2020-08-26T16:45:11","modified_gmt":"2020-08-26T16:45:11","slug":"transports-durgence","status":"publish","type":"page","link":"https:\/\/www.inter-iberica.com\/fr\/services\/transports-durgence\/","title":{"rendered":"Transports d\u00b4urgence"},"content":{"rendered":"<div class=\"wpb-content-wrapper\"><p>[vc_row][vc_column css=&#8221;.vc_custom_1552704895602{margin-top: -5px !important;}&#8221;][cms_heading text=&#8221;Transports d\u00b4urgence&#8221; tag=&#8221;h4&#8243; text_color=&#8221;#222222&#8243; cms_template=&#8221;cms_heading.php&#8221;][vc_column_text css=&#8221;.vc_custom_1594504172038{margin-bottom: 22px !important;}&#8221;]Il s\u00b4agit du temps en cas de transports d\u00b4urgence. Inter-Ib\u00e9rica d\u00e9charge le client de tous les soins, afin de livrer son envoi urgent au temps voulu. Inter-Ib\u00e9rica s\u00b4occupe des destinations dans toute l\u00b4Europe. Si l\u00b4on est oblig\u00e9 par la loi concernant le temps de conduite de faire conduire deux chauffeurs, on sera capable d\u00b4agir rapidement. Les marchandises sont transport\u00e9es dans des unit\u00e9s ferm\u00e9es ayant une liaison par satellite. Toutes les unit\u00e9s disposent de \u00b4boutons d\u00b4urgence\u00b4, par lesquels les centres d\u00b4urgence dans toute l\u00b4Europe sont en contact avec les camions, afin de pouvoir intervenir d\u00b4une mani\u00e8re ad\u00e9quate. De cette fa\u00e7on on exclut, autant que posible, d\u00b4\u00e9ventuels dangers.[\/vc_column_text][\/vc_column][\/vc_row]<\/p>\n<\/div>","protected":false},"excerpt":{"rendered":"<p>[vc_row][vc_column css=&#8221;.vc_custom_1552704895602{margin-top: -5px !important;}&#8221;][cms_heading text=&#8221;Transports d\u00b4urgence&#8221; tag=&#8221;h4&#8243; text_color=&#8221;#222222&#8243; cms_template=&#8221;cms_heading.php&#8221;][vc_column_text css=&#8221;.vc_custom_1594504172038{margin-bottom: 22px !important;}&#8221;]Il s\u00b4agit du temps en cas de transports d\u00b4urgence. Inter-Ib\u00e9rica d\u00e9charge le client de tous les soins, afin de livrer son envoi urgent au temps voulu. Inter-Ib\u00e9rica s\u00b4occupe des destinations dans toute l\u00b4Europe. Si l\u00b4on est oblig\u00e9 par la loi concernant le temps de [&hellip;]<\/p>\n","protected":false},"author":3,"featured_media":0,"parent":2113,"menu_order":0,"comment_status":"closed","ping_status":"closed","template":"","meta":{"footnotes":""},"class_list":["post-2168","page","type-page","status-publish","hentry"],"yoast_head":"<!-- This site is optimized with the Yoast SEO plugin v27.2 - https:\/\/yoast.com\/product\/yoast-seo-wordpress\/ -->\n<title>Transports d\u00b4urgence - Inter Iberica<\/title>\n<meta name=\"robots\" content=\"index, follow, max-snippet:-1, max-image-preview:large, max-video-preview:-1\" \/>\n<link rel=\"canonical\" href=\"https:\/\/www.inter-iberica.com\/fr\/services\/transports-durgence\/\" \/>\n<meta property=\"og:locale\" content=\"fr_FR\" \/>\n<meta property=\"og:type\" content=\"article\" \/>\n<meta property=\"og:title\" content=\"Transports d\u00b4urgence - Inter Iberica\" \/>\n<meta property=\"og:description\" content=\"[vc_row][vc_column css=&#8221;.vc_custom_1552704895602{margin-top: -5px !important;}&#8221;][cms_heading text=&#8221;Transports d\u00b4urgence&#8221; tag=&#8221;h4&#8243; text_color=&#8221;#222222&#8243; cms_template=&#8221;cms_heading.php&#8221;][vc_column_text css=&#8221;.vc_custom_1594504172038{margin-bottom: 22px !important;}&#8221;]Il s\u00b4agit du temps en cas de transports d\u00b4urgence. Inter-Ib\u00e9rica d\u00e9charge le client de tous les soins, afin de livrer son envoi urgent au temps voulu. Inter-Ib\u00e9rica s\u00b4occupe des destinations dans toute l\u00b4Europe. Si l\u00b4on est oblig\u00e9 par la loi concernant le temps de [&hellip;]\" \/>\n<meta property=\"og:url\" content=\"https:\/\/www.inter-iberica.com\/fr\/services\/transports-durgence\/\" \/>\n<meta property=\"og:site_name\" content=\"Inter Iberica\" \/>\n<meta property=\"article:modified_time\" content=\"2020-08-26T16:45:11+00:00\" \/>\n<meta name=\"twitter:card\" content=\"summary_large_image\" \/>\n<meta name=\"twitter:label1\" content=\"Dur\u00e9e de lecture estim\u00e9e\" \/>\n\t<meta name=\"twitter:data1\" content=\"1 minute\" \/>\n<script type=\"application\/ld+json\" class=\"yoast-schema-graph\">{\"@context\":\"https:\/\/schema.org\",\"@graph\":[{\"@type\":\"WebPage\",\"@id\":\"https:\/\/www.inter-iberica.com\/fr\/services\/transports-durgence\/\",\"url\":\"https:\/\/www.inter-iberica.com\/fr\/services\/transports-durgence\/\",\"name\":\"Transports d\u00b4urgence - Inter Iberica\",\"isPartOf\":{\"@id\":\"https:\/\/www.inter-iberica.com\/#website\"},\"datePublished\":\"2020-04-30T11:05:41+00:00\",\"dateModified\":\"2020-08-26T16:45:11+00:00\",\"breadcrumb\":{\"@id\":\"https:\/\/www.inter-iberica.com\/fr\/services\/transports-durgence\/#breadcrumb\"},\"inLanguage\":\"fr-FR\",\"potentialAction\":[{\"@type\":\"ReadAction\",\"target\":[\"https:\/\/www.inter-iberica.com\/fr\/services\/transports-durgence\/\"]}]},{\"@type\":\"BreadcrumbList\",\"@id\":\"https:\/\/www.inter-iberica.com\/fr\/services\/transports-durgence\/#breadcrumb\",\"itemListElement\":[{\"@type\":\"ListItem\",\"position\":1,\"name\":\"Home\",\"item\":\"https:\/\/www.inter-iberica.com\/fr\/\"},{\"@type\":\"ListItem\",\"position\":2,\"name\":\"Services\",\"item\":\"https:\/\/www.inter-iberica.com\/fr\/services\/\"},{\"@type\":\"ListItem\",\"position\":3,\"name\":\"Transports d\u00b4urgence\"}]},{\"@type\":\"WebSite\",\"@id\":\"https:\/\/www.inter-iberica.com\/#website\",\"url\":\"https:\/\/www.inter-iberica.com\/\",\"name\":\"Inter Iberica\",\"description\":\"\",\"potentialAction\":[{\"@type\":\"SearchAction\",\"target\":{\"@type\":\"EntryPoint\",\"urlTemplate\":\"https:\/\/www.inter-iberica.com\/?s={search_term_string}\"},\"query-input\":{\"@type\":\"PropertyValueSpecification\",\"valueRequired\":true,\"valueName\":\"search_term_string\"}}],\"inLanguage\":\"fr-FR\"}]}<\/script>\n<!-- \/ Yoast SEO plugin. -->","yoast_head_json":{"title":"Transports d\u00b4urgence - Inter Iberica","robots":{"index":"index","follow":"follow","max-snippet":"max-snippet:-1","max-image-preview":"max-image-preview:large","max-video-preview":"max-video-preview:-1"},"canonical":"https:\/\/www.inter-iberica.com\/fr\/services\/transports-durgence\/","og_locale":"fr_FR","og_type":"article","og_title":"Transports d\u00b4urgence - Inter Iberica","og_description":"[vc_row][vc_column css=&#8221;.vc_custom_1552704895602{margin-top: -5px !important;}&#8221;][cms_heading text=&#8221;Transports d\u00b4urgence&#8221; tag=&#8221;h4&#8243; text_color=&#8221;#222222&#8243; cms_template=&#8221;cms_heading.php&#8221;][vc_column_text css=&#8221;.vc_custom_1594504172038{margin-bottom: 22px !important;}&#8221;]Il s\u00b4agit du temps en cas de transports d\u00b4urgence. Inter-Ib\u00e9rica d\u00e9charge le client de tous les soins, afin de livrer son envoi urgent au temps voulu. Inter-Ib\u00e9rica s\u00b4occupe des destinations dans toute l\u00b4Europe. Si l\u00b4on est oblig\u00e9 par la loi concernant le temps de [&hellip;]","og_url":"https:\/\/www.inter-iberica.com\/fr\/services\/transports-durgence\/","og_site_name":"Inter Iberica","article_modified_time":"2020-08-26T16:45:11+00:00","twitter_card":"summary_large_image","twitter_misc":{"Dur\u00e9e de lecture estim\u00e9e":"1 minute"},"schema":{"@context":"https:\/\/schema.org","@graph":[{"@type":"WebPage","@id":"https:\/\/www.inter-iberica.com\/fr\/services\/transports-durgence\/","url":"https:\/\/www.inter-iberica.com\/fr\/services\/transports-durgence\/","name":"Transports d\u00b4urgence - Inter Iberica","isPartOf":{"@id":"https:\/\/www.inter-iberica.com\/#website"},"datePublished":"2020-04-30T11:05:41+00:00","dateModified":"2020-08-26T16:45:11+00:00","breadcrumb":{"@id":"https:\/\/www.inter-iberica.com\/fr\/services\/transports-durgence\/#breadcrumb"},"inLanguage":"fr-FR","potentialAction":[{"@type":"ReadAction","target":["https:\/\/www.inter-iberica.com\/fr\/services\/transports-durgence\/"]}]},{"@type":"BreadcrumbList","@id":"https:\/\/www.inter-iberica.com\/fr\/services\/transports-durgence\/#breadcrumb","itemListElement":[{"@type":"ListItem","position":1,"name":"Home","item":"https:\/\/www.inter-iberica.com\/fr\/"},{"@type":"ListItem","position":2,"name":"Services","item":"https:\/\/www.inter-iberica.com\/fr\/services\/"},{"@type":"ListItem","position":3,"name":"Transports d\u00b4urgence"}]},{"@type":"WebSite","@id":"https:\/\/www.inter-iberica.com\/#website","url":"https:\/\/www.inter-iberica.com\/","name":"Inter Iberica","description":"","potentialAction":[{"@type":"SearchAction","target":{"@type":"EntryPoint","urlTemplate":"https:\/\/www.inter-iberica.com\/?s={search_term_string}"},"query-input":{"@type":"PropertyValueSpecification","valueRequired":true,"valueName":"search_term_string"}}],"inLanguage":"fr-FR"}]}},"_links":{"self":[{"href":"https:\/\/www.inter-iberica.com\/fr\/wp-json\/wp\/v2\/pages\/2168","targetHints":{"allow":["GET"]}}],"collection":[{"href":"https:\/\/www.inter-iberica.com\/fr\/wp-json\/wp\/v2\/pages"}],"about":[{"href":"https:\/\/www.inter-iberica.com\/fr\/wp-json\/wp\/v2\/types\/page"}],"author":[{"embeddable":true,"href":"https:\/\/www.inter-iberica.com\/fr\/wp-json\/wp\/v2\/users\/3"}],"replies":[{"embeddable":true,"href":"https:\/\/www.inter-iberica.com\/fr\/wp-json\/wp\/v2\/comments?post=2168"}],"version-history":[{"count":4,"href":"https:\/\/www.inter-iberica.com\/fr\/wp-json\/wp\/v2\/pages\/2168\/revisions"}],"predecessor-version":[{"id":3336,"href":"https:\/\/www.inter-iberica.com\/fr\/wp-json\/wp\/v2\/pages\/2168\/revisions\/3336"}],"up":[{"embeddable":true,"href":"https:\/\/www.inter-iberica.com\/fr\/wp-json\/wp\/v2\/pages\/2113"}],"wp:attachment":[{"href":"https:\/\/www.inter-iberica.com\/fr\/wp-json\/wp\/v2\/media?parent=2168"}],"curies":[{"name":"wp","href":"https:\/\/api.w.org\/{rel}","templated":true}]}}