{"id":2162,"date":"2020-04-30T10:52:12","date_gmt":"2020-04-30T10:52:12","guid":{"rendered":"https:\/\/www.inter-iberica.com\/services\/scheepsbevoorrading\/"},"modified":"2020-09-08T10:39:39","modified_gmt":"2020-09-08T10:39:39","slug":"lapprovisionnement-des-navires","status":"publish","type":"page","link":"https:\/\/www.inter-iberica.com\/fr\/services\/lapprovisionnement-des-navires\/","title":{"rendered":"L\u00b4approvisionnement des navires"},"content":{"rendered":"<div class=\"wpb-content-wrapper\"><p>[vc_row][vc_column css=&#8221;.vc_custom_1552704895602{margin-top: -5px !important;}&#8221;][cms_heading text=&#8221;L\u00b4approvisionnement des navires&#8221; tag=&#8221;h4&#8243; text_color=&#8221;#222222&#8243; cms_template=&#8221;cms_heading.php&#8221;][vc_column_text css=&#8221;.vc_custom_1594503988452{margin-bottom: 22px !important;}&#8221;]L\u00b4approvisionnement des navires et des plates-formes de forage en Europe est \u00e9galement une des possibilities d\u00b4Inter-Iberica. Des provisions de bord sous la forme d\u00b4aliments jusqu\u00b4au transport des \u00e9quipements du navire comme des moteurs.<\/p>\n<p>Inter-Iberica dispose de divers types de camions. Nous utilisons par exemple des camions \u00e0 plusieurs compartiments dont la temp\u00e9rature pourra \u00eatre contr\u00f4l\u00e9e s\u00e9par\u00e9ment.[\/vc_column_text][\/vc_column][\/vc_row]<\/p>\n<\/div>","protected":false},"excerpt":{"rendered":"<p>[vc_row][vc_column css=&#8221;.vc_custom_1552704895602{margin-top: -5px !important;}&#8221;][cms_heading text=&#8221;L\u00b4approvisionnement des navires&#8221; tag=&#8221;h4&#8243; text_color=&#8221;#222222&#8243; cms_template=&#8221;cms_heading.php&#8221;][vc_column_text css=&#8221;.vc_custom_1594503988452{margin-bottom: 22px !important;}&#8221;]L\u00b4approvisionnement des navires et des plates-formes de forage en Europe est \u00e9galement une des possibilities d\u00b4Inter-Iberica. Des provisions de bord sous la forme d\u00b4aliments jusqu\u00b4au transport des \u00e9quipements du navire comme des moteurs. Inter-Iberica dispose de divers types de camions. Nous utilisons par [&hellip;]<\/p>\n","protected":false},"author":3,"featured_media":0,"parent":2113,"menu_order":0,"comment_status":"closed","ping_status":"closed","template":"","meta":{"footnotes":""},"class_list":["post-2162","page","type-page","status-publish","hentry"],"yoast_head":"<!-- This site is optimized with the Yoast SEO plugin v27.5 - https:\/\/yoast.com\/product\/yoast-seo-wordpress\/ -->\n<title>L\u00b4approvisionnement des navires - Inter Iberica<\/title>\n<meta name=\"robots\" content=\"index, follow, max-snippet:-1, max-image-preview:large, max-video-preview:-1\" \/>\n<link rel=\"canonical\" href=\"https:\/\/www.inter-iberica.com\/fr\/services\/lapprovisionnement-des-navires\/\" \/>\n<meta property=\"og:locale\" content=\"fr_FR\" \/>\n<meta property=\"og:type\" content=\"article\" \/>\n<meta property=\"og:title\" content=\"L\u00b4approvisionnement des navires - Inter Iberica\" \/>\n<meta property=\"og:description\" content=\"[vc_row][vc_column css=&#8221;.vc_custom_1552704895602{margin-top: -5px !important;}&#8221;][cms_heading text=&#8221;L\u00b4approvisionnement des navires&#8221; tag=&#8221;h4&#8243; text_color=&#8221;#222222&#8243; cms_template=&#8221;cms_heading.php&#8221;][vc_column_text css=&#8221;.vc_custom_1594503988452{margin-bottom: 22px !important;}&#8221;]L\u00b4approvisionnement des navires et des plates-formes de forage en Europe est \u00e9galement une des possibilities d\u00b4Inter-Iberica. Des provisions de bord sous la forme d\u00b4aliments jusqu\u00b4au transport des \u00e9quipements du navire comme des moteurs. Inter-Iberica dispose de divers types de camions. Nous utilisons par [&hellip;]\" \/>\n<meta property=\"og:url\" content=\"https:\/\/www.inter-iberica.com\/fr\/services\/lapprovisionnement-des-navires\/\" \/>\n<meta property=\"og:site_name\" content=\"Inter Iberica\" \/>\n<meta property=\"article:modified_time\" content=\"2020-09-08T10:39:39+00:00\" \/>\n<meta name=\"twitter:card\" content=\"summary_large_image\" \/>\n<meta name=\"twitter:label1\" content=\"Dur\u00e9e de lecture estim\u00e9e\" \/>\n\t<meta name=\"twitter:data1\" content=\"1 minute\" \/>\n<script type=\"application\/ld+json\" class=\"yoast-schema-graph\">{\"@context\":\"https:\\\/\\\/schema.org\",\"@graph\":[{\"@type\":\"WebPage\",\"@id\":\"https:\\\/\\\/www.inter-iberica.com\\\/fr\\\/services\\\/lapprovisionnement-des-navires\\\/\",\"url\":\"https:\\\/\\\/www.inter-iberica.com\\\/fr\\\/services\\\/lapprovisionnement-des-navires\\\/\",\"name\":\"L\u00b4approvisionnement des navires - Inter Iberica\",\"isPartOf\":{\"@id\":\"https:\\\/\\\/www.inter-iberica.com\\\/#website\"},\"datePublished\":\"2020-04-30T10:52:12+00:00\",\"dateModified\":\"2020-09-08T10:39:39+00:00\",\"breadcrumb\":{\"@id\":\"https:\\\/\\\/www.inter-iberica.com\\\/fr\\\/services\\\/lapprovisionnement-des-navires\\\/#breadcrumb\"},\"inLanguage\":\"fr-FR\",\"potentialAction\":[{\"@type\":\"ReadAction\",\"target\":[\"https:\\\/\\\/www.inter-iberica.com\\\/fr\\\/services\\\/lapprovisionnement-des-navires\\\/\"]}]},{\"@type\":\"BreadcrumbList\",\"@id\":\"https:\\\/\\\/www.inter-iberica.com\\\/fr\\\/services\\\/lapprovisionnement-des-navires\\\/#breadcrumb\",\"itemListElement\":[{\"@type\":\"ListItem\",\"position\":1,\"name\":\"Home\",\"item\":\"https:\\\/\\\/www.inter-iberica.com\\\/fr\\\/\"},{\"@type\":\"ListItem\",\"position\":2,\"name\":\"Services\",\"item\":\"https:\\\/\\\/www.inter-iberica.com\\\/fr\\\/services\\\/\"},{\"@type\":\"ListItem\",\"position\":3,\"name\":\"L\u00b4approvisionnement des navires\"}]},{\"@type\":\"WebSite\",\"@id\":\"https:\\\/\\\/www.inter-iberica.com\\\/#website\",\"url\":\"https:\\\/\\\/www.inter-iberica.com\\\/\",\"name\":\"Inter Iberica\",\"description\":\"\",\"potentialAction\":[{\"@type\":\"SearchAction\",\"target\":{\"@type\":\"EntryPoint\",\"urlTemplate\":\"https:\\\/\\\/www.inter-iberica.com\\\/?s={search_term_string}\"},\"query-input\":{\"@type\":\"PropertyValueSpecification\",\"valueRequired\":true,\"valueName\":\"search_term_string\"}}],\"inLanguage\":\"fr-FR\"}]}<\/script>\n<!-- \/ Yoast SEO plugin. -->","yoast_head_json":{"title":"L\u00b4approvisionnement des navires - Inter Iberica","robots":{"index":"index","follow":"follow","max-snippet":"max-snippet:-1","max-image-preview":"max-image-preview:large","max-video-preview":"max-video-preview:-1"},"canonical":"https:\/\/www.inter-iberica.com\/fr\/services\/lapprovisionnement-des-navires\/","og_locale":"fr_FR","og_type":"article","og_title":"L\u00b4approvisionnement des navires - Inter Iberica","og_description":"[vc_row][vc_column css=&#8221;.vc_custom_1552704895602{margin-top: -5px !important;}&#8221;][cms_heading text=&#8221;L\u00b4approvisionnement des navires&#8221; tag=&#8221;h4&#8243; text_color=&#8221;#222222&#8243; cms_template=&#8221;cms_heading.php&#8221;][vc_column_text css=&#8221;.vc_custom_1594503988452{margin-bottom: 22px !important;}&#8221;]L\u00b4approvisionnement des navires et des plates-formes de forage en Europe est \u00e9galement une des possibilities d\u00b4Inter-Iberica. Des provisions de bord sous la forme d\u00b4aliments jusqu\u00b4au transport des \u00e9quipements du navire comme des moteurs. Inter-Iberica dispose de divers types de camions. Nous utilisons par [&hellip;]","og_url":"https:\/\/www.inter-iberica.com\/fr\/services\/lapprovisionnement-des-navires\/","og_site_name":"Inter Iberica","article_modified_time":"2020-09-08T10:39:39+00:00","twitter_card":"summary_large_image","twitter_misc":{"Dur\u00e9e de lecture estim\u00e9e":"1 minute"},"schema":{"@context":"https:\/\/schema.org","@graph":[{"@type":"WebPage","@id":"https:\/\/www.inter-iberica.com\/fr\/services\/lapprovisionnement-des-navires\/","url":"https:\/\/www.inter-iberica.com\/fr\/services\/lapprovisionnement-des-navires\/","name":"L\u00b4approvisionnement des navires - Inter Iberica","isPartOf":{"@id":"https:\/\/www.inter-iberica.com\/#website"},"datePublished":"2020-04-30T10:52:12+00:00","dateModified":"2020-09-08T10:39:39+00:00","breadcrumb":{"@id":"https:\/\/www.inter-iberica.com\/fr\/services\/lapprovisionnement-des-navires\/#breadcrumb"},"inLanguage":"fr-FR","potentialAction":[{"@type":"ReadAction","target":["https:\/\/www.inter-iberica.com\/fr\/services\/lapprovisionnement-des-navires\/"]}]},{"@type":"BreadcrumbList","@id":"https:\/\/www.inter-iberica.com\/fr\/services\/lapprovisionnement-des-navires\/#breadcrumb","itemListElement":[{"@type":"ListItem","position":1,"name":"Home","item":"https:\/\/www.inter-iberica.com\/fr\/"},{"@type":"ListItem","position":2,"name":"Services","item":"https:\/\/www.inter-iberica.com\/fr\/services\/"},{"@type":"ListItem","position":3,"name":"L\u00b4approvisionnement des navires"}]},{"@type":"WebSite","@id":"https:\/\/www.inter-iberica.com\/#website","url":"https:\/\/www.inter-iberica.com\/","name":"Inter Iberica","description":"","potentialAction":[{"@type":"SearchAction","target":{"@type":"EntryPoint","urlTemplate":"https:\/\/www.inter-iberica.com\/?s={search_term_string}"},"query-input":{"@type":"PropertyValueSpecification","valueRequired":true,"valueName":"search_term_string"}}],"inLanguage":"fr-FR"}]}},"_links":{"self":[{"href":"https:\/\/www.inter-iberica.com\/fr\/wp-json\/wp\/v2\/pages\/2162","targetHints":{"allow":["GET"]}}],"collection":[{"href":"https:\/\/www.inter-iberica.com\/fr\/wp-json\/wp\/v2\/pages"}],"about":[{"href":"https:\/\/www.inter-iberica.com\/fr\/wp-json\/wp\/v2\/types\/page"}],"author":[{"embeddable":true,"href":"https:\/\/www.inter-iberica.com\/fr\/wp-json\/wp\/v2\/users\/3"}],"replies":[{"embeddable":true,"href":"https:\/\/www.inter-iberica.com\/fr\/wp-json\/wp\/v2\/comments?post=2162"}],"version-history":[{"count":3,"href":"https:\/\/www.inter-iberica.com\/fr\/wp-json\/wp\/v2\/pages\/2162\/revisions"}],"predecessor-version":[{"id":3331,"href":"https:\/\/www.inter-iberica.com\/fr\/wp-json\/wp\/v2\/pages\/2162\/revisions\/3331"}],"up":[{"embeddable":true,"href":"https:\/\/www.inter-iberica.com\/fr\/wp-json\/wp\/v2\/pages\/2113"}],"wp:attachment":[{"href":"https:\/\/www.inter-iberica.com\/fr\/wp-json\/wp\/v2\/media?parent=2162"}],"curies":[{"name":"wp","href":"https:\/\/api.w.org\/{rel}","templated":true}]}}