{"id":2134,"date":"2020-04-30T09:35:40","date_gmt":"2020-04-30T09:35:40","guid":{"rendered":"https:\/\/www.inter-iberica.com\/services\/double-stock\/"},"modified":"2020-09-08T05:39:28","modified_gmt":"2020-09-08T05:39:28","slug":"stock-double","status":"publish","type":"page","link":"https:\/\/www.inter-iberica.com\/fr\/services\/stock-double\/","title":{"rendered":"Stock double"},"content":{"rendered":"<div class=\"wpb-content-wrapper\"><p>[vc_row][vc_column css=&#8221;.vc_custom_1552704895602{margin-top: -5px !important;}&#8221;][cms_heading text=&#8221;Stock double&#8221; tag=&#8221;h4&#8243; text_color=&#8221;#222222&#8243; cms_template=&#8221;cms_heading.php&#8221;][vc_column_text css=&#8221;.vc_custom_1594502886850{margin-bottom: 22px !important;}&#8221;]Il est n\u00e9anmoins possible de transporter les marchandises et les chargements qui ne peuvent pas \u00eatre empil\u00e9s, d\u00b4une fa\u00e7on responsable sur le plan \u00e9conomique avec les camions de stock double d\u00b4Inter-Ib\u00e9rica.<\/p>\n<p>Les camions de stock double sont \u00e9quip\u00e9s d\u00b4un deuxi\u00e8me plancher de chargement et peuvent \u00eatre utilis\u00e9s \u00e0 diff\u00e9rentes hauteurs, tant en tout ou en partie. La capacit\u00e9 de charge maximale du deuxi\u00e8me plancher de chargement est d\u2019environ 650 kg par m\u00e8tre de charge tenant compte d\u2019une r\u00e9partition uniforme du poids.[\/vc_column_text][\/vc_column][\/vc_row]<\/p>\n<\/div>","protected":false},"excerpt":{"rendered":"<p>[vc_row][vc_column css=&#8221;.vc_custom_1552704895602{margin-top: -5px !important;}&#8221;][cms_heading text=&#8221;Stock double&#8221; tag=&#8221;h4&#8243; text_color=&#8221;#222222&#8243; cms_template=&#8221;cms_heading.php&#8221;][vc_column_text css=&#8221;.vc_custom_1594502886850{margin-bottom: 22px !important;}&#8221;]Il est n\u00e9anmoins possible de transporter les marchandises et les chargements qui ne peuvent pas \u00eatre empil\u00e9s, d\u00b4une fa\u00e7on responsable sur le plan \u00e9conomique avec les camions de stock double d\u00b4Inter-Ib\u00e9rica. Les camions de stock double sont \u00e9quip\u00e9s d\u00b4un deuxi\u00e8me plancher de chargement et [&hellip;]<\/p>\n","protected":false},"author":3,"featured_media":0,"parent":2113,"menu_order":0,"comment_status":"closed","ping_status":"closed","template":"","meta":{"footnotes":""},"class_list":["post-2134","page","type-page","status-publish","hentry"],"yoast_head":"<!-- This site is optimized with the Yoast SEO plugin v27.4 - https:\/\/yoast.com\/product\/yoast-seo-wordpress\/ -->\n<title>Stock double - Inter Iberica<\/title>\n<meta name=\"robots\" content=\"index, follow, max-snippet:-1, max-image-preview:large, max-video-preview:-1\" \/>\n<link rel=\"canonical\" href=\"https:\/\/www.inter-iberica.com\/fr\/services\/stock-double\/\" \/>\n<meta property=\"og:locale\" content=\"fr_FR\" \/>\n<meta property=\"og:type\" content=\"article\" \/>\n<meta property=\"og:title\" content=\"Stock double - Inter Iberica\" \/>\n<meta property=\"og:description\" content=\"[vc_row][vc_column css=&#8221;.vc_custom_1552704895602{margin-top: -5px !important;}&#8221;][cms_heading text=&#8221;Stock double&#8221; tag=&#8221;h4&#8243; text_color=&#8221;#222222&#8243; cms_template=&#8221;cms_heading.php&#8221;][vc_column_text css=&#8221;.vc_custom_1594502886850{margin-bottom: 22px !important;}&#8221;]Il est n\u00e9anmoins possible de transporter les marchandises et les chargements qui ne peuvent pas \u00eatre empil\u00e9s, d\u00b4une fa\u00e7on responsable sur le plan \u00e9conomique avec les camions de stock double d\u00b4Inter-Ib\u00e9rica. Les camions de stock double sont \u00e9quip\u00e9s d\u00b4un deuxi\u00e8me plancher de chargement et [&hellip;]\" \/>\n<meta property=\"og:url\" content=\"https:\/\/www.inter-iberica.com\/fr\/services\/stock-double\/\" \/>\n<meta property=\"og:site_name\" content=\"Inter Iberica\" \/>\n<meta property=\"article:modified_time\" content=\"2020-09-08T05:39:28+00:00\" \/>\n<meta name=\"twitter:card\" content=\"summary_large_image\" \/>\n<meta name=\"twitter:label1\" content=\"Dur\u00e9e de lecture estim\u00e9e\" \/>\n\t<meta name=\"twitter:data1\" content=\"1 minute\" \/>\n<script type=\"application\/ld+json\" class=\"yoast-schema-graph\">{\"@context\":\"https:\\\/\\\/schema.org\",\"@graph\":[{\"@type\":\"WebPage\",\"@id\":\"https:\\\/\\\/www.inter-iberica.com\\\/fr\\\/services\\\/stock-double\\\/\",\"url\":\"https:\\\/\\\/www.inter-iberica.com\\\/fr\\\/services\\\/stock-double\\\/\",\"name\":\"Stock double - Inter Iberica\",\"isPartOf\":{\"@id\":\"https:\\\/\\\/www.inter-iberica.com\\\/#website\"},\"datePublished\":\"2020-04-30T09:35:40+00:00\",\"dateModified\":\"2020-09-08T05:39:28+00:00\",\"breadcrumb\":{\"@id\":\"https:\\\/\\\/www.inter-iberica.com\\\/fr\\\/services\\\/stock-double\\\/#breadcrumb\"},\"inLanguage\":\"fr-FR\",\"potentialAction\":[{\"@type\":\"ReadAction\",\"target\":[\"https:\\\/\\\/www.inter-iberica.com\\\/fr\\\/services\\\/stock-double\\\/\"]}]},{\"@type\":\"BreadcrumbList\",\"@id\":\"https:\\\/\\\/www.inter-iberica.com\\\/fr\\\/services\\\/stock-double\\\/#breadcrumb\",\"itemListElement\":[{\"@type\":\"ListItem\",\"position\":1,\"name\":\"Home\",\"item\":\"https:\\\/\\\/www.inter-iberica.com\\\/fr\\\/\"},{\"@type\":\"ListItem\",\"position\":2,\"name\":\"Services\",\"item\":\"https:\\\/\\\/www.inter-iberica.com\\\/fr\\\/services\\\/\"},{\"@type\":\"ListItem\",\"position\":3,\"name\":\"Stock double\"}]},{\"@type\":\"WebSite\",\"@id\":\"https:\\\/\\\/www.inter-iberica.com\\\/#website\",\"url\":\"https:\\\/\\\/www.inter-iberica.com\\\/\",\"name\":\"Inter Iberica\",\"description\":\"\",\"potentialAction\":[{\"@type\":\"SearchAction\",\"target\":{\"@type\":\"EntryPoint\",\"urlTemplate\":\"https:\\\/\\\/www.inter-iberica.com\\\/?s={search_term_string}\"},\"query-input\":{\"@type\":\"PropertyValueSpecification\",\"valueRequired\":true,\"valueName\":\"search_term_string\"}}],\"inLanguage\":\"fr-FR\"}]}<\/script>\n<!-- \/ Yoast SEO plugin. -->","yoast_head_json":{"title":"Stock double - Inter Iberica","robots":{"index":"index","follow":"follow","max-snippet":"max-snippet:-1","max-image-preview":"max-image-preview:large","max-video-preview":"max-video-preview:-1"},"canonical":"https:\/\/www.inter-iberica.com\/fr\/services\/stock-double\/","og_locale":"fr_FR","og_type":"article","og_title":"Stock double - Inter Iberica","og_description":"[vc_row][vc_column css=&#8221;.vc_custom_1552704895602{margin-top: -5px !important;}&#8221;][cms_heading text=&#8221;Stock double&#8221; tag=&#8221;h4&#8243; text_color=&#8221;#222222&#8243; cms_template=&#8221;cms_heading.php&#8221;][vc_column_text css=&#8221;.vc_custom_1594502886850{margin-bottom: 22px !important;}&#8221;]Il est n\u00e9anmoins possible de transporter les marchandises et les chargements qui ne peuvent pas \u00eatre empil\u00e9s, d\u00b4une fa\u00e7on responsable sur le plan \u00e9conomique avec les camions de stock double d\u00b4Inter-Ib\u00e9rica. Les camions de stock double sont \u00e9quip\u00e9s d\u00b4un deuxi\u00e8me plancher de chargement et [&hellip;]","og_url":"https:\/\/www.inter-iberica.com\/fr\/services\/stock-double\/","og_site_name":"Inter Iberica","article_modified_time":"2020-09-08T05:39:28+00:00","twitter_card":"summary_large_image","twitter_misc":{"Dur\u00e9e de lecture estim\u00e9e":"1 minute"},"schema":{"@context":"https:\/\/schema.org","@graph":[{"@type":"WebPage","@id":"https:\/\/www.inter-iberica.com\/fr\/services\/stock-double\/","url":"https:\/\/www.inter-iberica.com\/fr\/services\/stock-double\/","name":"Stock double - Inter Iberica","isPartOf":{"@id":"https:\/\/www.inter-iberica.com\/#website"},"datePublished":"2020-04-30T09:35:40+00:00","dateModified":"2020-09-08T05:39:28+00:00","breadcrumb":{"@id":"https:\/\/www.inter-iberica.com\/fr\/services\/stock-double\/#breadcrumb"},"inLanguage":"fr-FR","potentialAction":[{"@type":"ReadAction","target":["https:\/\/www.inter-iberica.com\/fr\/services\/stock-double\/"]}]},{"@type":"BreadcrumbList","@id":"https:\/\/www.inter-iberica.com\/fr\/services\/stock-double\/#breadcrumb","itemListElement":[{"@type":"ListItem","position":1,"name":"Home","item":"https:\/\/www.inter-iberica.com\/fr\/"},{"@type":"ListItem","position":2,"name":"Services","item":"https:\/\/www.inter-iberica.com\/fr\/services\/"},{"@type":"ListItem","position":3,"name":"Stock double"}]},{"@type":"WebSite","@id":"https:\/\/www.inter-iberica.com\/#website","url":"https:\/\/www.inter-iberica.com\/","name":"Inter Iberica","description":"","potentialAction":[{"@type":"SearchAction","target":{"@type":"EntryPoint","urlTemplate":"https:\/\/www.inter-iberica.com\/?s={search_term_string}"},"query-input":{"@type":"PropertyValueSpecification","valueRequired":true,"valueName":"search_term_string"}}],"inLanguage":"fr-FR"}]}},"_links":{"self":[{"href":"https:\/\/www.inter-iberica.com\/fr\/wp-json\/wp\/v2\/pages\/2134","targetHints":{"allow":["GET"]}}],"collection":[{"href":"https:\/\/www.inter-iberica.com\/fr\/wp-json\/wp\/v2\/pages"}],"about":[{"href":"https:\/\/www.inter-iberica.com\/fr\/wp-json\/wp\/v2\/types\/page"}],"author":[{"embeddable":true,"href":"https:\/\/www.inter-iberica.com\/fr\/wp-json\/wp\/v2\/users\/3"}],"replies":[{"embeddable":true,"href":"https:\/\/www.inter-iberica.com\/fr\/wp-json\/wp\/v2\/comments?post=2134"}],"version-history":[{"count":3,"href":"https:\/\/www.inter-iberica.com\/fr\/wp-json\/wp\/v2\/pages\/2134\/revisions"}],"predecessor-version":[{"id":3300,"href":"https:\/\/www.inter-iberica.com\/fr\/wp-json\/wp\/v2\/pages\/2134\/revisions\/3300"}],"up":[{"embeddable":true,"href":"https:\/\/www.inter-iberica.com\/fr\/wp-json\/wp\/v2\/pages\/2113"}],"wp:attachment":[{"href":"https:\/\/www.inter-iberica.com\/fr\/wp-json\/wp\/v2\/media?parent=2134"}],"curies":[{"name":"wp","href":"https:\/\/api.w.org\/{rel}","templated":true}]}}