{"id":3791,"date":"2024-09-30T13:20:06","date_gmt":"2024-09-30T13:20:06","guid":{"rendered":"https:\/\/www.inter-iberica.com\/servicios\/farmaceutisch-transport\/"},"modified":"2024-09-30T13:43:01","modified_gmt":"2024-09-30T13:43:01","slug":"transporte-farmaceutico","status":"publish","type":"page","link":"https:\/\/www.inter-iberica.com\/es\/servicios\/transporte-farmaceutico\/","title":{"rendered":"Transporte Farmac\u00e9utico"},"content":{"rendered":"<div class=\"wpb-content-wrapper\"><p>[vc_row][vc_column css=&#8221;.vc_custom_1552704895602{margin-top: -5px !important;}&#8221;][cms_heading text=&#8221;Transporte Farmac\u00e9utico en Inter-Iberica&#8221; tag=&#8221;h4&#8243; text_color=&#8221;#222222&#8243; cms_template=&#8221;cms_heading.php&#8221;][vc_column_text css=&#8221;.vc_custom_1727703773607{margin-bottom: 22px !important;}&#8221;]Inter-Iberica ofrece soluciones de transporte fiables y seguras para productos medicinales, cumpliendo plenamente con las &#8220;Directrices de la UE sobre buenas pr\u00e1cticas de distribuci\u00f3n&#8221; (GDP). Nuestro certificado SGS confirma que cumplimos con los est\u00e1ndares europeos m\u00e1s altos para el transporte de productos farmac\u00e9uticos. Con una flota moderna y un control preciso de la temperatura, garantizamos que sus productos se transporten en condiciones \u00f3ptimas.<\/p>\n<p>En Inter-Iberica, la calidad y la transparencia son nuestras prioridades. Con el seguimiento en tiempo real, siempre estar\u00e1 informado sobre el estado de su transporte. Conf\u00ede en Inter-Iberica para un transporte farmac\u00e9utico eficiente y seguro en toda Europa.<\/p>\n<p><a href=\"https:\/\/www.inter-iberica.com\/wp-content\/uploads\/2024\/09\/NLDIE_000182_GenericCertificate_Final.pdf\"><img loading=\"lazy\" decoding=\"async\" class=\"alignnone wp-image-3775\" src=\"https:\/\/www.inter-iberica.com\/wp-content\/uploads\/2024\/09\/SGS-logo-600x600.png\" alt=\"\" width=\"247\" height=\"247\" srcset=\"https:\/\/www.inter-iberica.com\/wp-content\/uploads\/2024\/09\/SGS-logo-600x600.png 600w, https:\/\/www.inter-iberica.com\/wp-content\/uploads\/2024\/09\/SGS-logo-300x300.png 300w\" sizes=\"auto, (max-width: 247px) 100vw, 247px\" \/><\/a>[\/vc_column_text][\/vc_column][\/vc_row]<\/p>\n<\/div>","protected":false},"excerpt":{"rendered":"<p>[vc_row][vc_column css=&#8221;.vc_custom_1552704895602{margin-top: -5px !important;}&#8221;][cms_heading text=&#8221;Transporte Farmac\u00e9utico en Inter-Iberica&#8221; tag=&#8221;h4&#8243; text_color=&#8221;#222222&#8243; cms_template=&#8221;cms_heading.php&#8221;][vc_column_text css=&#8221;.vc_custom_1727703773607{margin-bottom: 22px !important;}&#8221;]Inter-Iberica ofrece soluciones de transporte fiables y seguras para productos medicinales, cumpliendo plenamente con las &#8220;Directrices de la UE sobre buenas pr\u00e1cticas de distribuci\u00f3n&#8221; (GDP). Nuestro certificado SGS confirma que cumplimos con los est\u00e1ndares europeos m\u00e1s altos para el transporte de productos [&hellip;]<\/p>\n","protected":false},"author":5,"featured_media":0,"parent":2117,"menu_order":0,"comment_status":"closed","ping_status":"closed","template":"","meta":{"footnotes":""},"class_list":["post-3791","page","type-page","status-publish","hentry"],"yoast_head":"<!-- This site is optimized with the Yoast SEO plugin v27.4 - https:\/\/yoast.com\/product\/yoast-seo-wordpress\/ -->\n<title>Transporte Farmac\u00e9utico - Inter Iberica<\/title>\n<meta name=\"robots\" content=\"index, follow, max-snippet:-1, max-image-preview:large, max-video-preview:-1\" \/>\n<link rel=\"canonical\" href=\"https:\/\/www.inter-iberica.com\/es\/servicios\/transporte-farmaceutico\/\" \/>\n<meta property=\"og:locale\" content=\"es_ES\" \/>\n<meta property=\"og:type\" content=\"article\" \/>\n<meta property=\"og:title\" content=\"Transporte Farmac\u00e9utico - Inter Iberica\" \/>\n<meta property=\"og:description\" content=\"[vc_row][vc_column css=&#8221;.vc_custom_1552704895602{margin-top: -5px !important;}&#8221;][cms_heading text=&#8221;Transporte Farmac\u00e9utico en Inter-Iberica&#8221; tag=&#8221;h4&#8243; text_color=&#8221;#222222&#8243; cms_template=&#8221;cms_heading.php&#8221;][vc_column_text css=&#8221;.vc_custom_1727703773607{margin-bottom: 22px !important;}&#8221;]Inter-Iberica ofrece soluciones de transporte fiables y seguras para productos medicinales, cumpliendo plenamente con las &#8220;Directrices de la UE sobre buenas pr\u00e1cticas de distribuci\u00f3n&#8221; (GDP). Nuestro certificado SGS confirma que cumplimos con los est\u00e1ndares europeos m\u00e1s altos para el transporte de productos [&hellip;]\" \/>\n<meta property=\"og:url\" content=\"https:\/\/www.inter-iberica.com\/es\/servicios\/transporte-farmaceutico\/\" \/>\n<meta property=\"og:site_name\" content=\"Inter Iberica\" \/>\n<meta property=\"article:modified_time\" content=\"2024-09-30T13:43:01+00:00\" \/>\n<meta property=\"og:image\" content=\"https:\/\/www.inter-iberica.com\/wp-content\/uploads\/2024\/09\/SGS-logo-600x600.png\" \/>\n<meta name=\"twitter:card\" content=\"summary_large_image\" \/>\n<meta name=\"twitter:label1\" content=\"Tiempo de lectura\" \/>\n\t<meta name=\"twitter:data1\" content=\"1 minuto\" \/>\n<script type=\"application\/ld+json\" class=\"yoast-schema-graph\">{\"@context\":\"https:\\\/\\\/schema.org\",\"@graph\":[{\"@type\":\"WebPage\",\"@id\":\"https:\\\/\\\/www.inter-iberica.com\\\/es\\\/servicios\\\/transporte-farmaceutico\\\/\",\"url\":\"https:\\\/\\\/www.inter-iberica.com\\\/es\\\/servicios\\\/transporte-farmaceutico\\\/\",\"name\":\"Transporte Farmac\u00e9utico - Inter Iberica\",\"isPartOf\":{\"@id\":\"https:\\\/\\\/www.inter-iberica.com\\\/#website\"},\"primaryImageOfPage\":{\"@id\":\"https:\\\/\\\/www.inter-iberica.com\\\/es\\\/servicios\\\/transporte-farmaceutico\\\/#primaryimage\"},\"image\":{\"@id\":\"https:\\\/\\\/www.inter-iberica.com\\\/es\\\/servicios\\\/transporte-farmaceutico\\\/#primaryimage\"},\"thumbnailUrl\":\"https:\\\/\\\/www.inter-iberica.com\\\/wp-content\\\/uploads\\\/2024\\\/09\\\/SGS-logo-600x600.png\",\"datePublished\":\"2024-09-30T13:20:06+00:00\",\"dateModified\":\"2024-09-30T13:43:01+00:00\",\"breadcrumb\":{\"@id\":\"https:\\\/\\\/www.inter-iberica.com\\\/es\\\/servicios\\\/transporte-farmaceutico\\\/#breadcrumb\"},\"inLanguage\":\"es\",\"potentialAction\":[{\"@type\":\"ReadAction\",\"target\":[\"https:\\\/\\\/www.inter-iberica.com\\\/es\\\/servicios\\\/transporte-farmaceutico\\\/\"]}]},{\"@type\":\"ImageObject\",\"inLanguage\":\"es\",\"@id\":\"https:\\\/\\\/www.inter-iberica.com\\\/es\\\/servicios\\\/transporte-farmaceutico\\\/#primaryimage\",\"url\":\"https:\\\/\\\/www.inter-iberica.com\\\/wp-content\\\/uploads\\\/2024\\\/09\\\/SGS-logo-600x600.png\",\"contentUrl\":\"https:\\\/\\\/www.inter-iberica.com\\\/wp-content\\\/uploads\\\/2024\\\/09\\\/SGS-logo-600x600.png\"},{\"@type\":\"BreadcrumbList\",\"@id\":\"https:\\\/\\\/www.inter-iberica.com\\\/es\\\/servicios\\\/transporte-farmaceutico\\\/#breadcrumb\",\"itemListElement\":[{\"@type\":\"ListItem\",\"position\":1,\"name\":\"Home\",\"item\":\"https:\\\/\\\/www.inter-iberica.com\\\/es\\\/\"},{\"@type\":\"ListItem\",\"position\":2,\"name\":\"Servicios\",\"item\":\"https:\\\/\\\/www.inter-iberica.com\\\/es\\\/servicios\\\/\"},{\"@type\":\"ListItem\",\"position\":3,\"name\":\"Transporte Farmac\u00e9utico\"}]},{\"@type\":\"WebSite\",\"@id\":\"https:\\\/\\\/www.inter-iberica.com\\\/#website\",\"url\":\"https:\\\/\\\/www.inter-iberica.com\\\/\",\"name\":\"Inter Iberica\",\"description\":\"\",\"potentialAction\":[{\"@type\":\"SearchAction\",\"target\":{\"@type\":\"EntryPoint\",\"urlTemplate\":\"https:\\\/\\\/www.inter-iberica.com\\\/?s={search_term_string}\"},\"query-input\":{\"@type\":\"PropertyValueSpecification\",\"valueRequired\":true,\"valueName\":\"search_term_string\"}}],\"inLanguage\":\"es\"}]}<\/script>\n<!-- \/ Yoast SEO plugin. -->","yoast_head_json":{"title":"Transporte Farmac\u00e9utico - Inter Iberica","robots":{"index":"index","follow":"follow","max-snippet":"max-snippet:-1","max-image-preview":"max-image-preview:large","max-video-preview":"max-video-preview:-1"},"canonical":"https:\/\/www.inter-iberica.com\/es\/servicios\/transporte-farmaceutico\/","og_locale":"es_ES","og_type":"article","og_title":"Transporte Farmac\u00e9utico - Inter Iberica","og_description":"[vc_row][vc_column css=&#8221;.vc_custom_1552704895602{margin-top: -5px !important;}&#8221;][cms_heading text=&#8221;Transporte Farmac\u00e9utico en Inter-Iberica&#8221; tag=&#8221;h4&#8243; text_color=&#8221;#222222&#8243; cms_template=&#8221;cms_heading.php&#8221;][vc_column_text css=&#8221;.vc_custom_1727703773607{margin-bottom: 22px !important;}&#8221;]Inter-Iberica ofrece soluciones de transporte fiables y seguras para productos medicinales, cumpliendo plenamente con las &#8220;Directrices de la UE sobre buenas pr\u00e1cticas de distribuci\u00f3n&#8221; (GDP). Nuestro certificado SGS confirma que cumplimos con los est\u00e1ndares europeos m\u00e1s altos para el transporte de productos [&hellip;]","og_url":"https:\/\/www.inter-iberica.com\/es\/servicios\/transporte-farmaceutico\/","og_site_name":"Inter Iberica","article_modified_time":"2024-09-30T13:43:01+00:00","og_image":[{"url":"https:\/\/www.inter-iberica.com\/wp-content\/uploads\/2024\/09\/SGS-logo-600x600.png","type":"","width":"","height":""}],"twitter_card":"summary_large_image","twitter_misc":{"Tiempo de lectura":"1 minuto"},"schema":{"@context":"https:\/\/schema.org","@graph":[{"@type":"WebPage","@id":"https:\/\/www.inter-iberica.com\/es\/servicios\/transporte-farmaceutico\/","url":"https:\/\/www.inter-iberica.com\/es\/servicios\/transporte-farmaceutico\/","name":"Transporte Farmac\u00e9utico - Inter Iberica","isPartOf":{"@id":"https:\/\/www.inter-iberica.com\/#website"},"primaryImageOfPage":{"@id":"https:\/\/www.inter-iberica.com\/es\/servicios\/transporte-farmaceutico\/#primaryimage"},"image":{"@id":"https:\/\/www.inter-iberica.com\/es\/servicios\/transporte-farmaceutico\/#primaryimage"},"thumbnailUrl":"https:\/\/www.inter-iberica.com\/wp-content\/uploads\/2024\/09\/SGS-logo-600x600.png","datePublished":"2024-09-30T13:20:06+00:00","dateModified":"2024-09-30T13:43:01+00:00","breadcrumb":{"@id":"https:\/\/www.inter-iberica.com\/es\/servicios\/transporte-farmaceutico\/#breadcrumb"},"inLanguage":"es","potentialAction":[{"@type":"ReadAction","target":["https:\/\/www.inter-iberica.com\/es\/servicios\/transporte-farmaceutico\/"]}]},{"@type":"ImageObject","inLanguage":"es","@id":"https:\/\/www.inter-iberica.com\/es\/servicios\/transporte-farmaceutico\/#primaryimage","url":"https:\/\/www.inter-iberica.com\/wp-content\/uploads\/2024\/09\/SGS-logo-600x600.png","contentUrl":"https:\/\/www.inter-iberica.com\/wp-content\/uploads\/2024\/09\/SGS-logo-600x600.png"},{"@type":"BreadcrumbList","@id":"https:\/\/www.inter-iberica.com\/es\/servicios\/transporte-farmaceutico\/#breadcrumb","itemListElement":[{"@type":"ListItem","position":1,"name":"Home","item":"https:\/\/www.inter-iberica.com\/es\/"},{"@type":"ListItem","position":2,"name":"Servicios","item":"https:\/\/www.inter-iberica.com\/es\/servicios\/"},{"@type":"ListItem","position":3,"name":"Transporte Farmac\u00e9utico"}]},{"@type":"WebSite","@id":"https:\/\/www.inter-iberica.com\/#website","url":"https:\/\/www.inter-iberica.com\/","name":"Inter Iberica","description":"","potentialAction":[{"@type":"SearchAction","target":{"@type":"EntryPoint","urlTemplate":"https:\/\/www.inter-iberica.com\/?s={search_term_string}"},"query-input":{"@type":"PropertyValueSpecification","valueRequired":true,"valueName":"search_term_string"}}],"inLanguage":"es"}]}},"_links":{"self":[{"href":"https:\/\/www.inter-iberica.com\/es\/wp-json\/wp\/v2\/pages\/3791","targetHints":{"allow":["GET"]}}],"collection":[{"href":"https:\/\/www.inter-iberica.com\/es\/wp-json\/wp\/v2\/pages"}],"about":[{"href":"https:\/\/www.inter-iberica.com\/es\/wp-json\/wp\/v2\/types\/page"}],"author":[{"embeddable":true,"href":"https:\/\/www.inter-iberica.com\/es\/wp-json\/wp\/v2\/users\/5"}],"replies":[{"embeddable":true,"href":"https:\/\/www.inter-iberica.com\/es\/wp-json\/wp\/v2\/comments?post=3791"}],"version-history":[{"count":1,"href":"https:\/\/www.inter-iberica.com\/es\/wp-json\/wp\/v2\/pages\/3791\/revisions"}],"predecessor-version":[{"id":3794,"href":"https:\/\/www.inter-iberica.com\/es\/wp-json\/wp\/v2\/pages\/3791\/revisions\/3794"}],"up":[{"embeddable":true,"href":"https:\/\/www.inter-iberica.com\/es\/wp-json\/wp\/v2\/pages\/2117"}],"wp:attachment":[{"href":"https:\/\/www.inter-iberica.com\/es\/wp-json\/wp\/v2\/media?parent=3791"}],"curies":[{"name":"wp","href":"https:\/\/api.w.org\/{rel}","templated":true}]}}