{"id":2306,"date":"2020-02-17T13:44:08","date_gmt":"2020-02-17T13:44:08","guid":{"rendered":"https:\/\/www.inter-iberica.com\/calidad\/tracking-tracing\/"},"modified":"2020-09-08T10:54:08","modified_gmt":"2020-09-08T10:54:08","slug":"tracking-tracing","status":"publish","type":"page","link":"https:\/\/www.inter-iberica.com\/es\/calidad\/tracking-tracing\/","title":{"rendered":"Tracking &#038; tracing"},"content":{"rendered":"<div class=\"wpb-content-wrapper\"><p>[vc_row][vc_column][vc_column_text]La vigilancia del transporte por Tracking &amp; Tracing lo consideramos una cosa natural. El sistema de Tracking &amp; Tracing traduce las se\u00f1ales de los sat\u00e9lites GPS por medio de un m\u00f3dulo GPS (Global Positioning System). Estas se\u00f1ales nos ponen en condiciones para determinar con precisi\u00f3n en cada momento, en cualquier parte del mundo, la posici\u00f3n del veh\u00edculo hasta en algunos metros.\u00a0Inter-Iberica puede seguir sus veh\u00edculos en la pantalla en tiempo real.[\/vc_column_text][\/vc_column][\/vc_row]<\/p>\n<\/div>","protected":false},"excerpt":{"rendered":"<p>[vc_row][vc_column][vc_column_text]La vigilancia del transporte por Tracking &amp; Tracing lo consideramos una cosa natural. El sistema de Tracking &amp; Tracing traduce las se\u00f1ales de los sat\u00e9lites GPS por medio de un m\u00f3dulo GPS (Global Positioning System). Estas se\u00f1ales nos ponen en condiciones para determinar con precisi\u00f3n en cada momento, en cualquier parte del mundo, la posici\u00f3n [&hellip;]<\/p>\n","protected":false},"author":3,"featured_media":0,"parent":2295,"menu_order":0,"comment_status":"closed","ping_status":"closed","template":"","meta":{"footnotes":""},"class_list":["post-2306","page","type-page","status-publish","hentry"],"yoast_head":"<!-- This site is optimized with the Yoast SEO plugin v27.4 - https:\/\/yoast.com\/product\/yoast-seo-wordpress\/ -->\n<title>Tracking &amp; tracing - Inter Iberica<\/title>\n<meta name=\"robots\" content=\"index, follow, max-snippet:-1, max-image-preview:large, max-video-preview:-1\" \/>\n<link rel=\"canonical\" href=\"https:\/\/www.inter-iberica.com\/es\/calidad\/tracking-tracing\/\" \/>\n<meta property=\"og:locale\" content=\"es_ES\" \/>\n<meta property=\"og:type\" content=\"article\" \/>\n<meta property=\"og:title\" content=\"Tracking &amp; tracing - Inter Iberica\" \/>\n<meta property=\"og:description\" content=\"[vc_row][vc_column][vc_column_text]La vigilancia del transporte por Tracking &amp; Tracing lo consideramos una cosa natural. El sistema de Tracking &amp; Tracing traduce las se\u00f1ales de los sat\u00e9lites GPS por medio de un m\u00f3dulo GPS (Global Positioning System). Estas se\u00f1ales nos ponen en condiciones para determinar con precisi\u00f3n en cada momento, en cualquier parte del mundo, la posici\u00f3n [&hellip;]\" \/>\n<meta property=\"og:url\" content=\"https:\/\/www.inter-iberica.com\/es\/calidad\/tracking-tracing\/\" \/>\n<meta property=\"og:site_name\" content=\"Inter Iberica\" \/>\n<meta property=\"article:modified_time\" content=\"2020-09-08T10:54:08+00:00\" \/>\n<meta name=\"twitter:card\" content=\"summary_large_image\" \/>\n<script type=\"application\/ld+json\" class=\"yoast-schema-graph\">{\"@context\":\"https:\\\/\\\/schema.org\",\"@graph\":[{\"@type\":\"WebPage\",\"@id\":\"https:\\\/\\\/www.inter-iberica.com\\\/es\\\/calidad\\\/tracking-tracing\\\/\",\"url\":\"https:\\\/\\\/www.inter-iberica.com\\\/es\\\/calidad\\\/tracking-tracing\\\/\",\"name\":\"Tracking & tracing - Inter Iberica\",\"isPartOf\":{\"@id\":\"https:\\\/\\\/www.inter-iberica.com\\\/#website\"},\"datePublished\":\"2020-02-17T13:44:08+00:00\",\"dateModified\":\"2020-09-08T10:54:08+00:00\",\"breadcrumb\":{\"@id\":\"https:\\\/\\\/www.inter-iberica.com\\\/es\\\/calidad\\\/tracking-tracing\\\/#breadcrumb\"},\"inLanguage\":\"es\",\"potentialAction\":[{\"@type\":\"ReadAction\",\"target\":[\"https:\\\/\\\/www.inter-iberica.com\\\/es\\\/calidad\\\/tracking-tracing\\\/\"]}]},{\"@type\":\"BreadcrumbList\",\"@id\":\"https:\\\/\\\/www.inter-iberica.com\\\/es\\\/calidad\\\/tracking-tracing\\\/#breadcrumb\",\"itemListElement\":[{\"@type\":\"ListItem\",\"position\":1,\"name\":\"Home\",\"item\":\"https:\\\/\\\/www.inter-iberica.com\\\/es\\\/\"},{\"@type\":\"ListItem\",\"position\":2,\"name\":\"Calidad\",\"item\":\"https:\\\/\\\/www.inter-iberica.com\\\/es\\\/calidad\\\/\"},{\"@type\":\"ListItem\",\"position\":3,\"name\":\"Tracking &#038; tracing\"}]},{\"@type\":\"WebSite\",\"@id\":\"https:\\\/\\\/www.inter-iberica.com\\\/#website\",\"url\":\"https:\\\/\\\/www.inter-iberica.com\\\/\",\"name\":\"Inter Iberica\",\"description\":\"\",\"potentialAction\":[{\"@type\":\"SearchAction\",\"target\":{\"@type\":\"EntryPoint\",\"urlTemplate\":\"https:\\\/\\\/www.inter-iberica.com\\\/?s={search_term_string}\"},\"query-input\":{\"@type\":\"PropertyValueSpecification\",\"valueRequired\":true,\"valueName\":\"search_term_string\"}}],\"inLanguage\":\"es\"}]}<\/script>\n<!-- \/ Yoast SEO plugin. -->","yoast_head_json":{"title":"Tracking & tracing - Inter Iberica","robots":{"index":"index","follow":"follow","max-snippet":"max-snippet:-1","max-image-preview":"max-image-preview:large","max-video-preview":"max-video-preview:-1"},"canonical":"https:\/\/www.inter-iberica.com\/es\/calidad\/tracking-tracing\/","og_locale":"es_ES","og_type":"article","og_title":"Tracking & tracing - Inter Iberica","og_description":"[vc_row][vc_column][vc_column_text]La vigilancia del transporte por Tracking &amp; Tracing lo consideramos una cosa natural. El sistema de Tracking &amp; Tracing traduce las se\u00f1ales de los sat\u00e9lites GPS por medio de un m\u00f3dulo GPS (Global Positioning System). Estas se\u00f1ales nos ponen en condiciones para determinar con precisi\u00f3n en cada momento, en cualquier parte del mundo, la posici\u00f3n [&hellip;]","og_url":"https:\/\/www.inter-iberica.com\/es\/calidad\/tracking-tracing\/","og_site_name":"Inter Iberica","article_modified_time":"2020-09-08T10:54:08+00:00","twitter_card":"summary_large_image","schema":{"@context":"https:\/\/schema.org","@graph":[{"@type":"WebPage","@id":"https:\/\/www.inter-iberica.com\/es\/calidad\/tracking-tracing\/","url":"https:\/\/www.inter-iberica.com\/es\/calidad\/tracking-tracing\/","name":"Tracking & tracing - Inter Iberica","isPartOf":{"@id":"https:\/\/www.inter-iberica.com\/#website"},"datePublished":"2020-02-17T13:44:08+00:00","dateModified":"2020-09-08T10:54:08+00:00","breadcrumb":{"@id":"https:\/\/www.inter-iberica.com\/es\/calidad\/tracking-tracing\/#breadcrumb"},"inLanguage":"es","potentialAction":[{"@type":"ReadAction","target":["https:\/\/www.inter-iberica.com\/es\/calidad\/tracking-tracing\/"]}]},{"@type":"BreadcrumbList","@id":"https:\/\/www.inter-iberica.com\/es\/calidad\/tracking-tracing\/#breadcrumb","itemListElement":[{"@type":"ListItem","position":1,"name":"Home","item":"https:\/\/www.inter-iberica.com\/es\/"},{"@type":"ListItem","position":2,"name":"Calidad","item":"https:\/\/www.inter-iberica.com\/es\/calidad\/"},{"@type":"ListItem","position":3,"name":"Tracking &#038; tracing"}]},{"@type":"WebSite","@id":"https:\/\/www.inter-iberica.com\/#website","url":"https:\/\/www.inter-iberica.com\/","name":"Inter Iberica","description":"","potentialAction":[{"@type":"SearchAction","target":{"@type":"EntryPoint","urlTemplate":"https:\/\/www.inter-iberica.com\/?s={search_term_string}"},"query-input":{"@type":"PropertyValueSpecification","valueRequired":true,"valueName":"search_term_string"}}],"inLanguage":"es"}]}},"_links":{"self":[{"href":"https:\/\/www.inter-iberica.com\/es\/wp-json\/wp\/v2\/pages\/2306","targetHints":{"allow":["GET"]}}],"collection":[{"href":"https:\/\/www.inter-iberica.com\/es\/wp-json\/wp\/v2\/pages"}],"about":[{"href":"https:\/\/www.inter-iberica.com\/es\/wp-json\/wp\/v2\/types\/page"}],"author":[{"embeddable":true,"href":"https:\/\/www.inter-iberica.com\/es\/wp-json\/wp\/v2\/users\/3"}],"replies":[{"embeddable":true,"href":"https:\/\/www.inter-iberica.com\/es\/wp-json\/wp\/v2\/comments?post=2306"}],"version-history":[{"count":4,"href":"https:\/\/www.inter-iberica.com\/es\/wp-json\/wp\/v2\/pages\/2306\/revisions"}],"predecessor-version":[{"id":3369,"href":"https:\/\/www.inter-iberica.com\/es\/wp-json\/wp\/v2\/pages\/2306\/revisions\/3369"}],"up":[{"embeddable":true,"href":"https:\/\/www.inter-iberica.com\/es\/wp-json\/wp\/v2\/pages\/2295"}],"wp:attachment":[{"href":"https:\/\/www.inter-iberica.com\/es\/wp-json\/wp\/v2\/media?parent=2306"}],"curies":[{"name":"wp","href":"https:\/\/api.w.org\/{rel}","templated":true}]}}