{"id":2170,"date":"2020-04-30T11:05:41","date_gmt":"2020-04-30T11:05:41","guid":{"rendered":"https:\/\/www.inter-iberica.com\/servicios\/spoedtransport\/"},"modified":"2020-08-26T16:45:16","modified_gmt":"2020-08-26T16:45:16","slug":"transporte-urgente","status":"publish","type":"page","link":"https:\/\/www.inter-iberica.com\/es\/servicios\/transporte-urgente\/","title":{"rendered":"Transporte urgente"},"content":{"rendered":"<div class=\"wpb-content-wrapper\"><p>[vc_row][vc_column css=&#8221;.vc_custom_1552704895602{margin-top: -5px !important;}&#8221;][cms_heading text=&#8221;Transporte urgente&#8221; tag=&#8221;h4&#8243; text_color=&#8221;#222222&#8243; cms_template=&#8221;cms_heading.php&#8221;][vc_column_text css=&#8221;.vc_custom_1594504236765{margin-bottom: 22px !important;}&#8221;]Se trata del tiempo en caso de los transportes urgentes. Inter-Iberica le quita al cliente todos los cuidados de entre las manos para entregar su env\u00edo urgente a la hora deseada. Inter-Iberica se ocupa de los destinos dentro toda Europa.\u00a0Caso de que uno est\u00e9 obligado por la ley respecto de la hora de conducci\u00f3n de hacer conducir dos conductores, uno ser\u00e1 capaz de actuar r\u00e1pidamente. Las mercanc\u00edas ser\u00e1n transportadas en unidades cerradas teniendo una comunicaci\u00f3n por sat\u00e9lite. Todas las unidades disponen de botones de urgencia, con los cuales los centros de urgencia en toda Europa est\u00e1n en contacto con los camiones, para que puedan intervenir de una manera adecuada.\u00a0De este modo se excluye todos peligros posibles.[\/vc_column_text][\/vc_column][\/vc_row]<\/p>\n<\/div>","protected":false},"excerpt":{"rendered":"<p>[vc_row][vc_column css=&#8221;.vc_custom_1552704895602{margin-top: -5px !important;}&#8221;][cms_heading text=&#8221;Transporte urgente&#8221; tag=&#8221;h4&#8243; text_color=&#8221;#222222&#8243; cms_template=&#8221;cms_heading.php&#8221;][vc_column_text css=&#8221;.vc_custom_1594504236765{margin-bottom: 22px !important;}&#8221;]Se trata del tiempo en caso de los transportes urgentes. Inter-Iberica le quita al cliente todos los cuidados de entre las manos para entregar su env\u00edo urgente a la hora deseada. Inter-Iberica se ocupa de los destinos dentro toda Europa.\u00a0Caso de que uno est\u00e9 [&hellip;]<\/p>\n","protected":false},"author":3,"featured_media":0,"parent":2117,"menu_order":0,"comment_status":"closed","ping_status":"closed","template":"","meta":{"footnotes":""},"class_list":["post-2170","page","type-page","status-publish","hentry"],"yoast_head":"<!-- This site is optimized with the Yoast SEO plugin v27.4 - https:\/\/yoast.com\/product\/yoast-seo-wordpress\/ -->\n<title>Transporte urgente - Inter Iberica<\/title>\n<meta name=\"robots\" content=\"index, follow, max-snippet:-1, max-image-preview:large, max-video-preview:-1\" \/>\n<link rel=\"canonical\" href=\"https:\/\/www.inter-iberica.com\/es\/servicios\/transporte-urgente\/\" \/>\n<meta property=\"og:locale\" content=\"es_ES\" \/>\n<meta property=\"og:type\" content=\"article\" \/>\n<meta property=\"og:title\" content=\"Transporte urgente - Inter Iberica\" \/>\n<meta property=\"og:description\" content=\"[vc_row][vc_column css=&#8221;.vc_custom_1552704895602{margin-top: -5px !important;}&#8221;][cms_heading text=&#8221;Transporte urgente&#8221; tag=&#8221;h4&#8243; text_color=&#8221;#222222&#8243; cms_template=&#8221;cms_heading.php&#8221;][vc_column_text css=&#8221;.vc_custom_1594504236765{margin-bottom: 22px !important;}&#8221;]Se trata del tiempo en caso de los transportes urgentes. Inter-Iberica le quita al cliente todos los cuidados de entre las manos para entregar su env\u00edo urgente a la hora deseada. Inter-Iberica se ocupa de los destinos dentro toda Europa.\u00a0Caso de que uno est\u00e9 [&hellip;]\" \/>\n<meta property=\"og:url\" content=\"https:\/\/www.inter-iberica.com\/es\/servicios\/transporte-urgente\/\" \/>\n<meta property=\"og:site_name\" content=\"Inter Iberica\" \/>\n<meta property=\"article:modified_time\" content=\"2020-08-26T16:45:16+00:00\" \/>\n<meta name=\"twitter:card\" content=\"summary_large_image\" \/>\n<meta name=\"twitter:label1\" content=\"Tiempo de lectura\" \/>\n\t<meta name=\"twitter:data1\" content=\"1 minuto\" \/>\n<script type=\"application\/ld+json\" class=\"yoast-schema-graph\">{\"@context\":\"https:\\\/\\\/schema.org\",\"@graph\":[{\"@type\":\"WebPage\",\"@id\":\"https:\\\/\\\/www.inter-iberica.com\\\/es\\\/servicios\\\/transporte-urgente\\\/\",\"url\":\"https:\\\/\\\/www.inter-iberica.com\\\/es\\\/servicios\\\/transporte-urgente\\\/\",\"name\":\"Transporte urgente - Inter Iberica\",\"isPartOf\":{\"@id\":\"https:\\\/\\\/www.inter-iberica.com\\\/#website\"},\"datePublished\":\"2020-04-30T11:05:41+00:00\",\"dateModified\":\"2020-08-26T16:45:16+00:00\",\"breadcrumb\":{\"@id\":\"https:\\\/\\\/www.inter-iberica.com\\\/es\\\/servicios\\\/transporte-urgente\\\/#breadcrumb\"},\"inLanguage\":\"es\",\"potentialAction\":[{\"@type\":\"ReadAction\",\"target\":[\"https:\\\/\\\/www.inter-iberica.com\\\/es\\\/servicios\\\/transporte-urgente\\\/\"]}]},{\"@type\":\"BreadcrumbList\",\"@id\":\"https:\\\/\\\/www.inter-iberica.com\\\/es\\\/servicios\\\/transporte-urgente\\\/#breadcrumb\",\"itemListElement\":[{\"@type\":\"ListItem\",\"position\":1,\"name\":\"Home\",\"item\":\"https:\\\/\\\/www.inter-iberica.com\\\/es\\\/\"},{\"@type\":\"ListItem\",\"position\":2,\"name\":\"Servicios\",\"item\":\"https:\\\/\\\/www.inter-iberica.com\\\/es\\\/servicios\\\/\"},{\"@type\":\"ListItem\",\"position\":3,\"name\":\"Transporte urgente\"}]},{\"@type\":\"WebSite\",\"@id\":\"https:\\\/\\\/www.inter-iberica.com\\\/#website\",\"url\":\"https:\\\/\\\/www.inter-iberica.com\\\/\",\"name\":\"Inter Iberica\",\"description\":\"\",\"potentialAction\":[{\"@type\":\"SearchAction\",\"target\":{\"@type\":\"EntryPoint\",\"urlTemplate\":\"https:\\\/\\\/www.inter-iberica.com\\\/?s={search_term_string}\"},\"query-input\":{\"@type\":\"PropertyValueSpecification\",\"valueRequired\":true,\"valueName\":\"search_term_string\"}}],\"inLanguage\":\"es\"}]}<\/script>\n<!-- \/ Yoast SEO plugin. -->","yoast_head_json":{"title":"Transporte urgente - Inter Iberica","robots":{"index":"index","follow":"follow","max-snippet":"max-snippet:-1","max-image-preview":"max-image-preview:large","max-video-preview":"max-video-preview:-1"},"canonical":"https:\/\/www.inter-iberica.com\/es\/servicios\/transporte-urgente\/","og_locale":"es_ES","og_type":"article","og_title":"Transporte urgente - Inter Iberica","og_description":"[vc_row][vc_column css=&#8221;.vc_custom_1552704895602{margin-top: -5px !important;}&#8221;][cms_heading text=&#8221;Transporte urgente&#8221; tag=&#8221;h4&#8243; text_color=&#8221;#222222&#8243; cms_template=&#8221;cms_heading.php&#8221;][vc_column_text css=&#8221;.vc_custom_1594504236765{margin-bottom: 22px !important;}&#8221;]Se trata del tiempo en caso de los transportes urgentes. Inter-Iberica le quita al cliente todos los cuidados de entre las manos para entregar su env\u00edo urgente a la hora deseada. Inter-Iberica se ocupa de los destinos dentro toda Europa.\u00a0Caso de que uno est\u00e9 [&hellip;]","og_url":"https:\/\/www.inter-iberica.com\/es\/servicios\/transporte-urgente\/","og_site_name":"Inter Iberica","article_modified_time":"2020-08-26T16:45:16+00:00","twitter_card":"summary_large_image","twitter_misc":{"Tiempo de lectura":"1 minuto"},"schema":{"@context":"https:\/\/schema.org","@graph":[{"@type":"WebPage","@id":"https:\/\/www.inter-iberica.com\/es\/servicios\/transporte-urgente\/","url":"https:\/\/www.inter-iberica.com\/es\/servicios\/transporte-urgente\/","name":"Transporte urgente - Inter Iberica","isPartOf":{"@id":"https:\/\/www.inter-iberica.com\/#website"},"datePublished":"2020-04-30T11:05:41+00:00","dateModified":"2020-08-26T16:45:16+00:00","breadcrumb":{"@id":"https:\/\/www.inter-iberica.com\/es\/servicios\/transporte-urgente\/#breadcrumb"},"inLanguage":"es","potentialAction":[{"@type":"ReadAction","target":["https:\/\/www.inter-iberica.com\/es\/servicios\/transporte-urgente\/"]}]},{"@type":"BreadcrumbList","@id":"https:\/\/www.inter-iberica.com\/es\/servicios\/transporte-urgente\/#breadcrumb","itemListElement":[{"@type":"ListItem","position":1,"name":"Home","item":"https:\/\/www.inter-iberica.com\/es\/"},{"@type":"ListItem","position":2,"name":"Servicios","item":"https:\/\/www.inter-iberica.com\/es\/servicios\/"},{"@type":"ListItem","position":3,"name":"Transporte urgente"}]},{"@type":"WebSite","@id":"https:\/\/www.inter-iberica.com\/#website","url":"https:\/\/www.inter-iberica.com\/","name":"Inter Iberica","description":"","potentialAction":[{"@type":"SearchAction","target":{"@type":"EntryPoint","urlTemplate":"https:\/\/www.inter-iberica.com\/?s={search_term_string}"},"query-input":{"@type":"PropertyValueSpecification","valueRequired":true,"valueName":"search_term_string"}}],"inLanguage":"es"}]}},"_links":{"self":[{"href":"https:\/\/www.inter-iberica.com\/es\/wp-json\/wp\/v2\/pages\/2170","targetHints":{"allow":["GET"]}}],"collection":[{"href":"https:\/\/www.inter-iberica.com\/es\/wp-json\/wp\/v2\/pages"}],"about":[{"href":"https:\/\/www.inter-iberica.com\/es\/wp-json\/wp\/v2\/types\/page"}],"author":[{"embeddable":true,"href":"https:\/\/www.inter-iberica.com\/es\/wp-json\/wp\/v2\/users\/3"}],"replies":[{"embeddable":true,"href":"https:\/\/www.inter-iberica.com\/es\/wp-json\/wp\/v2\/comments?post=2170"}],"version-history":[{"count":3,"href":"https:\/\/www.inter-iberica.com\/es\/wp-json\/wp\/v2\/pages\/2170\/revisions"}],"predecessor-version":[{"id":3338,"href":"https:\/\/www.inter-iberica.com\/es\/wp-json\/wp\/v2\/pages\/2170\/revisions\/3338"}],"up":[{"embeddable":true,"href":"https:\/\/www.inter-iberica.com\/es\/wp-json\/wp\/v2\/pages\/2117"}],"wp:attachment":[{"href":"https:\/\/www.inter-iberica.com\/es\/wp-json\/wp\/v2\/media?parent=2170"}],"curies":[{"name":"wp","href":"https:\/\/api.w.org\/{rel}","templated":true}]}}