{"id":2164,"date":"2020-04-30T10:52:12","date_gmt":"2020-04-30T10:52:12","guid":{"rendered":"https:\/\/www.inter-iberica.com\/servicios\/scheepsbevoorrading\/"},"modified":"2020-09-08T10:39:56","modified_gmt":"2020-09-08T10:39:56","slug":"abastecimiento-de-barcos","status":"publish","type":"page","link":"https:\/\/www.inter-iberica.com\/es\/servicios\/abastecimiento-de-barcos\/","title":{"rendered":"Abastecimiento de barcos"},"content":{"rendered":"<div class=\"wpb-content-wrapper\"><p>[vc_row][vc_column css=&#8221;.vc_custom_1552704895602{margin-top: -5px !important;}&#8221;][cms_heading text=&#8221;Abastecimiento de barcos&#8221; tag=&#8221;h4&#8243; text_color=&#8221;#222222&#8243; cms_template=&#8221;cms_heading.php&#8221;][vc_column_text css=&#8221;.vc_custom_1594503840260{margin-bottom: 22px !important;}&#8221;]El abastecimiento de los barcos mar\u00edtimos y de las plataformas petrol\u00edferas en Europa tambi\u00e9n pertenece a una de las posibilidades de Inter-Iberica. Desde v\u00edveres en forma de productos alimenticios hasta el transporte de accesorios mar\u00edtimos tales como motores.<\/p>\n<p>Inter-Iberica dispone de varios tipos de veh\u00edculos.\u00a0Hacemos uso de por ejemplo veh\u00edculos teniendo varios compartimientos, cuya temperatura podr\u00e1 ser regulada separadamente.[\/vc_column_text][\/vc_column][\/vc_row]<\/p>\n<\/div>","protected":false},"excerpt":{"rendered":"<p>[vc_row][vc_column css=&#8221;.vc_custom_1552704895602{margin-top: -5px !important;}&#8221;][cms_heading text=&#8221;Abastecimiento de barcos&#8221; tag=&#8221;h4&#8243; text_color=&#8221;#222222&#8243; cms_template=&#8221;cms_heading.php&#8221;][vc_column_text css=&#8221;.vc_custom_1594503840260{margin-bottom: 22px !important;}&#8221;]El abastecimiento de los barcos mar\u00edtimos y de las plataformas petrol\u00edferas en Europa tambi\u00e9n pertenece a una de las posibilidades de Inter-Iberica. Desde v\u00edveres en forma de productos alimenticios hasta el transporte de accesorios mar\u00edtimos tales como motores. Inter-Iberica dispone de varios tipos [&hellip;]<\/p>\n","protected":false},"author":3,"featured_media":0,"parent":2117,"menu_order":0,"comment_status":"closed","ping_status":"closed","template":"","meta":{"footnotes":""},"class_list":["post-2164","page","type-page","status-publish","hentry"],"yoast_head":"<!-- This site is optimized with the Yoast SEO plugin v27.4 - https:\/\/yoast.com\/product\/yoast-seo-wordpress\/ -->\n<title>Abastecimiento de barcos - Inter Iberica<\/title>\n<meta name=\"robots\" content=\"index, follow, max-snippet:-1, max-image-preview:large, max-video-preview:-1\" \/>\n<link rel=\"canonical\" href=\"https:\/\/www.inter-iberica.com\/es\/servicios\/abastecimiento-de-barcos\/\" \/>\n<meta property=\"og:locale\" content=\"es_ES\" \/>\n<meta property=\"og:type\" content=\"article\" \/>\n<meta property=\"og:title\" content=\"Abastecimiento de barcos - Inter Iberica\" \/>\n<meta property=\"og:description\" content=\"[vc_row][vc_column css=&#8221;.vc_custom_1552704895602{margin-top: -5px !important;}&#8221;][cms_heading text=&#8221;Abastecimiento de barcos&#8221; tag=&#8221;h4&#8243; text_color=&#8221;#222222&#8243; cms_template=&#8221;cms_heading.php&#8221;][vc_column_text css=&#8221;.vc_custom_1594503840260{margin-bottom: 22px !important;}&#8221;]El abastecimiento de los barcos mar\u00edtimos y de las plataformas petrol\u00edferas en Europa tambi\u00e9n pertenece a una de las posibilidades de Inter-Iberica. Desde v\u00edveres en forma de productos alimenticios hasta el transporte de accesorios mar\u00edtimos tales como motores. Inter-Iberica dispone de varios tipos [&hellip;]\" \/>\n<meta property=\"og:url\" content=\"https:\/\/www.inter-iberica.com\/es\/servicios\/abastecimiento-de-barcos\/\" \/>\n<meta property=\"og:site_name\" content=\"Inter Iberica\" \/>\n<meta property=\"article:modified_time\" content=\"2020-09-08T10:39:56+00:00\" \/>\n<meta name=\"twitter:card\" content=\"summary_large_image\" \/>\n<meta name=\"twitter:label1\" content=\"Tiempo de lectura\" \/>\n\t<meta name=\"twitter:data1\" content=\"1 minuto\" \/>\n<script type=\"application\/ld+json\" class=\"yoast-schema-graph\">{\"@context\":\"https:\\\/\\\/schema.org\",\"@graph\":[{\"@type\":\"WebPage\",\"@id\":\"https:\\\/\\\/www.inter-iberica.com\\\/es\\\/servicios\\\/abastecimiento-de-barcos\\\/\",\"url\":\"https:\\\/\\\/www.inter-iberica.com\\\/es\\\/servicios\\\/abastecimiento-de-barcos\\\/\",\"name\":\"Abastecimiento de barcos - Inter Iberica\",\"isPartOf\":{\"@id\":\"https:\\\/\\\/www.inter-iberica.com\\\/#website\"},\"datePublished\":\"2020-04-30T10:52:12+00:00\",\"dateModified\":\"2020-09-08T10:39:56+00:00\",\"breadcrumb\":{\"@id\":\"https:\\\/\\\/www.inter-iberica.com\\\/es\\\/servicios\\\/abastecimiento-de-barcos\\\/#breadcrumb\"},\"inLanguage\":\"es\",\"potentialAction\":[{\"@type\":\"ReadAction\",\"target\":[\"https:\\\/\\\/www.inter-iberica.com\\\/es\\\/servicios\\\/abastecimiento-de-barcos\\\/\"]}]},{\"@type\":\"BreadcrumbList\",\"@id\":\"https:\\\/\\\/www.inter-iberica.com\\\/es\\\/servicios\\\/abastecimiento-de-barcos\\\/#breadcrumb\",\"itemListElement\":[{\"@type\":\"ListItem\",\"position\":1,\"name\":\"Home\",\"item\":\"https:\\\/\\\/www.inter-iberica.com\\\/es\\\/\"},{\"@type\":\"ListItem\",\"position\":2,\"name\":\"Servicios\",\"item\":\"https:\\\/\\\/www.inter-iberica.com\\\/es\\\/servicios\\\/\"},{\"@type\":\"ListItem\",\"position\":3,\"name\":\"Abastecimiento de barcos\"}]},{\"@type\":\"WebSite\",\"@id\":\"https:\\\/\\\/www.inter-iberica.com\\\/#website\",\"url\":\"https:\\\/\\\/www.inter-iberica.com\\\/\",\"name\":\"Inter Iberica\",\"description\":\"\",\"potentialAction\":[{\"@type\":\"SearchAction\",\"target\":{\"@type\":\"EntryPoint\",\"urlTemplate\":\"https:\\\/\\\/www.inter-iberica.com\\\/?s={search_term_string}\"},\"query-input\":{\"@type\":\"PropertyValueSpecification\",\"valueRequired\":true,\"valueName\":\"search_term_string\"}}],\"inLanguage\":\"es\"}]}<\/script>\n<!-- \/ Yoast SEO plugin. -->","yoast_head_json":{"title":"Abastecimiento de barcos - Inter Iberica","robots":{"index":"index","follow":"follow","max-snippet":"max-snippet:-1","max-image-preview":"max-image-preview:large","max-video-preview":"max-video-preview:-1"},"canonical":"https:\/\/www.inter-iberica.com\/es\/servicios\/abastecimiento-de-barcos\/","og_locale":"es_ES","og_type":"article","og_title":"Abastecimiento de barcos - Inter Iberica","og_description":"[vc_row][vc_column css=&#8221;.vc_custom_1552704895602{margin-top: -5px !important;}&#8221;][cms_heading text=&#8221;Abastecimiento de barcos&#8221; tag=&#8221;h4&#8243; text_color=&#8221;#222222&#8243; cms_template=&#8221;cms_heading.php&#8221;][vc_column_text css=&#8221;.vc_custom_1594503840260{margin-bottom: 22px !important;}&#8221;]El abastecimiento de los barcos mar\u00edtimos y de las plataformas petrol\u00edferas en Europa tambi\u00e9n pertenece a una de las posibilidades de Inter-Iberica. Desde v\u00edveres en forma de productos alimenticios hasta el transporte de accesorios mar\u00edtimos tales como motores. Inter-Iberica dispone de varios tipos [&hellip;]","og_url":"https:\/\/www.inter-iberica.com\/es\/servicios\/abastecimiento-de-barcos\/","og_site_name":"Inter Iberica","article_modified_time":"2020-09-08T10:39:56+00:00","twitter_card":"summary_large_image","twitter_misc":{"Tiempo de lectura":"1 minuto"},"schema":{"@context":"https:\/\/schema.org","@graph":[{"@type":"WebPage","@id":"https:\/\/www.inter-iberica.com\/es\/servicios\/abastecimiento-de-barcos\/","url":"https:\/\/www.inter-iberica.com\/es\/servicios\/abastecimiento-de-barcos\/","name":"Abastecimiento de barcos - Inter Iberica","isPartOf":{"@id":"https:\/\/www.inter-iberica.com\/#website"},"datePublished":"2020-04-30T10:52:12+00:00","dateModified":"2020-09-08T10:39:56+00:00","breadcrumb":{"@id":"https:\/\/www.inter-iberica.com\/es\/servicios\/abastecimiento-de-barcos\/#breadcrumb"},"inLanguage":"es","potentialAction":[{"@type":"ReadAction","target":["https:\/\/www.inter-iberica.com\/es\/servicios\/abastecimiento-de-barcos\/"]}]},{"@type":"BreadcrumbList","@id":"https:\/\/www.inter-iberica.com\/es\/servicios\/abastecimiento-de-barcos\/#breadcrumb","itemListElement":[{"@type":"ListItem","position":1,"name":"Home","item":"https:\/\/www.inter-iberica.com\/es\/"},{"@type":"ListItem","position":2,"name":"Servicios","item":"https:\/\/www.inter-iberica.com\/es\/servicios\/"},{"@type":"ListItem","position":3,"name":"Abastecimiento de barcos"}]},{"@type":"WebSite","@id":"https:\/\/www.inter-iberica.com\/#website","url":"https:\/\/www.inter-iberica.com\/","name":"Inter Iberica","description":"","potentialAction":[{"@type":"SearchAction","target":{"@type":"EntryPoint","urlTemplate":"https:\/\/www.inter-iberica.com\/?s={search_term_string}"},"query-input":{"@type":"PropertyValueSpecification","valueRequired":true,"valueName":"search_term_string"}}],"inLanguage":"es"}]}},"_links":{"self":[{"href":"https:\/\/www.inter-iberica.com\/es\/wp-json\/wp\/v2\/pages\/2164","targetHints":{"allow":["GET"]}}],"collection":[{"href":"https:\/\/www.inter-iberica.com\/es\/wp-json\/wp\/v2\/pages"}],"about":[{"href":"https:\/\/www.inter-iberica.com\/es\/wp-json\/wp\/v2\/types\/page"}],"author":[{"embeddable":true,"href":"https:\/\/www.inter-iberica.com\/es\/wp-json\/wp\/v2\/users\/3"}],"replies":[{"embeddable":true,"href":"https:\/\/www.inter-iberica.com\/es\/wp-json\/wp\/v2\/comments?post=2164"}],"version-history":[{"count":3,"href":"https:\/\/www.inter-iberica.com\/es\/wp-json\/wp\/v2\/pages\/2164\/revisions"}],"predecessor-version":[{"id":3333,"href":"https:\/\/www.inter-iberica.com\/es\/wp-json\/wp\/v2\/pages\/2164\/revisions\/3333"}],"up":[{"embeddable":true,"href":"https:\/\/www.inter-iberica.com\/es\/wp-json\/wp\/v2\/pages\/2117"}],"wp:attachment":[{"href":"https:\/\/www.inter-iberica.com\/es\/wp-json\/wp\/v2\/media?parent=2164"}],"curies":[{"name":"wp","href":"https:\/\/api.w.org\/{rel}","templated":true}]}}