{"id":2117,"date":"2019-03-02T03:14:30","date_gmt":"2019-03-02T03:14:30","guid":{"rendered":"https:\/\/www.inter-iberica.com\/diensten\/"},"modified":"2020-08-25T19:01:02","modified_gmt":"2020-08-25T19:01:02","slug":"servicios","status":"publish","type":"page","link":"https:\/\/www.inter-iberica.com\/es\/servicios\/","title":{"rendered":"Servicios"},"content":{"rendered":"<div class=\"wpb-content-wrapper\"><p>[vc_row full_width=&#8221;stretch_row&#8221; css=&#8221;.vc_custom_1556079534384{padding-top: 50px !important;padding-bottom: 8px !important;background-color: #f9f9f9 !important;}&#8221;][vc_column width=&#8221;1\/2&#8243;][cms_heading subtitle=&#8221;Servicios&#8221; subtitle_margin_bottom=&#8221;12px&#8221; subtitle_color=&#8221;#f2193c&#8221; text=&#8221;Nuestros empleados profesionales se ocupar\u00e1n de todos vuestros pedidos con mucho cuidado.&#8221; title_line_height=&#8221;46px&#8221; cms_template=&#8221;cms_heading&#8211;layout3.php&#8221;][\/vc_column][vc_column width=&#8221;1\/2&#8243;][cms_space space_lg=&#8221;40&#8243; space_md=&#8221;40&#8243; space_sm=&#8221;0&#8243; space_xs=&#8221;0&#8243;][vc_column_text]Inter-Iberica puede transportar\u00a0toda clase de mercanc\u00edas, cualquier que sea el tama\u00f1o y el peso, a cada destino, lo m\u00e1s eficiente que sea posible, con todas las modalidades corrientes.[\/vc_column_text][\/vc_column][\/vc_row][vc_row full_width=&#8221;stretch_row&#8221; css=&#8221;.vc_custom_1553937727764{background-color: #f9f9f9 !important;}&#8221;][vc_column][cms_services_grid limit=&#8221;10&#8243; pagination_type=&#8221;false&#8221; col_xs=&#8221;1&#8243; col_sm=&#8221;1&#8243; col_md=&#8221;2&#8243; col_lg=&#8221;3&#8243;][cms_space space_lg=&#8221;80&#8243; space_md=&#8221;80&#8243; space_sm=&#8221;80&#8243; space_xs=&#8221;80&#8243;][\/vc_column][\/vc_row]<\/p>\n<\/div>","protected":false},"excerpt":{"rendered":"<p>[vc_row full_width=&#8221;stretch_row&#8221; css=&#8221;.vc_custom_1556079534384{padding-top: 50px !important;padding-bottom: 8px !important;background-color: #f9f9f9 !important;}&#8221;][vc_column width=&#8221;1\/2&#8243;][cms_heading subtitle=&#8221;Servicios&#8221; subtitle_margin_bottom=&#8221;12px&#8221; subtitle_color=&#8221;#f2193c&#8221; text=&#8221;Nuestros empleados profesionales se ocupar\u00e1n de todos vuestros pedidos con mucho cuidado.&#8221; title_line_height=&#8221;46px&#8221; cms_template=&#8221;cms_heading&#8211;layout3.php&#8221;][\/vc_column][vc_column width=&#8221;1\/2&#8243;][cms_space space_lg=&#8221;40&#8243; space_md=&#8221;40&#8243; space_sm=&#8221;0&#8243; space_xs=&#8221;0&#8243;][vc_column_text]Inter-Iberica puede transportar\u00a0toda clase de mercanc\u00edas, cualquier que sea el tama\u00f1o y el peso, a cada destino, lo m\u00e1s eficiente que sea posible, con [&hellip;]<\/p>\n","protected":false},"author":3,"featured_media":0,"parent":0,"menu_order":0,"comment_status":"closed","ping_status":"closed","template":"","meta":{"footnotes":""},"class_list":["post-2117","page","type-page","status-publish","hentry"],"yoast_head":"<!-- This site is optimized with the Yoast SEO plugin v27.4 - https:\/\/yoast.com\/product\/yoast-seo-wordpress\/ -->\n<title>Servicios - Inter Iberica<\/title>\n<meta name=\"robots\" content=\"index, follow, max-snippet:-1, max-image-preview:large, max-video-preview:-1\" \/>\n<link rel=\"canonical\" href=\"https:\/\/www.inter-iberica.com\/es\/servicios\/\" \/>\n<meta property=\"og:locale\" content=\"es_ES\" \/>\n<meta property=\"og:type\" content=\"article\" \/>\n<meta property=\"og:title\" content=\"Servicios - Inter Iberica\" \/>\n<meta property=\"og:description\" content=\"[vc_row full_width=&#8221;stretch_row&#8221; css=&#8221;.vc_custom_1556079534384{padding-top: 50px !important;padding-bottom: 8px !important;background-color: #f9f9f9 !important;}&#8221;][vc_column width=&#8221;1\/2&#8243;][cms_heading subtitle=&#8221;Servicios&#8221; subtitle_margin_bottom=&#8221;12px&#8221; subtitle_color=&#8221;#f2193c&#8221; text=&#8221;Nuestros empleados profesionales se ocupar\u00e1n de todos vuestros pedidos con mucho cuidado.&#8221; title_line_height=&#8221;46px&#8221; cms_template=&#8221;cms_heading&#8211;layout3.php&#8221;][\/vc_column][vc_column width=&#8221;1\/2&#8243;][cms_space space_lg=&#8221;40&#8243; space_md=&#8221;40&#8243; space_sm=&#8221;0&#8243; space_xs=&#8221;0&#8243;][vc_column_text]Inter-Iberica puede transportar\u00a0toda clase de mercanc\u00edas, cualquier que sea el tama\u00f1o y el peso, a cada destino, lo m\u00e1s eficiente que sea posible, con [&hellip;]\" \/>\n<meta property=\"og:url\" content=\"https:\/\/www.inter-iberica.com\/es\/servicios\/\" \/>\n<meta property=\"og:site_name\" content=\"Inter Iberica\" \/>\n<meta property=\"article:modified_time\" content=\"2020-08-25T19:01:02+00:00\" \/>\n<meta name=\"twitter:card\" content=\"summary_large_image\" \/>\n<meta name=\"twitter:label1\" content=\"Tiempo de lectura\" \/>\n\t<meta name=\"twitter:data1\" content=\"1 minuto\" \/>\n<script type=\"application\/ld+json\" class=\"yoast-schema-graph\">{\"@context\":\"https:\\\/\\\/schema.org\",\"@graph\":[{\"@type\":\"WebPage\",\"@id\":\"https:\\\/\\\/www.inter-iberica.com\\\/es\\\/servicios\\\/\",\"url\":\"https:\\\/\\\/www.inter-iberica.com\\\/es\\\/servicios\\\/\",\"name\":\"Servicios - Inter Iberica\",\"isPartOf\":{\"@id\":\"https:\\\/\\\/www.inter-iberica.com\\\/#website\"},\"datePublished\":\"2019-03-02T03:14:30+00:00\",\"dateModified\":\"2020-08-25T19:01:02+00:00\",\"breadcrumb\":{\"@id\":\"https:\\\/\\\/www.inter-iberica.com\\\/es\\\/servicios\\\/#breadcrumb\"},\"inLanguage\":\"es\",\"potentialAction\":[{\"@type\":\"ReadAction\",\"target\":[\"https:\\\/\\\/www.inter-iberica.com\\\/es\\\/servicios\\\/\"]}]},{\"@type\":\"BreadcrumbList\",\"@id\":\"https:\\\/\\\/www.inter-iberica.com\\\/es\\\/servicios\\\/#breadcrumb\",\"itemListElement\":[{\"@type\":\"ListItem\",\"position\":1,\"name\":\"Home\",\"item\":\"https:\\\/\\\/www.inter-iberica.com\\\/es\\\/\"},{\"@type\":\"ListItem\",\"position\":2,\"name\":\"Servicios\"}]},{\"@type\":\"WebSite\",\"@id\":\"https:\\\/\\\/www.inter-iberica.com\\\/#website\",\"url\":\"https:\\\/\\\/www.inter-iberica.com\\\/\",\"name\":\"Inter Iberica\",\"description\":\"\",\"potentialAction\":[{\"@type\":\"SearchAction\",\"target\":{\"@type\":\"EntryPoint\",\"urlTemplate\":\"https:\\\/\\\/www.inter-iberica.com\\\/?s={search_term_string}\"},\"query-input\":{\"@type\":\"PropertyValueSpecification\",\"valueRequired\":true,\"valueName\":\"search_term_string\"}}],\"inLanguage\":\"es\"}]}<\/script>\n<!-- \/ Yoast SEO plugin. -->","yoast_head_json":{"title":"Servicios - Inter Iberica","robots":{"index":"index","follow":"follow","max-snippet":"max-snippet:-1","max-image-preview":"max-image-preview:large","max-video-preview":"max-video-preview:-1"},"canonical":"https:\/\/www.inter-iberica.com\/es\/servicios\/","og_locale":"es_ES","og_type":"article","og_title":"Servicios - Inter Iberica","og_description":"[vc_row full_width=&#8221;stretch_row&#8221; css=&#8221;.vc_custom_1556079534384{padding-top: 50px !important;padding-bottom: 8px !important;background-color: #f9f9f9 !important;}&#8221;][vc_column width=&#8221;1\/2&#8243;][cms_heading subtitle=&#8221;Servicios&#8221; subtitle_margin_bottom=&#8221;12px&#8221; subtitle_color=&#8221;#f2193c&#8221; text=&#8221;Nuestros empleados profesionales se ocupar\u00e1n de todos vuestros pedidos con mucho cuidado.&#8221; title_line_height=&#8221;46px&#8221; cms_template=&#8221;cms_heading&#8211;layout3.php&#8221;][\/vc_column][vc_column width=&#8221;1\/2&#8243;][cms_space space_lg=&#8221;40&#8243; space_md=&#8221;40&#8243; space_sm=&#8221;0&#8243; space_xs=&#8221;0&#8243;][vc_column_text]Inter-Iberica puede transportar\u00a0toda clase de mercanc\u00edas, cualquier que sea el tama\u00f1o y el peso, a cada destino, lo m\u00e1s eficiente que sea posible, con [&hellip;]","og_url":"https:\/\/www.inter-iberica.com\/es\/servicios\/","og_site_name":"Inter Iberica","article_modified_time":"2020-08-25T19:01:02+00:00","twitter_card":"summary_large_image","twitter_misc":{"Tiempo de lectura":"1 minuto"},"schema":{"@context":"https:\/\/schema.org","@graph":[{"@type":"WebPage","@id":"https:\/\/www.inter-iberica.com\/es\/servicios\/","url":"https:\/\/www.inter-iberica.com\/es\/servicios\/","name":"Servicios - Inter Iberica","isPartOf":{"@id":"https:\/\/www.inter-iberica.com\/#website"},"datePublished":"2019-03-02T03:14:30+00:00","dateModified":"2020-08-25T19:01:02+00:00","breadcrumb":{"@id":"https:\/\/www.inter-iberica.com\/es\/servicios\/#breadcrumb"},"inLanguage":"es","potentialAction":[{"@type":"ReadAction","target":["https:\/\/www.inter-iberica.com\/es\/servicios\/"]}]},{"@type":"BreadcrumbList","@id":"https:\/\/www.inter-iberica.com\/es\/servicios\/#breadcrumb","itemListElement":[{"@type":"ListItem","position":1,"name":"Home","item":"https:\/\/www.inter-iberica.com\/es\/"},{"@type":"ListItem","position":2,"name":"Servicios"}]},{"@type":"WebSite","@id":"https:\/\/www.inter-iberica.com\/#website","url":"https:\/\/www.inter-iberica.com\/","name":"Inter Iberica","description":"","potentialAction":[{"@type":"SearchAction","target":{"@type":"EntryPoint","urlTemplate":"https:\/\/www.inter-iberica.com\/?s={search_term_string}"},"query-input":{"@type":"PropertyValueSpecification","valueRequired":true,"valueName":"search_term_string"}}],"inLanguage":"es"}]}},"_links":{"self":[{"href":"https:\/\/www.inter-iberica.com\/es\/wp-json\/wp\/v2\/pages\/2117","targetHints":{"allow":["GET"]}}],"collection":[{"href":"https:\/\/www.inter-iberica.com\/es\/wp-json\/wp\/v2\/pages"}],"about":[{"href":"https:\/\/www.inter-iberica.com\/es\/wp-json\/wp\/v2\/types\/page"}],"author":[{"embeddable":true,"href":"https:\/\/www.inter-iberica.com\/es\/wp-json\/wp\/v2\/users\/3"}],"replies":[{"embeddable":true,"href":"https:\/\/www.inter-iberica.com\/es\/wp-json\/wp\/v2\/comments?post=2117"}],"version-history":[{"count":3,"href":"https:\/\/www.inter-iberica.com\/es\/wp-json\/wp\/v2\/pages\/2117\/revisions"}],"predecessor-version":[{"id":3224,"href":"https:\/\/www.inter-iberica.com\/es\/wp-json\/wp\/v2\/pages\/2117\/revisions\/3224"}],"wp:attachment":[{"href":"https:\/\/www.inter-iberica.com\/es\/wp-json\/wp\/v2\/media?parent=2117"}],"curies":[{"name":"wp","href":"https:\/\/api.w.org\/{rel}","templated":true}]}}