{"id":3790,"date":"2024-09-30T13:20:06","date_gmt":"2024-09-30T13:20:06","guid":{"rendered":"https:\/\/www.inter-iberica.com\/dienste\/farmaceutisch-transport\/"},"modified":"2024-09-30T13:41:36","modified_gmt":"2024-09-30T13:41:36","slug":"pharmazeutischer-transport","status":"publish","type":"page","link":"https:\/\/www.inter-iberica.com\/de\/dienste\/pharmazeutischer-transport\/","title":{"rendered":"Pharmazeutischer Transport"},"content":{"rendered":"<div class=\"wpb-content-wrapper\"><p>[vc_row][vc_column css=&#8221;.vc_custom_1552704895602{margin-top: -5px !important;}&#8221;][cms_heading text=&#8221;Pharmazeutischer Transport bei Inter-Iberica&#8221; tag=&#8221;h4&#8243; text_color=&#8221;#222222&#8243; cms_template=&#8221;cms_heading.php&#8221;][vc_column_text css=&#8221;.vc_custom_1727703679826{margin-bottom: 22px !important;}&#8221;]Inter-Iberica bietet zuverl\u00e4ssige und sichere Transportl\u00f6sungen f\u00fcr Arzneimittel, vollst\u00e4ndig im Einklang mit den &#8220;EC-Leitlinien f\u00fcr die gute Vertriebspraxis&#8221; (GDP). Unser SGS-Zertifikat best\u00e4tigt, dass wir die h\u00f6chsten europ\u00e4ischen Anforderungen f\u00fcr den Transport von Arzneimitteln erf\u00fcllen. Mit einer modernen Fahrzeugflotte und pr\u00e4ziser Temperaturkontrolle stellen wir sicher, dass Ihre Produkte unter optimalen Bedingungen transportiert werden.<\/p>\n<p>Qualit\u00e4t und Transparenz stehen bei uns an erster Stelle. Dank Echtzeit-Tracking sind Sie stets \u00fcber den Status Ihres Transports informiert. Vertrauen Sie auf Inter-Iberica f\u00fcr effizienten und sicheren pharmazeutischen Transport in ganz Europa.<\/p>\n<p><a href=\"https:\/\/www.inter-iberica.com\/wp-content\/uploads\/2024\/09\/NLDIE_000182_GenericCertificate_Final.pdf\"><img loading=\"lazy\" decoding=\"async\" class=\"alignnone wp-image-3775\" src=\"https:\/\/www.inter-iberica.com\/wp-content\/uploads\/2024\/09\/SGS-logo-600x600.png\" alt=\"\" width=\"247\" height=\"247\" srcset=\"https:\/\/www.inter-iberica.com\/wp-content\/uploads\/2024\/09\/SGS-logo-600x600.png 600w, https:\/\/www.inter-iberica.com\/wp-content\/uploads\/2024\/09\/SGS-logo-300x300.png 300w\" sizes=\"auto, (max-width: 247px) 100vw, 247px\" \/><\/a>[\/vc_column_text][\/vc_column][\/vc_row]<\/p>\n<\/div>","protected":false},"excerpt":{"rendered":"<p>[vc_row][vc_column css=&#8221;.vc_custom_1552704895602{margin-top: -5px !important;}&#8221;][cms_heading text=&#8221;Pharmazeutischer Transport bei Inter-Iberica&#8221; tag=&#8221;h4&#8243; text_color=&#8221;#222222&#8243; cms_template=&#8221;cms_heading.php&#8221;][vc_column_text css=&#8221;.vc_custom_1727703679826{margin-bottom: 22px !important;}&#8221;]Inter-Iberica bietet zuverl\u00e4ssige und sichere Transportl\u00f6sungen f\u00fcr Arzneimittel, vollst\u00e4ndig im Einklang mit den &#8220;EC-Leitlinien f\u00fcr die gute Vertriebspraxis&#8221; (GDP). Unser SGS-Zertifikat best\u00e4tigt, dass wir die h\u00f6chsten europ\u00e4ischen Anforderungen f\u00fcr den Transport von Arzneimitteln erf\u00fcllen. Mit einer modernen Fahrzeugflotte und pr\u00e4ziser Temperaturkontrolle stellen [&hellip;]<\/p>\n","protected":false},"author":5,"featured_media":0,"parent":2115,"menu_order":0,"comment_status":"closed","ping_status":"closed","template":"","meta":{"footnotes":""},"class_list":["post-3790","page","type-page","status-publish","hentry"],"yoast_head":"<!-- This site is optimized with the Yoast SEO plugin v27.4 - https:\/\/yoast.com\/product\/yoast-seo-wordpress\/ -->\n<title>Pharmazeutischer Transport - Inter Iberica<\/title>\n<meta name=\"robots\" content=\"index, follow, max-snippet:-1, max-image-preview:large, max-video-preview:-1\" \/>\n<link rel=\"canonical\" href=\"https:\/\/www.inter-iberica.com\/de\/dienste\/pharmazeutischer-transport\/\" \/>\n<meta property=\"og:locale\" content=\"de_DE\" \/>\n<meta property=\"og:type\" content=\"article\" \/>\n<meta property=\"og:title\" content=\"Pharmazeutischer Transport - Inter Iberica\" \/>\n<meta property=\"og:description\" content=\"[vc_row][vc_column css=&#8221;.vc_custom_1552704895602{margin-top: -5px !important;}&#8221;][cms_heading text=&#8221;Pharmazeutischer Transport bei Inter-Iberica&#8221; tag=&#8221;h4&#8243; text_color=&#8221;#222222&#8243; cms_template=&#8221;cms_heading.php&#8221;][vc_column_text css=&#8221;.vc_custom_1727703679826{margin-bottom: 22px !important;}&#8221;]Inter-Iberica bietet zuverl\u00e4ssige und sichere Transportl\u00f6sungen f\u00fcr Arzneimittel, vollst\u00e4ndig im Einklang mit den &#8220;EC-Leitlinien f\u00fcr die gute Vertriebspraxis&#8221; (GDP). Unser SGS-Zertifikat best\u00e4tigt, dass wir die h\u00f6chsten europ\u00e4ischen Anforderungen f\u00fcr den Transport von Arzneimitteln erf\u00fcllen. Mit einer modernen Fahrzeugflotte und pr\u00e4ziser Temperaturkontrolle stellen [&hellip;]\" \/>\n<meta property=\"og:url\" content=\"https:\/\/www.inter-iberica.com\/de\/dienste\/pharmazeutischer-transport\/\" \/>\n<meta property=\"og:site_name\" content=\"Inter Iberica\" \/>\n<meta property=\"article:modified_time\" content=\"2024-09-30T13:41:36+00:00\" \/>\n<meta property=\"og:image\" content=\"https:\/\/www.inter-iberica.com\/wp-content\/uploads\/2024\/09\/SGS-logo-600x600.png\" \/>\n<meta name=\"twitter:card\" content=\"summary_large_image\" \/>\n<meta name=\"twitter:label1\" content=\"Est. reading time\" \/>\n\t<meta name=\"twitter:data1\" content=\"1 minute\" \/>\n<script type=\"application\/ld+json\" class=\"yoast-schema-graph\">{\"@context\":\"https:\\\/\\\/schema.org\",\"@graph\":[{\"@type\":\"WebPage\",\"@id\":\"https:\\\/\\\/www.inter-iberica.com\\\/de\\\/dienste\\\/pharmazeutischer-transport\\\/\",\"url\":\"https:\\\/\\\/www.inter-iberica.com\\\/de\\\/dienste\\\/pharmazeutischer-transport\\\/\",\"name\":\"Pharmazeutischer Transport - Inter Iberica\",\"isPartOf\":{\"@id\":\"https:\\\/\\\/www.inter-iberica.com\\\/#website\"},\"primaryImageOfPage\":{\"@id\":\"https:\\\/\\\/www.inter-iberica.com\\\/de\\\/dienste\\\/pharmazeutischer-transport\\\/#primaryimage\"},\"image\":{\"@id\":\"https:\\\/\\\/www.inter-iberica.com\\\/de\\\/dienste\\\/pharmazeutischer-transport\\\/#primaryimage\"},\"thumbnailUrl\":\"https:\\\/\\\/www.inter-iberica.com\\\/wp-content\\\/uploads\\\/2024\\\/09\\\/SGS-logo-600x600.png\",\"datePublished\":\"2024-09-30T13:20:06+00:00\",\"dateModified\":\"2024-09-30T13:41:36+00:00\",\"breadcrumb\":{\"@id\":\"https:\\\/\\\/www.inter-iberica.com\\\/de\\\/dienste\\\/pharmazeutischer-transport\\\/#breadcrumb\"},\"inLanguage\":\"de-DE\",\"potentialAction\":[{\"@type\":\"ReadAction\",\"target\":[\"https:\\\/\\\/www.inter-iberica.com\\\/de\\\/dienste\\\/pharmazeutischer-transport\\\/\"]}]},{\"@type\":\"ImageObject\",\"inLanguage\":\"de-DE\",\"@id\":\"https:\\\/\\\/www.inter-iberica.com\\\/de\\\/dienste\\\/pharmazeutischer-transport\\\/#primaryimage\",\"url\":\"https:\\\/\\\/www.inter-iberica.com\\\/wp-content\\\/uploads\\\/2024\\\/09\\\/SGS-logo-600x600.png\",\"contentUrl\":\"https:\\\/\\\/www.inter-iberica.com\\\/wp-content\\\/uploads\\\/2024\\\/09\\\/SGS-logo-600x600.png\"},{\"@type\":\"BreadcrumbList\",\"@id\":\"https:\\\/\\\/www.inter-iberica.com\\\/de\\\/dienste\\\/pharmazeutischer-transport\\\/#breadcrumb\",\"itemListElement\":[{\"@type\":\"ListItem\",\"position\":1,\"name\":\"Home\",\"item\":\"https:\\\/\\\/www.inter-iberica.com\\\/de\\\/\"},{\"@type\":\"ListItem\",\"position\":2,\"name\":\"Dienste\",\"item\":\"https:\\\/\\\/www.inter-iberica.com\\\/de\\\/dienste\\\/\"},{\"@type\":\"ListItem\",\"position\":3,\"name\":\"Pharmazeutischer Transport\"}]},{\"@type\":\"WebSite\",\"@id\":\"https:\\\/\\\/www.inter-iberica.com\\\/#website\",\"url\":\"https:\\\/\\\/www.inter-iberica.com\\\/\",\"name\":\"Inter Iberica\",\"description\":\"\",\"potentialAction\":[{\"@type\":\"SearchAction\",\"target\":{\"@type\":\"EntryPoint\",\"urlTemplate\":\"https:\\\/\\\/www.inter-iberica.com\\\/?s={search_term_string}\"},\"query-input\":{\"@type\":\"PropertyValueSpecification\",\"valueRequired\":true,\"valueName\":\"search_term_string\"}}],\"inLanguage\":\"de-DE\"}]}<\/script>\n<!-- \/ Yoast SEO plugin. -->","yoast_head_json":{"title":"Pharmazeutischer Transport - Inter Iberica","robots":{"index":"index","follow":"follow","max-snippet":"max-snippet:-1","max-image-preview":"max-image-preview:large","max-video-preview":"max-video-preview:-1"},"canonical":"https:\/\/www.inter-iberica.com\/de\/dienste\/pharmazeutischer-transport\/","og_locale":"de_DE","og_type":"article","og_title":"Pharmazeutischer Transport - Inter Iberica","og_description":"[vc_row][vc_column css=&#8221;.vc_custom_1552704895602{margin-top: -5px !important;}&#8221;][cms_heading text=&#8221;Pharmazeutischer Transport bei Inter-Iberica&#8221; tag=&#8221;h4&#8243; text_color=&#8221;#222222&#8243; cms_template=&#8221;cms_heading.php&#8221;][vc_column_text css=&#8221;.vc_custom_1727703679826{margin-bottom: 22px !important;}&#8221;]Inter-Iberica bietet zuverl\u00e4ssige und sichere Transportl\u00f6sungen f\u00fcr Arzneimittel, vollst\u00e4ndig im Einklang mit den &#8220;EC-Leitlinien f\u00fcr die gute Vertriebspraxis&#8221; (GDP). Unser SGS-Zertifikat best\u00e4tigt, dass wir die h\u00f6chsten europ\u00e4ischen Anforderungen f\u00fcr den Transport von Arzneimitteln erf\u00fcllen. Mit einer modernen Fahrzeugflotte und pr\u00e4ziser Temperaturkontrolle stellen [&hellip;]","og_url":"https:\/\/www.inter-iberica.com\/de\/dienste\/pharmazeutischer-transport\/","og_site_name":"Inter Iberica","article_modified_time":"2024-09-30T13:41:36+00:00","og_image":[{"url":"https:\/\/www.inter-iberica.com\/wp-content\/uploads\/2024\/09\/SGS-logo-600x600.png","type":"","width":"","height":""}],"twitter_card":"summary_large_image","twitter_misc":{"Est. reading time":"1 minute"},"schema":{"@context":"https:\/\/schema.org","@graph":[{"@type":"WebPage","@id":"https:\/\/www.inter-iberica.com\/de\/dienste\/pharmazeutischer-transport\/","url":"https:\/\/www.inter-iberica.com\/de\/dienste\/pharmazeutischer-transport\/","name":"Pharmazeutischer Transport - Inter Iberica","isPartOf":{"@id":"https:\/\/www.inter-iberica.com\/#website"},"primaryImageOfPage":{"@id":"https:\/\/www.inter-iberica.com\/de\/dienste\/pharmazeutischer-transport\/#primaryimage"},"image":{"@id":"https:\/\/www.inter-iberica.com\/de\/dienste\/pharmazeutischer-transport\/#primaryimage"},"thumbnailUrl":"https:\/\/www.inter-iberica.com\/wp-content\/uploads\/2024\/09\/SGS-logo-600x600.png","datePublished":"2024-09-30T13:20:06+00:00","dateModified":"2024-09-30T13:41:36+00:00","breadcrumb":{"@id":"https:\/\/www.inter-iberica.com\/de\/dienste\/pharmazeutischer-transport\/#breadcrumb"},"inLanguage":"de-DE","potentialAction":[{"@type":"ReadAction","target":["https:\/\/www.inter-iberica.com\/de\/dienste\/pharmazeutischer-transport\/"]}]},{"@type":"ImageObject","inLanguage":"de-DE","@id":"https:\/\/www.inter-iberica.com\/de\/dienste\/pharmazeutischer-transport\/#primaryimage","url":"https:\/\/www.inter-iberica.com\/wp-content\/uploads\/2024\/09\/SGS-logo-600x600.png","contentUrl":"https:\/\/www.inter-iberica.com\/wp-content\/uploads\/2024\/09\/SGS-logo-600x600.png"},{"@type":"BreadcrumbList","@id":"https:\/\/www.inter-iberica.com\/de\/dienste\/pharmazeutischer-transport\/#breadcrumb","itemListElement":[{"@type":"ListItem","position":1,"name":"Home","item":"https:\/\/www.inter-iberica.com\/de\/"},{"@type":"ListItem","position":2,"name":"Dienste","item":"https:\/\/www.inter-iberica.com\/de\/dienste\/"},{"@type":"ListItem","position":3,"name":"Pharmazeutischer Transport"}]},{"@type":"WebSite","@id":"https:\/\/www.inter-iberica.com\/#website","url":"https:\/\/www.inter-iberica.com\/","name":"Inter Iberica","description":"","potentialAction":[{"@type":"SearchAction","target":{"@type":"EntryPoint","urlTemplate":"https:\/\/www.inter-iberica.com\/?s={search_term_string}"},"query-input":{"@type":"PropertyValueSpecification","valueRequired":true,"valueName":"search_term_string"}}],"inLanguage":"de-DE"}]}},"_links":{"self":[{"href":"https:\/\/www.inter-iberica.com\/de\/wp-json\/wp\/v2\/pages\/3790","targetHints":{"allow":["GET"]}}],"collection":[{"href":"https:\/\/www.inter-iberica.com\/de\/wp-json\/wp\/v2\/pages"}],"about":[{"href":"https:\/\/www.inter-iberica.com\/de\/wp-json\/wp\/v2\/types\/page"}],"author":[{"embeddable":true,"href":"https:\/\/www.inter-iberica.com\/de\/wp-json\/wp\/v2\/users\/5"}],"replies":[{"embeddable":true,"href":"https:\/\/www.inter-iberica.com\/de\/wp-json\/wp\/v2\/comments?post=3790"}],"version-history":[{"count":1,"href":"https:\/\/www.inter-iberica.com\/de\/wp-json\/wp\/v2\/pages\/3790\/revisions"}],"predecessor-version":[{"id":3792,"href":"https:\/\/www.inter-iberica.com\/de\/wp-json\/wp\/v2\/pages\/3790\/revisions\/3792"}],"up":[{"embeddable":true,"href":"https:\/\/www.inter-iberica.com\/de\/wp-json\/wp\/v2\/pages\/2115"}],"wp:attachment":[{"href":"https:\/\/www.inter-iberica.com\/de\/wp-json\/wp\/v2\/media?parent=3790"}],"curies":[{"name":"wp","href":"https:\/\/api.w.org\/{rel}","templated":true}]}}