{"id":2338,"date":"2020-02-17T14:40:39","date_gmt":"2020-02-17T14:40:39","guid":{"rendered":"https:\/\/www.inter-iberica.com\/qualitaet\/certificeringen\/"},"modified":"2025-03-07T04:48:21","modified_gmt":"2025-03-07T04:48:21","slug":"zertifizierungen","status":"publish","type":"page","link":"https:\/\/www.inter-iberica.com\/de\/qualitaet\/zertifizierungen\/","title":{"rendered":"Zertifizierungen"},"content":{"rendered":"<div class=\"wpb-content-wrapper\"><p>[vc_row][vc_column css=&#8221;.vc_custom_1555385548962{margin-bottom: 30px !important;}&#8221;][cms_heading subtitle_font_size=&#8221;17px&#8221; subtitle_margin_bottom=&#8221;13px&#8221; subtitle_color=&#8221;#f92342&#8243; text=&#8221;Bei Inter-Iberica steht Qualit\u00e4t an erster Stelle. Deshalb verf\u00fcgen wir \u00fcber die nachfolgenden Zertifikate.&#8221; tag=&#8221;h3&#8243; title_font_size=&#8221;24px&#8221; title_line_height=&#8221;35px&#8221; cms_template=&#8221;cms_heading&#8211;layout3.php&#8221; el_class=&#8221;close-spacing&#8221; animation=&#8221;fadeInUp&#8221;][\/vc_column][\/vc_row][vc_row equal_height=&#8221;yes&#8221; css=&#8221;.vc_custom_1581950410202{margin-top: 30px !important;}&#8221;][vc_column width=&#8221;1\/3&#8243; css=&#8221;.vc_custom_1554109495307{margin-bottom: 43px !important;padding-top: 0px !important;}&#8221;][cms_fancybox image_icon=&#8221;1817&#8243; title=&#8221;IFS Food &#8211; Logistics 2025&#8243; animation=&#8221;fadeInUp&#8221;][cms_button button_text=&#8221;Zertifikat ansehen&#8221; button_icon=&#8221;true&#8221; button_link=&#8221;url:https%3A%2F%2Fwww.inter-iberica.com%2Fwp-content%2Fuploads%2F2025%2F03%2FIFS-2025.pdf|target:_blank&#8221; margin_top=&#8221;20px&#8221; animation=&#8221;fadeInUp&#8221;][\/vc_column][vc_column width=&#8221;1\/3&#8243; css=&#8221;.vc_custom_1554109500618{margin-bottom: 43px !important;padding-top: 0px !important;}&#8221;][cms_fancybox image_icon=&#8221;1817&#8243; title=&#8221;GMP+ Feed&#8221; animation=&#8221;fadeInUp&#8221;][cms_button button_text=&#8221;Zertifikat ansehen&#8221; button_icon=&#8221;true&#8221; button_link=&#8221;url:https%3A%2F%2Fwww.inter-iberica.com%2Fwp-content%2Fuploads%2F2023%2F09%2FGMP-plus.pdf|target:_blank&#8221; margin_top=&#8221;20px&#8221; animation=&#8221;fadeInUp&#8221;][\/vc_column][vc_column width=&#8221;1\/3&#8243; css=&#8221;.vc_custom_1554109505032{margin-bottom: 43px !important;padding-top: 0px !important;}&#8221;][cms_fancybox image_icon=&#8221;1817&#8243; title=&#8221;SGS medicinal transport&#8221; animation=&#8221;fadeInUp&#8221;][cms_button button_text=&#8221;Zertifikat ansehen&#8221; button_icon=&#8221;true&#8221; button_link=&#8221;url:https%3A%2F%2Fwww.inter-iberica.com%2Fwp-content%2Fuploads%2F2024%2F09%2FNLDIE_000182_GenericCertificate_Final.pdf|target:_blank&#8221; margin_top=&#8221;20px&#8221; animation=&#8221;fadeInUp&#8221;][\/vc_column][\/vc_row]<\/p>\n<\/div>","protected":false},"excerpt":{"rendered":"<p>[vc_row][vc_column css=&#8221;.vc_custom_1555385548962{margin-bottom: 30px !important;}&#8221;][cms_heading subtitle_font_size=&#8221;17px&#8221; subtitle_margin_bottom=&#8221;13px&#8221; subtitle_color=&#8221;#f92342&#8243; text=&#8221;Bei Inter-Iberica steht Qualit\u00e4t an erster Stelle. Deshalb verf\u00fcgen wir \u00fcber die nachfolgenden Zertifikate.&#8221; tag=&#8221;h3&#8243; title_font_size=&#8221;24px&#8221; title_line_height=&#8221;35px&#8221; cms_template=&#8221;cms_heading&#8211;layout3.php&#8221; el_class=&#8221;close-spacing&#8221; animation=&#8221;fadeInUp&#8221;][\/vc_column][\/vc_row][vc_row equal_height=&#8221;yes&#8221; css=&#8221;.vc_custom_1581950410202{margin-top: 30px !important;}&#8221;][vc_column width=&#8221;1\/3&#8243; css=&#8221;.vc_custom_1554109495307{margin-bottom: 43px !important;padding-top: 0px !important;}&#8221;][cms_fancybox image_icon=&#8221;1817&#8243; title=&#8221;IFS Food &#8211; Logistics 2025&#8243; animation=&#8221;fadeInUp&#8221;][cms_button button_text=&#8221;Zertifikat ansehen&#8221; button_icon=&#8221;true&#8221; button_link=&#8221;url:https%3A%2F%2Fwww.inter-iberica.com%2Fwp-content%2Fuploads%2F2025%2F03%2FIFS-2025.pdf|target:_blank&#8221; margin_top=&#8221;20px&#8221; animation=&#8221;fadeInUp&#8221;][\/vc_column][vc_column width=&#8221;1\/3&#8243; css=&#8221;.vc_custom_1554109500618{margin-bottom: 43px !important;padding-top: 0px [&hellip;]<\/p>\n","protected":false},"author":3,"featured_media":0,"parent":2294,"menu_order":0,"comment_status":"closed","ping_status":"closed","template":"","meta":{"footnotes":""},"class_list":["post-2338","page","type-page","status-publish","hentry"],"yoast_head":"<!-- This site is optimized with the Yoast SEO plugin v27.4 - https:\/\/yoast.com\/product\/yoast-seo-wordpress\/ -->\n<title>Zertifizierungen - Inter Iberica<\/title>\n<meta name=\"robots\" content=\"index, follow, max-snippet:-1, max-image-preview:large, max-video-preview:-1\" \/>\n<link rel=\"canonical\" href=\"https:\/\/www.inter-iberica.com\/de\/qualitaet\/zertifizierungen\/\" \/>\n<meta property=\"og:locale\" content=\"de_DE\" \/>\n<meta property=\"og:type\" content=\"article\" \/>\n<meta property=\"og:title\" content=\"Zertifizierungen - Inter Iberica\" \/>\n<meta property=\"og:description\" content=\"[vc_row][vc_column css=&#8221;.vc_custom_1555385548962{margin-bottom: 30px !important;}&#8221;][cms_heading subtitle_font_size=&#8221;17px&#8221; subtitle_margin_bottom=&#8221;13px&#8221; subtitle_color=&#8221;#f92342&#8243; text=&#8221;Bei Inter-Iberica steht Qualit\u00e4t an erster Stelle. Deshalb verf\u00fcgen wir \u00fcber die nachfolgenden Zertifikate.&#8221; tag=&#8221;h3&#8243; title_font_size=&#8221;24px&#8221; title_line_height=&#8221;35px&#8221; cms_template=&#8221;cms_heading&#8211;layout3.php&#8221; el_class=&#8221;close-spacing&#8221; animation=&#8221;fadeInUp&#8221;][\/vc_column][\/vc_row][vc_row equal_height=&#8221;yes&#8221; css=&#8221;.vc_custom_1581950410202{margin-top: 30px !important;}&#8221;][vc_column width=&#8221;1\/3&#8243; css=&#8221;.vc_custom_1554109495307{margin-bottom: 43px !important;padding-top: 0px !important;}&#8221;][cms_fancybox image_icon=&#8221;1817&#8243; title=&#8221;IFS Food &#8211; Logistics 2025&#8243; animation=&#8221;fadeInUp&#8221;][cms_button button_text=&#8221;Zertifikat ansehen&#8221; button_icon=&#8221;true&#8221; button_link=&#8221;url:https%3A%2F%2Fwww.inter-iberica.com%2Fwp-content%2Fuploads%2F2025%2F03%2FIFS-2025.pdf|target:_blank&#8221; margin_top=&#8221;20px&#8221; animation=&#8221;fadeInUp&#8221;][\/vc_column][vc_column width=&#8221;1\/3&#8243; css=&#8221;.vc_custom_1554109500618{margin-bottom: 43px !important;padding-top: 0px [&hellip;]\" \/>\n<meta property=\"og:url\" content=\"https:\/\/www.inter-iberica.com\/de\/qualitaet\/zertifizierungen\/\" \/>\n<meta property=\"og:site_name\" content=\"Inter Iberica\" \/>\n<meta property=\"article:modified_time\" content=\"2025-03-07T04:48:21+00:00\" \/>\n<meta name=\"twitter:card\" content=\"summary_large_image\" \/>\n<meta name=\"twitter:label1\" content=\"Est. reading time\" \/>\n\t<meta name=\"twitter:data1\" content=\"1 minute\" \/>\n<script type=\"application\/ld+json\" class=\"yoast-schema-graph\">{\"@context\":\"https:\\\/\\\/schema.org\",\"@graph\":[{\"@type\":\"WebPage\",\"@id\":\"https:\\\/\\\/www.inter-iberica.com\\\/de\\\/qualitaet\\\/zertifizierungen\\\/\",\"url\":\"https:\\\/\\\/www.inter-iberica.com\\\/de\\\/qualitaet\\\/zertifizierungen\\\/\",\"name\":\"Zertifizierungen - Inter Iberica\",\"isPartOf\":{\"@id\":\"https:\\\/\\\/www.inter-iberica.com\\\/#website\"},\"datePublished\":\"2020-02-17T14:40:39+00:00\",\"dateModified\":\"2025-03-07T04:48:21+00:00\",\"breadcrumb\":{\"@id\":\"https:\\\/\\\/www.inter-iberica.com\\\/de\\\/qualitaet\\\/zertifizierungen\\\/#breadcrumb\"},\"inLanguage\":\"de-DE\",\"potentialAction\":[{\"@type\":\"ReadAction\",\"target\":[\"https:\\\/\\\/www.inter-iberica.com\\\/de\\\/qualitaet\\\/zertifizierungen\\\/\"]}]},{\"@type\":\"BreadcrumbList\",\"@id\":\"https:\\\/\\\/www.inter-iberica.com\\\/de\\\/qualitaet\\\/zertifizierungen\\\/#breadcrumb\",\"itemListElement\":[{\"@type\":\"ListItem\",\"position\":1,\"name\":\"Home\",\"item\":\"https:\\\/\\\/www.inter-iberica.com\\\/de\\\/\"},{\"@type\":\"ListItem\",\"position\":2,\"name\":\"Qualitaet\",\"item\":\"https:\\\/\\\/www.inter-iberica.com\\\/de\\\/qualitaet\\\/\"},{\"@type\":\"ListItem\",\"position\":3,\"name\":\"Zertifizierungen\"}]},{\"@type\":\"WebSite\",\"@id\":\"https:\\\/\\\/www.inter-iberica.com\\\/#website\",\"url\":\"https:\\\/\\\/www.inter-iberica.com\\\/\",\"name\":\"Inter Iberica\",\"description\":\"\",\"potentialAction\":[{\"@type\":\"SearchAction\",\"target\":{\"@type\":\"EntryPoint\",\"urlTemplate\":\"https:\\\/\\\/www.inter-iberica.com\\\/?s={search_term_string}\"},\"query-input\":{\"@type\":\"PropertyValueSpecification\",\"valueRequired\":true,\"valueName\":\"search_term_string\"}}],\"inLanguage\":\"de-DE\"}]}<\/script>\n<!-- \/ Yoast SEO plugin. -->","yoast_head_json":{"title":"Zertifizierungen - Inter Iberica","robots":{"index":"index","follow":"follow","max-snippet":"max-snippet:-1","max-image-preview":"max-image-preview:large","max-video-preview":"max-video-preview:-1"},"canonical":"https:\/\/www.inter-iberica.com\/de\/qualitaet\/zertifizierungen\/","og_locale":"de_DE","og_type":"article","og_title":"Zertifizierungen - Inter Iberica","og_description":"[vc_row][vc_column css=&#8221;.vc_custom_1555385548962{margin-bottom: 30px !important;}&#8221;][cms_heading subtitle_font_size=&#8221;17px&#8221; subtitle_margin_bottom=&#8221;13px&#8221; subtitle_color=&#8221;#f92342&#8243; text=&#8221;Bei Inter-Iberica steht Qualit\u00e4t an erster Stelle. Deshalb verf\u00fcgen wir \u00fcber die nachfolgenden Zertifikate.&#8221; tag=&#8221;h3&#8243; title_font_size=&#8221;24px&#8221; title_line_height=&#8221;35px&#8221; cms_template=&#8221;cms_heading&#8211;layout3.php&#8221; el_class=&#8221;close-spacing&#8221; animation=&#8221;fadeInUp&#8221;][\/vc_column][\/vc_row][vc_row equal_height=&#8221;yes&#8221; css=&#8221;.vc_custom_1581950410202{margin-top: 30px !important;}&#8221;][vc_column width=&#8221;1\/3&#8243; css=&#8221;.vc_custom_1554109495307{margin-bottom: 43px !important;padding-top: 0px !important;}&#8221;][cms_fancybox image_icon=&#8221;1817&#8243; title=&#8221;IFS Food &#8211; Logistics 2025&#8243; animation=&#8221;fadeInUp&#8221;][cms_button button_text=&#8221;Zertifikat ansehen&#8221; button_icon=&#8221;true&#8221; button_link=&#8221;url:https%3A%2F%2Fwww.inter-iberica.com%2Fwp-content%2Fuploads%2F2025%2F03%2FIFS-2025.pdf|target:_blank&#8221; margin_top=&#8221;20px&#8221; animation=&#8221;fadeInUp&#8221;][\/vc_column][vc_column width=&#8221;1\/3&#8243; css=&#8221;.vc_custom_1554109500618{margin-bottom: 43px !important;padding-top: 0px [&hellip;]","og_url":"https:\/\/www.inter-iberica.com\/de\/qualitaet\/zertifizierungen\/","og_site_name":"Inter Iberica","article_modified_time":"2025-03-07T04:48:21+00:00","twitter_card":"summary_large_image","twitter_misc":{"Est. reading time":"1 minute"},"schema":{"@context":"https:\/\/schema.org","@graph":[{"@type":"WebPage","@id":"https:\/\/www.inter-iberica.com\/de\/qualitaet\/zertifizierungen\/","url":"https:\/\/www.inter-iberica.com\/de\/qualitaet\/zertifizierungen\/","name":"Zertifizierungen - Inter Iberica","isPartOf":{"@id":"https:\/\/www.inter-iberica.com\/#website"},"datePublished":"2020-02-17T14:40:39+00:00","dateModified":"2025-03-07T04:48:21+00:00","breadcrumb":{"@id":"https:\/\/www.inter-iberica.com\/de\/qualitaet\/zertifizierungen\/#breadcrumb"},"inLanguage":"de-DE","potentialAction":[{"@type":"ReadAction","target":["https:\/\/www.inter-iberica.com\/de\/qualitaet\/zertifizierungen\/"]}]},{"@type":"BreadcrumbList","@id":"https:\/\/www.inter-iberica.com\/de\/qualitaet\/zertifizierungen\/#breadcrumb","itemListElement":[{"@type":"ListItem","position":1,"name":"Home","item":"https:\/\/www.inter-iberica.com\/de\/"},{"@type":"ListItem","position":2,"name":"Qualitaet","item":"https:\/\/www.inter-iberica.com\/de\/qualitaet\/"},{"@type":"ListItem","position":3,"name":"Zertifizierungen"}]},{"@type":"WebSite","@id":"https:\/\/www.inter-iberica.com\/#website","url":"https:\/\/www.inter-iberica.com\/","name":"Inter Iberica","description":"","potentialAction":[{"@type":"SearchAction","target":{"@type":"EntryPoint","urlTemplate":"https:\/\/www.inter-iberica.com\/?s={search_term_string}"},"query-input":{"@type":"PropertyValueSpecification","valueRequired":true,"valueName":"search_term_string"}}],"inLanguage":"de-DE"}]}},"_links":{"self":[{"href":"https:\/\/www.inter-iberica.com\/de\/wp-json\/wp\/v2\/pages\/2338","targetHints":{"allow":["GET"]}}],"collection":[{"href":"https:\/\/www.inter-iberica.com\/de\/wp-json\/wp\/v2\/pages"}],"about":[{"href":"https:\/\/www.inter-iberica.com\/de\/wp-json\/wp\/v2\/types\/page"}],"author":[{"embeddable":true,"href":"https:\/\/www.inter-iberica.com\/de\/wp-json\/wp\/v2\/users\/3"}],"replies":[{"embeddable":true,"href":"https:\/\/www.inter-iberica.com\/de\/wp-json\/wp\/v2\/comments?post=2338"}],"version-history":[{"count":13,"href":"https:\/\/www.inter-iberica.com\/de\/wp-json\/wp\/v2\/pages\/2338\/revisions"}],"predecessor-version":[{"id":3835,"href":"https:\/\/www.inter-iberica.com\/de\/wp-json\/wp\/v2\/pages\/2338\/revisions\/3835"}],"up":[{"embeddable":true,"href":"https:\/\/www.inter-iberica.com\/de\/wp-json\/wp\/v2\/pages\/2294"}],"wp:attachment":[{"href":"https:\/\/www.inter-iberica.com\/de\/wp-json\/wp\/v2\/media?parent=2338"}],"curies":[{"name":"wp","href":"https:\/\/api.w.org\/{rel}","templated":true}]}}