{"id":2313,"date":"2020-02-17T13:45:10","date_gmt":"2020-02-17T13:45:10","guid":{"rendered":"https:\/\/www.inter-iberica.com\/qualitaet\/ervaren-chauffeurs\/"},"modified":"2020-09-08T10:51:05","modified_gmt":"2020-09-08T10:51:05","slug":"erfahrene-fahrer","status":"publish","type":"page","link":"https:\/\/www.inter-iberica.com\/de\/qualitaet\/erfahrene-fahrer\/","title":{"rendered":"Erfahrene Fahrer"},"content":{"rendered":"<div class=\"wpb-content-wrapper\"><p>[vc_row][vc_column][vc_column_text]In all unseren LKWs sitzen kompetente und erfahrene Fahrer. Die Firma h\u00e4ngt ihnen sehr am Herzen und alle m\u00f6chten gerne das Tempo hoch halten. Sie machen es m\u00f6glich, dass Ihre Produkte termingerecht und unter den richtigen Bedingungen bei Ihren Abnehmern ankommen.[\/vc_column_text][\/vc_column][\/vc_row]<\/p>\n<\/div>","protected":false},"excerpt":{"rendered":"<p>[vc_row][vc_column][vc_column_text]In all unseren LKWs sitzen kompetente und erfahrene Fahrer. Die Firma h\u00e4ngt ihnen sehr am Herzen und alle m\u00f6chten gerne das Tempo hoch halten. Sie machen es m\u00f6glich, dass Ihre Produkte termingerecht und unter den richtigen Bedingungen bei Ihren Abnehmern ankommen.[\/vc_column_text][\/vc_column][\/vc_row]<\/p>\n","protected":false},"author":3,"featured_media":0,"parent":2294,"menu_order":0,"comment_status":"closed","ping_status":"closed","template":"","meta":{"footnotes":""},"class_list":["post-2313","page","type-page","status-publish","hentry"],"yoast_head":"<!-- This site is optimized with the Yoast SEO plugin v27.4 - https:\/\/yoast.com\/product\/yoast-seo-wordpress\/ -->\n<title>Erfahrene Fahrer - Inter Iberica<\/title>\n<meta name=\"robots\" content=\"index, follow, max-snippet:-1, max-image-preview:large, max-video-preview:-1\" \/>\n<link rel=\"canonical\" href=\"https:\/\/www.inter-iberica.com\/de\/qualitaet\/erfahrene-fahrer\/\" \/>\n<meta property=\"og:locale\" content=\"de_DE\" \/>\n<meta property=\"og:type\" content=\"article\" \/>\n<meta property=\"og:title\" content=\"Erfahrene Fahrer - Inter Iberica\" \/>\n<meta property=\"og:description\" content=\"[vc_row][vc_column][vc_column_text]In all unseren LKWs sitzen kompetente und erfahrene Fahrer. Die Firma h\u00e4ngt ihnen sehr am Herzen und alle m\u00f6chten gerne das Tempo hoch halten. Sie machen es m\u00f6glich, dass Ihre Produkte termingerecht und unter den richtigen Bedingungen bei Ihren Abnehmern ankommen.[\/vc_column_text][\/vc_column][\/vc_row]\" \/>\n<meta property=\"og:url\" content=\"https:\/\/www.inter-iberica.com\/de\/qualitaet\/erfahrene-fahrer\/\" \/>\n<meta property=\"og:site_name\" content=\"Inter Iberica\" \/>\n<meta property=\"article:modified_time\" content=\"2020-09-08T10:51:05+00:00\" \/>\n<meta name=\"twitter:card\" content=\"summary_large_image\" \/>\n<script type=\"application\/ld+json\" class=\"yoast-schema-graph\">{\"@context\":\"https:\\\/\\\/schema.org\",\"@graph\":[{\"@type\":\"WebPage\",\"@id\":\"https:\\\/\\\/www.inter-iberica.com\\\/de\\\/qualitaet\\\/erfahrene-fahrer\\\/\",\"url\":\"https:\\\/\\\/www.inter-iberica.com\\\/de\\\/qualitaet\\\/erfahrene-fahrer\\\/\",\"name\":\"Erfahrene Fahrer - Inter Iberica\",\"isPartOf\":{\"@id\":\"https:\\\/\\\/www.inter-iberica.com\\\/#website\"},\"datePublished\":\"2020-02-17T13:45:10+00:00\",\"dateModified\":\"2020-09-08T10:51:05+00:00\",\"breadcrumb\":{\"@id\":\"https:\\\/\\\/www.inter-iberica.com\\\/de\\\/qualitaet\\\/erfahrene-fahrer\\\/#breadcrumb\"},\"inLanguage\":\"de-DE\",\"potentialAction\":[{\"@type\":\"ReadAction\",\"target\":[\"https:\\\/\\\/www.inter-iberica.com\\\/de\\\/qualitaet\\\/erfahrene-fahrer\\\/\"]}]},{\"@type\":\"BreadcrumbList\",\"@id\":\"https:\\\/\\\/www.inter-iberica.com\\\/de\\\/qualitaet\\\/erfahrene-fahrer\\\/#breadcrumb\",\"itemListElement\":[{\"@type\":\"ListItem\",\"position\":1,\"name\":\"Home\",\"item\":\"https:\\\/\\\/www.inter-iberica.com\\\/de\\\/\"},{\"@type\":\"ListItem\",\"position\":2,\"name\":\"Qualitaet\",\"item\":\"https:\\\/\\\/www.inter-iberica.com\\\/de\\\/qualitaet\\\/\"},{\"@type\":\"ListItem\",\"position\":3,\"name\":\"Erfahrene Fahrer\"}]},{\"@type\":\"WebSite\",\"@id\":\"https:\\\/\\\/www.inter-iberica.com\\\/#website\",\"url\":\"https:\\\/\\\/www.inter-iberica.com\\\/\",\"name\":\"Inter Iberica\",\"description\":\"\",\"potentialAction\":[{\"@type\":\"SearchAction\",\"target\":{\"@type\":\"EntryPoint\",\"urlTemplate\":\"https:\\\/\\\/www.inter-iberica.com\\\/?s={search_term_string}\"},\"query-input\":{\"@type\":\"PropertyValueSpecification\",\"valueRequired\":true,\"valueName\":\"search_term_string\"}}],\"inLanguage\":\"de-DE\"}]}<\/script>\n<!-- \/ Yoast SEO plugin. -->","yoast_head_json":{"title":"Erfahrene Fahrer - Inter Iberica","robots":{"index":"index","follow":"follow","max-snippet":"max-snippet:-1","max-image-preview":"max-image-preview:large","max-video-preview":"max-video-preview:-1"},"canonical":"https:\/\/www.inter-iberica.com\/de\/qualitaet\/erfahrene-fahrer\/","og_locale":"de_DE","og_type":"article","og_title":"Erfahrene Fahrer - Inter Iberica","og_description":"[vc_row][vc_column][vc_column_text]In all unseren LKWs sitzen kompetente und erfahrene Fahrer. Die Firma h\u00e4ngt ihnen sehr am Herzen und alle m\u00f6chten gerne das Tempo hoch halten. Sie machen es m\u00f6glich, dass Ihre Produkte termingerecht und unter den richtigen Bedingungen bei Ihren Abnehmern ankommen.[\/vc_column_text][\/vc_column][\/vc_row]","og_url":"https:\/\/www.inter-iberica.com\/de\/qualitaet\/erfahrene-fahrer\/","og_site_name":"Inter Iberica","article_modified_time":"2020-09-08T10:51:05+00:00","twitter_card":"summary_large_image","schema":{"@context":"https:\/\/schema.org","@graph":[{"@type":"WebPage","@id":"https:\/\/www.inter-iberica.com\/de\/qualitaet\/erfahrene-fahrer\/","url":"https:\/\/www.inter-iberica.com\/de\/qualitaet\/erfahrene-fahrer\/","name":"Erfahrene Fahrer - Inter Iberica","isPartOf":{"@id":"https:\/\/www.inter-iberica.com\/#website"},"datePublished":"2020-02-17T13:45:10+00:00","dateModified":"2020-09-08T10:51:05+00:00","breadcrumb":{"@id":"https:\/\/www.inter-iberica.com\/de\/qualitaet\/erfahrene-fahrer\/#breadcrumb"},"inLanguage":"de-DE","potentialAction":[{"@type":"ReadAction","target":["https:\/\/www.inter-iberica.com\/de\/qualitaet\/erfahrene-fahrer\/"]}]},{"@type":"BreadcrumbList","@id":"https:\/\/www.inter-iberica.com\/de\/qualitaet\/erfahrene-fahrer\/#breadcrumb","itemListElement":[{"@type":"ListItem","position":1,"name":"Home","item":"https:\/\/www.inter-iberica.com\/de\/"},{"@type":"ListItem","position":2,"name":"Qualitaet","item":"https:\/\/www.inter-iberica.com\/de\/qualitaet\/"},{"@type":"ListItem","position":3,"name":"Erfahrene Fahrer"}]},{"@type":"WebSite","@id":"https:\/\/www.inter-iberica.com\/#website","url":"https:\/\/www.inter-iberica.com\/","name":"Inter Iberica","description":"","potentialAction":[{"@type":"SearchAction","target":{"@type":"EntryPoint","urlTemplate":"https:\/\/www.inter-iberica.com\/?s={search_term_string}"},"query-input":{"@type":"PropertyValueSpecification","valueRequired":true,"valueName":"search_term_string"}}],"inLanguage":"de-DE"}]}},"_links":{"self":[{"href":"https:\/\/www.inter-iberica.com\/de\/wp-json\/wp\/v2\/pages\/2313","targetHints":{"allow":["GET"]}}],"collection":[{"href":"https:\/\/www.inter-iberica.com\/de\/wp-json\/wp\/v2\/pages"}],"about":[{"href":"https:\/\/www.inter-iberica.com\/de\/wp-json\/wp\/v2\/types\/page"}],"author":[{"embeddable":true,"href":"https:\/\/www.inter-iberica.com\/de\/wp-json\/wp\/v2\/users\/3"}],"replies":[{"embeddable":true,"href":"https:\/\/www.inter-iberica.com\/de\/wp-json\/wp\/v2\/comments?post=2313"}],"version-history":[{"count":3,"href":"https:\/\/www.inter-iberica.com\/de\/wp-json\/wp\/v2\/pages\/2313\/revisions"}],"predecessor-version":[{"id":3357,"href":"https:\/\/www.inter-iberica.com\/de\/wp-json\/wp\/v2\/pages\/2313\/revisions\/3357"}],"up":[{"embeddable":true,"href":"https:\/\/www.inter-iberica.com\/de\/wp-json\/wp\/v2\/pages\/2294"}],"wp:attachment":[{"href":"https:\/\/www.inter-iberica.com\/de\/wp-json\/wp\/v2\/media?parent=2313"}],"curies":[{"name":"wp","href":"https:\/\/api.w.org\/{rel}","templated":true}]}}