{"id":2242,"date":"2020-01-30T13:14:04","date_gmt":"2020-01-30T13:14:04","guid":{"rendered":"https:\/\/www.inter-iberica.com\/branches\/"},"modified":"2020-08-25T18:56:27","modified_gmt":"2020-08-25T18:56:27","slug":"dienstleistungen","status":"publish","type":"page","link":"https:\/\/www.inter-iberica.com\/de\/dienstleistungen\/","title":{"rendered":"Dienstleistungen"},"content":{"rendered":"<div class=\"wpb-content-wrapper\"><p>[vc_row cms_row_overflow=&#8221;row-overflow-unset&#8221; css=&#8221;.vc_custom_1554718981365{margin-bottom: 52px !important;}&#8221;][vc_column width=&#8221;1\/2&#8243;][cms_heading text=&#8221;Logistik &amp; Transport<br \/>\nL\u00f6sungen sparen Ihnen Zeit!&#8221; title_font_size=&#8221;40px&#8221; title_line_height=&#8221;54px&#8221; cms_template=&#8221;cms_heading.php&#8221; el_class=&#8221;close-spacing&#8221;][vc_column_text css=&#8221;.vc_custom_1595717385076{margin-top: 19px !important;margin-bottom: 25px !important;}&#8221;]<\/p>\n<p style=\"color: #393939; font-size: 17px; font-weight: 500;\">Inter Iberica ist ein repr\u00e4sentativer Logistikdienstleister, der weltweit ein umfassendes Leistungsspektrum im Bereich Zollabfertigung und Transport f\u00fcr alle Arten von Fracht anbietet.<\/p>\n<p>[\/vc_column_text][vc_column_text css=&#8221;.vc_custom_1595717394277{margin-bottom: 21px !important;}&#8221;]<\/p>\n<p style=\"font-size: 15px; line-height: 25px;\">Wir sind stolz darauf, die weltweit besten Transport- und Versanddienste anzubieten. Unsere qualifizierten Mitarbeiter verwenden die neueste Kommunikations-, Verfolgungs- und Verarbeitungssoftware und verf\u00fcgen \u00fcber jahrzehntelange Erfahrung! Durch integrierte Supply-Chain-L\u00f6sungen bietet Inter Iberica einigen der gr\u00f6\u00dften Unternehmen nachhaltige Wettbewerbsvorteile.<\/p>\n<p>[\/vc_column_text][\/vc_column][vc_column width=&#8221;1\/2&#8243; css=&#8221;.vc_custom_1554798996180{padding-left: 65px !important;}&#8221;][vc_single_image image=&#8221;772&#8243; img_size=&#8221;full&#8221; style=&#8221;box-overlay-left&#8221; el_class=&#8221;cms-single-image-load&#8221;][\/vc_column][\/vc_row][vc_row][vc_column][cms_space space_lg=&#8221;80&#8243; space_md=&#8221;80&#8243; space_sm=&#8221;40&#8243; space_xs=&#8221;40&#8243;][\/vc_column][\/vc_row][vc_row full_width=&#8221;stretch_row&#8221; cms_row_overflow=&#8221;row-overflow-unset&#8221; css=&#8221;.vc_custom_1554286104250{border-top-width: 1px !important;padding-top: 5px !important;border-top-color: #eaeaea !important;border-top-style: solid !important;}&#8221;][vc_column width=&#8221;5\/12&#8243; el_class=&#8221;z-index-high&#8221; css=&#8221;.vc_custom_1555907246457{padding-right: 55px !important;}&#8221; offset=&#8221;vc_col-md-4&#8243;][cms_contact_location cms_locations=&#8221;%5B%7B%22ctl_location%22%3A%22Inter-Iberica%20B.V.%22%2C%22ctl_phone%22%3A%220486-744016%22%2C%22ctl_email%22%3A%22info%40inter-iberica.nl%22%2C%22ctl_address%22%3A%22Landweer%204%2C%205411%20LV%20Zeeland%20(N.BR.)%20%22%2C%22ctl_link%22%3A%22url%3A%2523%7Ctitle%3AContacts%7C%7C%22%7D%5D&#8221; col_xs=&#8221;1&#8243; col_sm=&#8221;2&#8243; col_md=&#8221;3&#8243; col_lg=&#8221;4&#8243; title=&#8221;So Erreichen Sie Uns&#8221;][\/vc_column][\/vc_row][vc_row full_width=&#8221;stretch_row_content_no_spaces&#8221;][vc_column css=&#8221;.vc_custom_1554285962130{padding-top: 0px !important;}&#8221;][cms_space space_sm=&#8221;60&#8243; space_xs=&#8221;60&#8243;][vc_raw_html]JTNDaWZyYW1lJTIwc3JjJTNEJTIyaHR0cHMlM0ElMkYlMkZ3d3cuZ29vZ2xlLmNvbSUyRm1hcHMlMkZlbWJlZCUzRnBiJTNEJTIxMW0xNCUyMTFtOCUyMTFtMyUyMTFkOTg4Mi4xMzIyNjY2MzA1OTMlMjEyZDUuNzgzMjk0MSUyMTNkNTEuNzQxNTc1MyUyMTNtMiUyMTFpMTAyNCUyMTJpNzY4JTIxNGYxMy4xJTIxM20zJTIxMW0yJTIxMXMweDAlMjUzQTB4ZWRjMTdmNDBmMzY4NGRjMiUyMTJzSW50ZXItSWJlcmljYSUyNTIwYnYlMjE1ZTAlMjEzbTIlMjExc25sJTIxMnNubCUyMTR2MTU5ODMwMzA4NzczMiUyMTVtMiUyMTFzbmwlMjEyc25sJTIyJTIwd2lkdGglM0QlMjIxMDAlMjUlMjIlMjBoZWlnaHQlM0QlMjI2MjAlMjIlMjBmcmFtZWJvcmRlciUzRCUyMjAlMjIlMjBzdHlsZSUzRCUyMmJvcmRlciUzQTAlM0IlMjIlMjBhbGxvd2Z1bGxzY3JlZW4lM0QlMjIlMjIlMjBhcmlhLWhpZGRlbiUzRCUyMmZhbHNlJTIyJTIwdGFiaW5kZXglM0QlMjIwJTIyJTNFJTNDJTJGaWZyYW1lJTNF[\/vc_raw_html][\/vc_column][\/vc_row]<\/p>\n<\/div>","protected":false},"excerpt":{"rendered":"<p>[vc_row cms_row_overflow=&#8221;row-overflow-unset&#8221; css=&#8221;.vc_custom_1554718981365{margin-bottom: 52px !important;}&#8221;][vc_column width=&#8221;1\/2&#8243;][cms_heading text=&#8221;Logistik &amp; Transport L\u00f6sungen sparen Ihnen Zeit!&#8221; title_font_size=&#8221;40px&#8221; title_line_height=&#8221;54px&#8221; cms_template=&#8221;cms_heading.php&#8221; el_class=&#8221;close-spacing&#8221;][vc_column_text css=&#8221;.vc_custom_1595717385076{margin-top: 19px !important;margin-bottom: 25px !important;}&#8221;] Inter Iberica ist ein repr\u00e4sentativer Logistikdienstleister, der weltweit ein umfassendes Leistungsspektrum im Bereich Zollabfertigung und Transport f\u00fcr alle Arten von Fracht anbietet. [\/vc_column_text][vc_column_text css=&#8221;.vc_custom_1595717394277{margin-bottom: 21px !important;}&#8221;] Wir sind stolz darauf, die weltweit besten [&hellip;]<\/p>\n","protected":false},"author":3,"featured_media":0,"parent":0,"menu_order":0,"comment_status":"closed","ping_status":"closed","template":"","meta":{"footnotes":""},"class_list":["post-2242","page","type-page","status-publish","hentry"],"yoast_head":"<!-- This site is optimized with the Yoast SEO plugin v27.4 - https:\/\/yoast.com\/product\/yoast-seo-wordpress\/ -->\n<title>Dienstleistungen - Inter Iberica<\/title>\n<meta name=\"robots\" content=\"index, follow, max-snippet:-1, max-image-preview:large, max-video-preview:-1\" \/>\n<link rel=\"canonical\" href=\"https:\/\/www.inter-iberica.com\/de\/dienstleistungen\/\" \/>\n<meta property=\"og:locale\" content=\"de_DE\" \/>\n<meta property=\"og:type\" content=\"article\" \/>\n<meta property=\"og:title\" content=\"Dienstleistungen - Inter Iberica\" \/>\n<meta property=\"og:description\" content=\"[vc_row cms_row_overflow=&#8221;row-overflow-unset&#8221; css=&#8221;.vc_custom_1554718981365{margin-bottom: 52px !important;}&#8221;][vc_column width=&#8221;1\/2&#8243;][cms_heading text=&#8221;Logistik &amp; Transport L\u00f6sungen sparen Ihnen Zeit!&#8221; title_font_size=&#8221;40px&#8221; title_line_height=&#8221;54px&#8221; cms_template=&#8221;cms_heading.php&#8221; el_class=&#8221;close-spacing&#8221;][vc_column_text css=&#8221;.vc_custom_1595717385076{margin-top: 19px !important;margin-bottom: 25px !important;}&#8221;] Inter Iberica ist ein repr\u00e4sentativer Logistikdienstleister, der weltweit ein umfassendes Leistungsspektrum im Bereich Zollabfertigung und Transport f\u00fcr alle Arten von Fracht anbietet. [\/vc_column_text][vc_column_text css=&#8221;.vc_custom_1595717394277{margin-bottom: 21px !important;}&#8221;] Wir sind stolz darauf, die weltweit besten [&hellip;]\" \/>\n<meta property=\"og:url\" content=\"https:\/\/www.inter-iberica.com\/de\/dienstleistungen\/\" \/>\n<meta property=\"og:site_name\" content=\"Inter Iberica\" \/>\n<meta property=\"article:modified_time\" content=\"2020-08-25T18:56:27+00:00\" \/>\n<meta name=\"twitter:card\" content=\"summary_large_image\" \/>\n<meta name=\"twitter:label1\" content=\"Est. reading time\" \/>\n\t<meta name=\"twitter:data1\" content=\"2 minutes\" \/>\n<script type=\"application\/ld+json\" class=\"yoast-schema-graph\">{\"@context\":\"https:\\\/\\\/schema.org\",\"@graph\":[{\"@type\":\"WebPage\",\"@id\":\"https:\\\/\\\/www.inter-iberica.com\\\/de\\\/dienstleistungen\\\/\",\"url\":\"https:\\\/\\\/www.inter-iberica.com\\\/de\\\/dienstleistungen\\\/\",\"name\":\"Dienstleistungen - Inter Iberica\",\"isPartOf\":{\"@id\":\"https:\\\/\\\/www.inter-iberica.com\\\/#website\"},\"datePublished\":\"2020-01-30T13:14:04+00:00\",\"dateModified\":\"2020-08-25T18:56:27+00:00\",\"breadcrumb\":{\"@id\":\"https:\\\/\\\/www.inter-iberica.com\\\/de\\\/dienstleistungen\\\/#breadcrumb\"},\"inLanguage\":\"de-DE\",\"potentialAction\":[{\"@type\":\"ReadAction\",\"target\":[\"https:\\\/\\\/www.inter-iberica.com\\\/de\\\/dienstleistungen\\\/\"]}]},{\"@type\":\"BreadcrumbList\",\"@id\":\"https:\\\/\\\/www.inter-iberica.com\\\/de\\\/dienstleistungen\\\/#breadcrumb\",\"itemListElement\":[{\"@type\":\"ListItem\",\"position\":1,\"name\":\"Home\",\"item\":\"https:\\\/\\\/www.inter-iberica.com\\\/de\\\/\"},{\"@type\":\"ListItem\",\"position\":2,\"name\":\"Dienstleistungen\"}]},{\"@type\":\"WebSite\",\"@id\":\"https:\\\/\\\/www.inter-iberica.com\\\/#website\",\"url\":\"https:\\\/\\\/www.inter-iberica.com\\\/\",\"name\":\"Inter Iberica\",\"description\":\"\",\"potentialAction\":[{\"@type\":\"SearchAction\",\"target\":{\"@type\":\"EntryPoint\",\"urlTemplate\":\"https:\\\/\\\/www.inter-iberica.com\\\/?s={search_term_string}\"},\"query-input\":{\"@type\":\"PropertyValueSpecification\",\"valueRequired\":true,\"valueName\":\"search_term_string\"}}],\"inLanguage\":\"de-DE\"}]}<\/script>\n<!-- \/ Yoast SEO plugin. -->","yoast_head_json":{"title":"Dienstleistungen - Inter Iberica","robots":{"index":"index","follow":"follow","max-snippet":"max-snippet:-1","max-image-preview":"max-image-preview:large","max-video-preview":"max-video-preview:-1"},"canonical":"https:\/\/www.inter-iberica.com\/de\/dienstleistungen\/","og_locale":"de_DE","og_type":"article","og_title":"Dienstleistungen - Inter Iberica","og_description":"[vc_row cms_row_overflow=&#8221;row-overflow-unset&#8221; css=&#8221;.vc_custom_1554718981365{margin-bottom: 52px !important;}&#8221;][vc_column width=&#8221;1\/2&#8243;][cms_heading text=&#8221;Logistik &amp; Transport L\u00f6sungen sparen Ihnen Zeit!&#8221; title_font_size=&#8221;40px&#8221; title_line_height=&#8221;54px&#8221; cms_template=&#8221;cms_heading.php&#8221; el_class=&#8221;close-spacing&#8221;][vc_column_text css=&#8221;.vc_custom_1595717385076{margin-top: 19px !important;margin-bottom: 25px !important;}&#8221;] Inter Iberica ist ein repr\u00e4sentativer Logistikdienstleister, der weltweit ein umfassendes Leistungsspektrum im Bereich Zollabfertigung und Transport f\u00fcr alle Arten von Fracht anbietet. [\/vc_column_text][vc_column_text css=&#8221;.vc_custom_1595717394277{margin-bottom: 21px !important;}&#8221;] Wir sind stolz darauf, die weltweit besten [&hellip;]","og_url":"https:\/\/www.inter-iberica.com\/de\/dienstleistungen\/","og_site_name":"Inter Iberica","article_modified_time":"2020-08-25T18:56:27+00:00","twitter_card":"summary_large_image","twitter_misc":{"Est. reading time":"2 minutes"},"schema":{"@context":"https:\/\/schema.org","@graph":[{"@type":"WebPage","@id":"https:\/\/www.inter-iberica.com\/de\/dienstleistungen\/","url":"https:\/\/www.inter-iberica.com\/de\/dienstleistungen\/","name":"Dienstleistungen - Inter Iberica","isPartOf":{"@id":"https:\/\/www.inter-iberica.com\/#website"},"datePublished":"2020-01-30T13:14:04+00:00","dateModified":"2020-08-25T18:56:27+00:00","breadcrumb":{"@id":"https:\/\/www.inter-iberica.com\/de\/dienstleistungen\/#breadcrumb"},"inLanguage":"de-DE","potentialAction":[{"@type":"ReadAction","target":["https:\/\/www.inter-iberica.com\/de\/dienstleistungen\/"]}]},{"@type":"BreadcrumbList","@id":"https:\/\/www.inter-iberica.com\/de\/dienstleistungen\/#breadcrumb","itemListElement":[{"@type":"ListItem","position":1,"name":"Home","item":"https:\/\/www.inter-iberica.com\/de\/"},{"@type":"ListItem","position":2,"name":"Dienstleistungen"}]},{"@type":"WebSite","@id":"https:\/\/www.inter-iberica.com\/#website","url":"https:\/\/www.inter-iberica.com\/","name":"Inter Iberica","description":"","potentialAction":[{"@type":"SearchAction","target":{"@type":"EntryPoint","urlTemplate":"https:\/\/www.inter-iberica.com\/?s={search_term_string}"},"query-input":{"@type":"PropertyValueSpecification","valueRequired":true,"valueName":"search_term_string"}}],"inLanguage":"de-DE"}]}},"_links":{"self":[{"href":"https:\/\/www.inter-iberica.com\/de\/wp-json\/wp\/v2\/pages\/2242","targetHints":{"allow":["GET"]}}],"collection":[{"href":"https:\/\/www.inter-iberica.com\/de\/wp-json\/wp\/v2\/pages"}],"about":[{"href":"https:\/\/www.inter-iberica.com\/de\/wp-json\/wp\/v2\/types\/page"}],"author":[{"embeddable":true,"href":"https:\/\/www.inter-iberica.com\/de\/wp-json\/wp\/v2\/users\/3"}],"replies":[{"embeddable":true,"href":"https:\/\/www.inter-iberica.com\/de\/wp-json\/wp\/v2\/comments?post=2242"}],"version-history":[{"count":6,"href":"https:\/\/www.inter-iberica.com\/de\/wp-json\/wp\/v2\/pages\/2242\/revisions"}],"predecessor-version":[{"id":3217,"href":"https:\/\/www.inter-iberica.com\/de\/wp-json\/wp\/v2\/pages\/2242\/revisions\/3217"}],"wp:attachment":[{"href":"https:\/\/www.inter-iberica.com\/de\/wp-json\/wp\/v2\/media?parent=2242"}],"curies":[{"name":"wp","href":"https:\/\/api.w.org\/{rel}","templated":true}]}}