{"id":2189,"date":"2020-04-30T11:13:08","date_gmt":"2020-04-30T11:13:08","guid":{"rendered":"https:\/\/www.inter-iberica.com\/dienste\/warehousing\/"},"modified":"2020-09-08T10:44:10","modified_gmt":"2020-09-08T10:44:10","slug":"warehousing","status":"publish","type":"page","link":"https:\/\/www.inter-iberica.com\/de\/dienste\/warehousing\/","title":{"rendered":"Warehousing"},"content":{"rendered":"<div class=\"wpb-content-wrapper\"><p>[vc_row][vc_column css=&#8221;.vc_custom_1552704895602{margin-top: -5px !important;}&#8221;][cms_heading text=&#8221;Warehousing&#8221; tag=&#8221;h4&#8243; text_color=&#8221;#222222&#8243; cms_template=&#8221;cms_heading.php&#8221;][vc_column_text css=&#8221;.vc_custom_1594505151138{margin-bottom: 22px !important;}&#8221;]Auf Wunsch \u00fcbernimmt Inter-Iberica alle Aufgaben ab dem Auftragsempfang, wie zum Beispiel Umschlag, Lagerung, Bestandsverwaltung, Verpackung, Etikettierung, bis hin zur Fakturierung. Hierzu verf\u00fcgen wir, neben einem modernen Fuhrpark, \u00fcber verschiedene (un)konditionierte Lagerungs- und Umschlagspl\u00e4tze auf geografisch strategischen Orten. Zudem benutzen wir effiziente Automatisierungs- und Computerisierungssysteme.<\/p>\n<p>Warehousing bedeutet bei uns:<\/p>\n<ul>\n<li>Zu uns kann der Kunde mit seinem Produktions- oder G\u00fctervorrat kommen.<\/li>\n<li>Auf Wunsch \u00fcbernehmen wir die Verwaltung von Bestandsdaten.<\/li>\n<li>Unter Kamera-\u00dcberwachungssystem.<\/li>\n<li>Mit Tapa-Zertifikat.<\/li>\n<li>Ausgestattet mit Warehouse-Management-System.<\/li>\n<li>24 Stunden am Tag Zugriff auf die aktuelle Vorratsdaten.<\/li>\n<li>Auslieferung des Vorrats auf Anfrage.<\/li>\n<li>Gemachte Lieferungsvereinbarungen k\u00f6nnen Just In Time (JIT) eingehalten werden.<\/li>\n<\/ul>\n<p>Wir k\u00f6nnen Ihnen eine Kapazit\u00e4t anbieten,\u00a0es sich f\u00fcr Sie sehr lohnt den Transport sowie das Warehousing bei Inter-Iberica zu kombinieren. Denn ein einziger Partner bietet Ihnen mehr Deutlichkeit und Schnelligkeit.[\/vc_column_text][\/vc_column][\/vc_row]<\/p>\n<\/div>","protected":false},"excerpt":{"rendered":"<p>[vc_row][vc_column css=&#8221;.vc_custom_1552704895602{margin-top: -5px !important;}&#8221;][cms_heading text=&#8221;Warehousing&#8221; tag=&#8221;h4&#8243; text_color=&#8221;#222222&#8243; cms_template=&#8221;cms_heading.php&#8221;][vc_column_text css=&#8221;.vc_custom_1594505151138{margin-bottom: 22px !important;}&#8221;]Auf Wunsch \u00fcbernimmt Inter-Iberica alle Aufgaben ab dem Auftragsempfang, wie zum Beispiel Umschlag, Lagerung, Bestandsverwaltung, Verpackung, Etikettierung, bis hin zur Fakturierung. Hierzu verf\u00fcgen wir, neben einem modernen Fuhrpark, \u00fcber verschiedene (un)konditionierte Lagerungs- und Umschlagspl\u00e4tze auf geografisch strategischen Orten. Zudem benutzen wir effiziente Automatisierungs- und Computerisierungssysteme. [&hellip;]<\/p>\n","protected":false},"author":3,"featured_media":0,"parent":2115,"menu_order":0,"comment_status":"closed","ping_status":"closed","template":"","meta":{"footnotes":""},"class_list":["post-2189","page","type-page","status-publish","hentry"],"yoast_head":"<!-- This site is optimized with the Yoast SEO plugin v27.4 - https:\/\/yoast.com\/product\/yoast-seo-wordpress\/ -->\n<title>Warehousing - Inter Iberica<\/title>\n<meta name=\"robots\" content=\"index, follow, max-snippet:-1, max-image-preview:large, max-video-preview:-1\" \/>\n<link rel=\"canonical\" href=\"https:\/\/www.inter-iberica.com\/de\/dienste\/warehousing\/\" \/>\n<meta property=\"og:locale\" content=\"de_DE\" \/>\n<meta property=\"og:type\" content=\"article\" \/>\n<meta property=\"og:title\" content=\"Warehousing - Inter Iberica\" \/>\n<meta property=\"og:description\" content=\"[vc_row][vc_column css=&#8221;.vc_custom_1552704895602{margin-top: -5px !important;}&#8221;][cms_heading text=&#8221;Warehousing&#8221; tag=&#8221;h4&#8243; text_color=&#8221;#222222&#8243; cms_template=&#8221;cms_heading.php&#8221;][vc_column_text css=&#8221;.vc_custom_1594505151138{margin-bottom: 22px !important;}&#8221;]Auf Wunsch \u00fcbernimmt Inter-Iberica alle Aufgaben ab dem Auftragsempfang, wie zum Beispiel Umschlag, Lagerung, Bestandsverwaltung, Verpackung, Etikettierung, bis hin zur Fakturierung. Hierzu verf\u00fcgen wir, neben einem modernen Fuhrpark, \u00fcber verschiedene (un)konditionierte Lagerungs- und Umschlagspl\u00e4tze auf geografisch strategischen Orten. Zudem benutzen wir effiziente Automatisierungs- und Computerisierungssysteme. [&hellip;]\" \/>\n<meta property=\"og:url\" content=\"https:\/\/www.inter-iberica.com\/de\/dienste\/warehousing\/\" \/>\n<meta property=\"og:site_name\" content=\"Inter Iberica\" \/>\n<meta property=\"article:modified_time\" content=\"2020-09-08T10:44:10+00:00\" \/>\n<meta name=\"twitter:card\" content=\"summary_large_image\" \/>\n<meta name=\"twitter:label1\" content=\"Est. reading time\" \/>\n\t<meta name=\"twitter:data1\" content=\"1 minute\" \/>\n<script type=\"application\/ld+json\" class=\"yoast-schema-graph\">{\"@context\":\"https:\\\/\\\/schema.org\",\"@graph\":[{\"@type\":\"WebPage\",\"@id\":\"https:\\\/\\\/www.inter-iberica.com\\\/de\\\/dienste\\\/warehousing\\\/\",\"url\":\"https:\\\/\\\/www.inter-iberica.com\\\/de\\\/dienste\\\/warehousing\\\/\",\"name\":\"Warehousing - Inter Iberica\",\"isPartOf\":{\"@id\":\"https:\\\/\\\/www.inter-iberica.com\\\/#website\"},\"datePublished\":\"2020-04-30T11:13:08+00:00\",\"dateModified\":\"2020-09-08T10:44:10+00:00\",\"breadcrumb\":{\"@id\":\"https:\\\/\\\/www.inter-iberica.com\\\/de\\\/dienste\\\/warehousing\\\/#breadcrumb\"},\"inLanguage\":\"de-DE\",\"potentialAction\":[{\"@type\":\"ReadAction\",\"target\":[\"https:\\\/\\\/www.inter-iberica.com\\\/de\\\/dienste\\\/warehousing\\\/\"]}]},{\"@type\":\"BreadcrumbList\",\"@id\":\"https:\\\/\\\/www.inter-iberica.com\\\/de\\\/dienste\\\/warehousing\\\/#breadcrumb\",\"itemListElement\":[{\"@type\":\"ListItem\",\"position\":1,\"name\":\"Home\",\"item\":\"https:\\\/\\\/www.inter-iberica.com\\\/de\\\/\"},{\"@type\":\"ListItem\",\"position\":2,\"name\":\"Dienste\",\"item\":\"https:\\\/\\\/www.inter-iberica.com\\\/de\\\/dienste\\\/\"},{\"@type\":\"ListItem\",\"position\":3,\"name\":\"Warehousing\"}]},{\"@type\":\"WebSite\",\"@id\":\"https:\\\/\\\/www.inter-iberica.com\\\/#website\",\"url\":\"https:\\\/\\\/www.inter-iberica.com\\\/\",\"name\":\"Inter Iberica\",\"description\":\"\",\"potentialAction\":[{\"@type\":\"SearchAction\",\"target\":{\"@type\":\"EntryPoint\",\"urlTemplate\":\"https:\\\/\\\/www.inter-iberica.com\\\/?s={search_term_string}\"},\"query-input\":{\"@type\":\"PropertyValueSpecification\",\"valueRequired\":true,\"valueName\":\"search_term_string\"}}],\"inLanguage\":\"de-DE\"}]}<\/script>\n<!-- \/ Yoast SEO plugin. -->","yoast_head_json":{"title":"Warehousing - Inter Iberica","robots":{"index":"index","follow":"follow","max-snippet":"max-snippet:-1","max-image-preview":"max-image-preview:large","max-video-preview":"max-video-preview:-1"},"canonical":"https:\/\/www.inter-iberica.com\/de\/dienste\/warehousing\/","og_locale":"de_DE","og_type":"article","og_title":"Warehousing - Inter Iberica","og_description":"[vc_row][vc_column css=&#8221;.vc_custom_1552704895602{margin-top: -5px !important;}&#8221;][cms_heading text=&#8221;Warehousing&#8221; tag=&#8221;h4&#8243; text_color=&#8221;#222222&#8243; cms_template=&#8221;cms_heading.php&#8221;][vc_column_text css=&#8221;.vc_custom_1594505151138{margin-bottom: 22px !important;}&#8221;]Auf Wunsch \u00fcbernimmt Inter-Iberica alle Aufgaben ab dem Auftragsempfang, wie zum Beispiel Umschlag, Lagerung, Bestandsverwaltung, Verpackung, Etikettierung, bis hin zur Fakturierung. Hierzu verf\u00fcgen wir, neben einem modernen Fuhrpark, \u00fcber verschiedene (un)konditionierte Lagerungs- und Umschlagspl\u00e4tze auf geografisch strategischen Orten. Zudem benutzen wir effiziente Automatisierungs- und Computerisierungssysteme. [&hellip;]","og_url":"https:\/\/www.inter-iberica.com\/de\/dienste\/warehousing\/","og_site_name":"Inter Iberica","article_modified_time":"2020-09-08T10:44:10+00:00","twitter_card":"summary_large_image","twitter_misc":{"Est. reading time":"1 minute"},"schema":{"@context":"https:\/\/schema.org","@graph":[{"@type":"WebPage","@id":"https:\/\/www.inter-iberica.com\/de\/dienste\/warehousing\/","url":"https:\/\/www.inter-iberica.com\/de\/dienste\/warehousing\/","name":"Warehousing - Inter Iberica","isPartOf":{"@id":"https:\/\/www.inter-iberica.com\/#website"},"datePublished":"2020-04-30T11:13:08+00:00","dateModified":"2020-09-08T10:44:10+00:00","breadcrumb":{"@id":"https:\/\/www.inter-iberica.com\/de\/dienste\/warehousing\/#breadcrumb"},"inLanguage":"de-DE","potentialAction":[{"@type":"ReadAction","target":["https:\/\/www.inter-iberica.com\/de\/dienste\/warehousing\/"]}]},{"@type":"BreadcrumbList","@id":"https:\/\/www.inter-iberica.com\/de\/dienste\/warehousing\/#breadcrumb","itemListElement":[{"@type":"ListItem","position":1,"name":"Home","item":"https:\/\/www.inter-iberica.com\/de\/"},{"@type":"ListItem","position":2,"name":"Dienste","item":"https:\/\/www.inter-iberica.com\/de\/dienste\/"},{"@type":"ListItem","position":3,"name":"Warehousing"}]},{"@type":"WebSite","@id":"https:\/\/www.inter-iberica.com\/#website","url":"https:\/\/www.inter-iberica.com\/","name":"Inter Iberica","description":"","potentialAction":[{"@type":"SearchAction","target":{"@type":"EntryPoint","urlTemplate":"https:\/\/www.inter-iberica.com\/?s={search_term_string}"},"query-input":{"@type":"PropertyValueSpecification","valueRequired":true,"valueName":"search_term_string"}}],"inLanguage":"de-DE"}]}},"_links":{"self":[{"href":"https:\/\/www.inter-iberica.com\/de\/wp-json\/wp\/v2\/pages\/2189","targetHints":{"allow":["GET"]}}],"collection":[{"href":"https:\/\/www.inter-iberica.com\/de\/wp-json\/wp\/v2\/pages"}],"about":[{"href":"https:\/\/www.inter-iberica.com\/de\/wp-json\/wp\/v2\/types\/page"}],"author":[{"embeddable":true,"href":"https:\/\/www.inter-iberica.com\/de\/wp-json\/wp\/v2\/users\/3"}],"replies":[{"embeddable":true,"href":"https:\/\/www.inter-iberica.com\/de\/wp-json\/wp\/v2\/comments?post=2189"}],"version-history":[{"count":3,"href":"https:\/\/www.inter-iberica.com\/de\/wp-json\/wp\/v2\/pages\/2189\/revisions"}],"predecessor-version":[{"id":3347,"href":"https:\/\/www.inter-iberica.com\/de\/wp-json\/wp\/v2\/pages\/2189\/revisions\/3347"}],"up":[{"embeddable":true,"href":"https:\/\/www.inter-iberica.com\/de\/wp-json\/wp\/v2\/pages\/2115"}],"wp:attachment":[{"href":"https:\/\/www.inter-iberica.com\/de\/wp-json\/wp\/v2\/media?parent=2189"}],"curies":[{"name":"wp","href":"https:\/\/api.w.org\/{rel}","templated":true}]}}