{"id":2176,"date":"2020-04-30T11:06:35","date_gmt":"2020-04-30T11:06:35","guid":{"rendered":"https:\/\/www.inter-iberica.com\/dienste\/vervoer-gevaarlijke-stoffen-adr\/"},"modified":"2020-08-26T16:41:50","modified_gmt":"2020-08-26T16:41:50","slug":"gefahrguttransport-adr","status":"publish","type":"page","link":"https:\/\/www.inter-iberica.com\/de\/dienste\/gefahrguttransport-adr\/","title":{"rendered":"Gefahrguttransport (ADR)"},"content":{"rendered":"<div class=\"wpb-content-wrapper\"><p>[vc_row][vc_column css=&#8221;.vc_custom_1552704895602{margin-top: -5px !important;}&#8221;][cms_heading text=&#8221;Gefahrguttransport (ADR)&#8221; tag=&#8221;h4&#8243; text_color=&#8221;#222222&#8243; cms_template=&#8221;cms_heading.php&#8221;][vc_column_text css=&#8221;.vc_custom_1594504607739{margin-bottom: 22px !important;}&#8221;]Inter-Iberica verf\u00fcgt \u00fcber s\u00e4mtliche Zertifikate, Hilfsmittel und Fachkenntnisse um ADR-Transporte durchzuf\u00fchren. Dadurch stehen wir Ihnen auch beim Transport von chemischen- und gef\u00e4hrlichen Stoffen zur Seite. Alle LKWs sind f\u00fcr ADR-Transporte ausgestattet, so da\u00df Sie auch f\u00fcr Ihre ADR-Transporte von unserer Vielseitigkeit profitieren. Unsere Fahrer und das Begleitpersonal sind immer up to date wenn es sich um die erforderlichen Dokumente handelt und nat\u00fcrlich sind sie auch mit den neuesten Sicherheitsanforderungen vertraut.[\/vc_column_text][\/vc_column][\/vc_row]<\/p>\n<\/div>","protected":false},"excerpt":{"rendered":"<p>[vc_row][vc_column css=&#8221;.vc_custom_1552704895602{margin-top: -5px !important;}&#8221;][cms_heading text=&#8221;Gefahrguttransport (ADR)&#8221; tag=&#8221;h4&#8243; text_color=&#8221;#222222&#8243; cms_template=&#8221;cms_heading.php&#8221;][vc_column_text css=&#8221;.vc_custom_1594504607739{margin-bottom: 22px !important;}&#8221;]Inter-Iberica verf\u00fcgt \u00fcber s\u00e4mtliche Zertifikate, Hilfsmittel und Fachkenntnisse um ADR-Transporte durchzuf\u00fchren. Dadurch stehen wir Ihnen auch beim Transport von chemischen- und gef\u00e4hrlichen Stoffen zur Seite. Alle LKWs sind f\u00fcr ADR-Transporte ausgestattet, so da\u00df Sie auch f\u00fcr Ihre ADR-Transporte von unserer Vielseitigkeit profitieren. Unsere Fahrer [&hellip;]<\/p>\n","protected":false},"author":3,"featured_media":0,"parent":2115,"menu_order":0,"comment_status":"closed","ping_status":"closed","template":"","meta":{"footnotes":""},"class_list":["post-2176","page","type-page","status-publish","hentry"],"yoast_head":"<!-- This site is optimized with the Yoast SEO plugin v27.4 - https:\/\/yoast.com\/product\/yoast-seo-wordpress\/ -->\n<title>Gefahrguttransport (ADR) - Inter Iberica<\/title>\n<meta name=\"robots\" content=\"index, follow, max-snippet:-1, max-image-preview:large, max-video-preview:-1\" \/>\n<link rel=\"canonical\" href=\"https:\/\/www.inter-iberica.com\/de\/dienste\/gefahrguttransport-adr\/\" \/>\n<meta property=\"og:locale\" content=\"de_DE\" \/>\n<meta property=\"og:type\" content=\"article\" \/>\n<meta property=\"og:title\" content=\"Gefahrguttransport (ADR) - Inter Iberica\" \/>\n<meta property=\"og:description\" content=\"[vc_row][vc_column css=&#8221;.vc_custom_1552704895602{margin-top: -5px !important;}&#8221;][cms_heading text=&#8221;Gefahrguttransport (ADR)&#8221; tag=&#8221;h4&#8243; text_color=&#8221;#222222&#8243; cms_template=&#8221;cms_heading.php&#8221;][vc_column_text css=&#8221;.vc_custom_1594504607739{margin-bottom: 22px !important;}&#8221;]Inter-Iberica verf\u00fcgt \u00fcber s\u00e4mtliche Zertifikate, Hilfsmittel und Fachkenntnisse um ADR-Transporte durchzuf\u00fchren. Dadurch stehen wir Ihnen auch beim Transport von chemischen- und gef\u00e4hrlichen Stoffen zur Seite. Alle LKWs sind f\u00fcr ADR-Transporte ausgestattet, so da\u00df Sie auch f\u00fcr Ihre ADR-Transporte von unserer Vielseitigkeit profitieren. Unsere Fahrer [&hellip;]\" \/>\n<meta property=\"og:url\" content=\"https:\/\/www.inter-iberica.com\/de\/dienste\/gefahrguttransport-adr\/\" \/>\n<meta property=\"og:site_name\" content=\"Inter Iberica\" \/>\n<meta property=\"article:modified_time\" content=\"2020-08-26T16:41:50+00:00\" \/>\n<meta name=\"twitter:card\" content=\"summary_large_image\" \/>\n<meta name=\"twitter:label1\" content=\"Est. reading time\" \/>\n\t<meta name=\"twitter:data1\" content=\"1 minute\" \/>\n<script type=\"application\/ld+json\" class=\"yoast-schema-graph\">{\"@context\":\"https:\\\/\\\/schema.org\",\"@graph\":[{\"@type\":\"WebPage\",\"@id\":\"https:\\\/\\\/www.inter-iberica.com\\\/de\\\/dienste\\\/gefahrguttransport-adr\\\/\",\"url\":\"https:\\\/\\\/www.inter-iberica.com\\\/de\\\/dienste\\\/gefahrguttransport-adr\\\/\",\"name\":\"Gefahrguttransport (ADR) - Inter Iberica\",\"isPartOf\":{\"@id\":\"https:\\\/\\\/www.inter-iberica.com\\\/#website\"},\"datePublished\":\"2020-04-30T11:06:35+00:00\",\"dateModified\":\"2020-08-26T16:41:50+00:00\",\"breadcrumb\":{\"@id\":\"https:\\\/\\\/www.inter-iberica.com\\\/de\\\/dienste\\\/gefahrguttransport-adr\\\/#breadcrumb\"},\"inLanguage\":\"de-DE\",\"potentialAction\":[{\"@type\":\"ReadAction\",\"target\":[\"https:\\\/\\\/www.inter-iberica.com\\\/de\\\/dienste\\\/gefahrguttransport-adr\\\/\"]}]},{\"@type\":\"BreadcrumbList\",\"@id\":\"https:\\\/\\\/www.inter-iberica.com\\\/de\\\/dienste\\\/gefahrguttransport-adr\\\/#breadcrumb\",\"itemListElement\":[{\"@type\":\"ListItem\",\"position\":1,\"name\":\"Home\",\"item\":\"https:\\\/\\\/www.inter-iberica.com\\\/de\\\/\"},{\"@type\":\"ListItem\",\"position\":2,\"name\":\"Dienste\",\"item\":\"https:\\\/\\\/www.inter-iberica.com\\\/de\\\/dienste\\\/\"},{\"@type\":\"ListItem\",\"position\":3,\"name\":\"Gefahrguttransport (ADR)\"}]},{\"@type\":\"WebSite\",\"@id\":\"https:\\\/\\\/www.inter-iberica.com\\\/#website\",\"url\":\"https:\\\/\\\/www.inter-iberica.com\\\/\",\"name\":\"Inter Iberica\",\"description\":\"\",\"potentialAction\":[{\"@type\":\"SearchAction\",\"target\":{\"@type\":\"EntryPoint\",\"urlTemplate\":\"https:\\\/\\\/www.inter-iberica.com\\\/?s={search_term_string}\"},\"query-input\":{\"@type\":\"PropertyValueSpecification\",\"valueRequired\":true,\"valueName\":\"search_term_string\"}}],\"inLanguage\":\"de-DE\"}]}<\/script>\n<!-- \/ Yoast SEO plugin. -->","yoast_head_json":{"title":"Gefahrguttransport (ADR) - Inter Iberica","robots":{"index":"index","follow":"follow","max-snippet":"max-snippet:-1","max-image-preview":"max-image-preview:large","max-video-preview":"max-video-preview:-1"},"canonical":"https:\/\/www.inter-iberica.com\/de\/dienste\/gefahrguttransport-adr\/","og_locale":"de_DE","og_type":"article","og_title":"Gefahrguttransport (ADR) - Inter Iberica","og_description":"[vc_row][vc_column css=&#8221;.vc_custom_1552704895602{margin-top: -5px !important;}&#8221;][cms_heading text=&#8221;Gefahrguttransport (ADR)&#8221; tag=&#8221;h4&#8243; text_color=&#8221;#222222&#8243; cms_template=&#8221;cms_heading.php&#8221;][vc_column_text css=&#8221;.vc_custom_1594504607739{margin-bottom: 22px !important;}&#8221;]Inter-Iberica verf\u00fcgt \u00fcber s\u00e4mtliche Zertifikate, Hilfsmittel und Fachkenntnisse um ADR-Transporte durchzuf\u00fchren. Dadurch stehen wir Ihnen auch beim Transport von chemischen- und gef\u00e4hrlichen Stoffen zur Seite. Alle LKWs sind f\u00fcr ADR-Transporte ausgestattet, so da\u00df Sie auch f\u00fcr Ihre ADR-Transporte von unserer Vielseitigkeit profitieren. Unsere Fahrer [&hellip;]","og_url":"https:\/\/www.inter-iberica.com\/de\/dienste\/gefahrguttransport-adr\/","og_site_name":"Inter Iberica","article_modified_time":"2020-08-26T16:41:50+00:00","twitter_card":"summary_large_image","twitter_misc":{"Est. reading time":"1 minute"},"schema":{"@context":"https:\/\/schema.org","@graph":[{"@type":"WebPage","@id":"https:\/\/www.inter-iberica.com\/de\/dienste\/gefahrguttransport-adr\/","url":"https:\/\/www.inter-iberica.com\/de\/dienste\/gefahrguttransport-adr\/","name":"Gefahrguttransport (ADR) - Inter Iberica","isPartOf":{"@id":"https:\/\/www.inter-iberica.com\/#website"},"datePublished":"2020-04-30T11:06:35+00:00","dateModified":"2020-08-26T16:41:50+00:00","breadcrumb":{"@id":"https:\/\/www.inter-iberica.com\/de\/dienste\/gefahrguttransport-adr\/#breadcrumb"},"inLanguage":"de-DE","potentialAction":[{"@type":"ReadAction","target":["https:\/\/www.inter-iberica.com\/de\/dienste\/gefahrguttransport-adr\/"]}]},{"@type":"BreadcrumbList","@id":"https:\/\/www.inter-iberica.com\/de\/dienste\/gefahrguttransport-adr\/#breadcrumb","itemListElement":[{"@type":"ListItem","position":1,"name":"Home","item":"https:\/\/www.inter-iberica.com\/de\/"},{"@type":"ListItem","position":2,"name":"Dienste","item":"https:\/\/www.inter-iberica.com\/de\/dienste\/"},{"@type":"ListItem","position":3,"name":"Gefahrguttransport (ADR)"}]},{"@type":"WebSite","@id":"https:\/\/www.inter-iberica.com\/#website","url":"https:\/\/www.inter-iberica.com\/","name":"Inter Iberica","description":"","potentialAction":[{"@type":"SearchAction","target":{"@type":"EntryPoint","urlTemplate":"https:\/\/www.inter-iberica.com\/?s={search_term_string}"},"query-input":{"@type":"PropertyValueSpecification","valueRequired":true,"valueName":"search_term_string"}}],"inLanguage":"de-DE"}]}},"_links":{"self":[{"href":"https:\/\/www.inter-iberica.com\/de\/wp-json\/wp\/v2\/pages\/2176","targetHints":{"allow":["GET"]}}],"collection":[{"href":"https:\/\/www.inter-iberica.com\/de\/wp-json\/wp\/v2\/pages"}],"about":[{"href":"https:\/\/www.inter-iberica.com\/de\/wp-json\/wp\/v2\/types\/page"}],"author":[{"embeddable":true,"href":"https:\/\/www.inter-iberica.com\/de\/wp-json\/wp\/v2\/users\/3"}],"replies":[{"embeddable":true,"href":"https:\/\/www.inter-iberica.com\/de\/wp-json\/wp\/v2\/comments?post=2176"}],"version-history":[{"count":3,"href":"https:\/\/www.inter-iberica.com\/de\/wp-json\/wp\/v2\/pages\/2176\/revisions"}],"predecessor-version":[{"id":3312,"href":"https:\/\/www.inter-iberica.com\/de\/wp-json\/wp\/v2\/pages\/2176\/revisions\/3312"}],"up":[{"embeddable":true,"href":"https:\/\/www.inter-iberica.com\/de\/wp-json\/wp\/v2\/pages\/2115"}],"wp:attachment":[{"href":"https:\/\/www.inter-iberica.com\/de\/wp-json\/wp\/v2\/media?parent=2176"}],"curies":[{"name":"wp","href":"https:\/\/api.w.org\/{rel}","templated":true}]}}