{"id":2150,"date":"2020-04-30T09:46:06","date_gmt":"2020-04-30T09:46:06","guid":{"rendered":"https:\/\/www.inter-iberica.com\/dienste\/machinetransport\/"},"modified":"2020-09-08T10:35:22","modified_gmt":"2020-09-08T10:35:22","slug":"maschinentransport","status":"publish","type":"page","link":"https:\/\/www.inter-iberica.com\/de\/dienste\/maschinentransport\/","title":{"rendered":"Maschinentransport"},"content":{"rendered":"<div class=\"wpb-content-wrapper\"><p>[vc_row][vc_column css=&#8221;.vc_custom_1552704895602{margin-top: -5px !important;}&#8221;][cms_heading text=&#8221;Maschinentransport&#8221; tag=&#8221;h4&#8243; text_color=&#8221;#222222&#8243; cms_template=&#8221;cms_heading.php&#8221;][vc_column_text css=&#8221;.vc_custom_1594503284462{margin-bottom: 22px !important;}&#8221;]Der Transport einschliesslich des Be- und Entladens sowie das Aufstellen von einer oder mehreren Maschinen und\/oder einem kompletten Maschinenpark, wird von uns unter Einsatz unserer speziellen Fahrzeuge ausgef\u00fchrt. Vollst\u00e4ndige Logistikl\u00f6sungen, die einen effizienten und sicheren Transport Ihrer wertvollen Maschinen ohne Qualit\u00e4tsverlust garantieren, sind bei uns gew\u00e4hrleistet.[\/vc_column_text][\/vc_column][\/vc_row]<\/p>\n<\/div>","protected":false},"excerpt":{"rendered":"<p>[vc_row][vc_column css=&#8221;.vc_custom_1552704895602{margin-top: -5px !important;}&#8221;][cms_heading text=&#8221;Maschinentransport&#8221; tag=&#8221;h4&#8243; text_color=&#8221;#222222&#8243; cms_template=&#8221;cms_heading.php&#8221;][vc_column_text css=&#8221;.vc_custom_1594503284462{margin-bottom: 22px !important;}&#8221;]Der Transport einschliesslich des Be- und Entladens sowie das Aufstellen von einer oder mehreren Maschinen und\/oder einem kompletten Maschinenpark, wird von uns unter Einsatz unserer speziellen Fahrzeuge ausgef\u00fchrt. Vollst\u00e4ndige Logistikl\u00f6sungen, die einen effizienten und sicheren Transport Ihrer wertvollen Maschinen ohne Qualit\u00e4tsverlust garantieren, sind bei uns [&hellip;]<\/p>\n","protected":false},"author":3,"featured_media":0,"parent":2115,"menu_order":0,"comment_status":"closed","ping_status":"closed","template":"","meta":{"footnotes":""},"class_list":["post-2150","page","type-page","status-publish","hentry"],"yoast_head":"<!-- This site is optimized with the Yoast SEO plugin v27.4 - https:\/\/yoast.com\/product\/yoast-seo-wordpress\/ -->\n<title>Maschinentransport - Inter Iberica<\/title>\n<meta name=\"robots\" content=\"index, follow, max-snippet:-1, max-image-preview:large, max-video-preview:-1\" \/>\n<link rel=\"canonical\" href=\"https:\/\/www.inter-iberica.com\/de\/dienste\/maschinentransport\/\" \/>\n<meta property=\"og:locale\" content=\"de_DE\" \/>\n<meta property=\"og:type\" content=\"article\" \/>\n<meta property=\"og:title\" content=\"Maschinentransport - Inter Iberica\" \/>\n<meta property=\"og:description\" content=\"[vc_row][vc_column css=&#8221;.vc_custom_1552704895602{margin-top: -5px !important;}&#8221;][cms_heading text=&#8221;Maschinentransport&#8221; tag=&#8221;h4&#8243; text_color=&#8221;#222222&#8243; cms_template=&#8221;cms_heading.php&#8221;][vc_column_text css=&#8221;.vc_custom_1594503284462{margin-bottom: 22px !important;}&#8221;]Der Transport einschliesslich des Be- und Entladens sowie das Aufstellen von einer oder mehreren Maschinen und\/oder einem kompletten Maschinenpark, wird von uns unter Einsatz unserer speziellen Fahrzeuge ausgef\u00fchrt. Vollst\u00e4ndige Logistikl\u00f6sungen, die einen effizienten und sicheren Transport Ihrer wertvollen Maschinen ohne Qualit\u00e4tsverlust garantieren, sind bei uns [&hellip;]\" \/>\n<meta property=\"og:url\" content=\"https:\/\/www.inter-iberica.com\/de\/dienste\/maschinentransport\/\" \/>\n<meta property=\"og:site_name\" content=\"Inter Iberica\" \/>\n<meta property=\"article:modified_time\" content=\"2020-09-08T10:35:22+00:00\" \/>\n<meta name=\"twitter:card\" content=\"summary_large_image\" \/>\n<script type=\"application\/ld+json\" class=\"yoast-schema-graph\">{\"@context\":\"https:\\\/\\\/schema.org\",\"@graph\":[{\"@type\":\"WebPage\",\"@id\":\"https:\\\/\\\/www.inter-iberica.com\\\/de\\\/dienste\\\/maschinentransport\\\/\",\"url\":\"https:\\\/\\\/www.inter-iberica.com\\\/de\\\/dienste\\\/maschinentransport\\\/\",\"name\":\"Maschinentransport - Inter Iberica\",\"isPartOf\":{\"@id\":\"https:\\\/\\\/www.inter-iberica.com\\\/#website\"},\"datePublished\":\"2020-04-30T09:46:06+00:00\",\"dateModified\":\"2020-09-08T10:35:22+00:00\",\"breadcrumb\":{\"@id\":\"https:\\\/\\\/www.inter-iberica.com\\\/de\\\/dienste\\\/maschinentransport\\\/#breadcrumb\"},\"inLanguage\":\"de-DE\",\"potentialAction\":[{\"@type\":\"ReadAction\",\"target\":[\"https:\\\/\\\/www.inter-iberica.com\\\/de\\\/dienste\\\/maschinentransport\\\/\"]}]},{\"@type\":\"BreadcrumbList\",\"@id\":\"https:\\\/\\\/www.inter-iberica.com\\\/de\\\/dienste\\\/maschinentransport\\\/#breadcrumb\",\"itemListElement\":[{\"@type\":\"ListItem\",\"position\":1,\"name\":\"Home\",\"item\":\"https:\\\/\\\/www.inter-iberica.com\\\/de\\\/\"},{\"@type\":\"ListItem\",\"position\":2,\"name\":\"Dienste\",\"item\":\"https:\\\/\\\/www.inter-iberica.com\\\/de\\\/dienste\\\/\"},{\"@type\":\"ListItem\",\"position\":3,\"name\":\"Maschinentransport\"}]},{\"@type\":\"WebSite\",\"@id\":\"https:\\\/\\\/www.inter-iberica.com\\\/#website\",\"url\":\"https:\\\/\\\/www.inter-iberica.com\\\/\",\"name\":\"Inter Iberica\",\"description\":\"\",\"potentialAction\":[{\"@type\":\"SearchAction\",\"target\":{\"@type\":\"EntryPoint\",\"urlTemplate\":\"https:\\\/\\\/www.inter-iberica.com\\\/?s={search_term_string}\"},\"query-input\":{\"@type\":\"PropertyValueSpecification\",\"valueRequired\":true,\"valueName\":\"search_term_string\"}}],\"inLanguage\":\"de-DE\"}]}<\/script>\n<!-- \/ Yoast SEO plugin. -->","yoast_head_json":{"title":"Maschinentransport - Inter Iberica","robots":{"index":"index","follow":"follow","max-snippet":"max-snippet:-1","max-image-preview":"max-image-preview:large","max-video-preview":"max-video-preview:-1"},"canonical":"https:\/\/www.inter-iberica.com\/de\/dienste\/maschinentransport\/","og_locale":"de_DE","og_type":"article","og_title":"Maschinentransport - Inter Iberica","og_description":"[vc_row][vc_column css=&#8221;.vc_custom_1552704895602{margin-top: -5px !important;}&#8221;][cms_heading text=&#8221;Maschinentransport&#8221; tag=&#8221;h4&#8243; text_color=&#8221;#222222&#8243; cms_template=&#8221;cms_heading.php&#8221;][vc_column_text css=&#8221;.vc_custom_1594503284462{margin-bottom: 22px !important;}&#8221;]Der Transport einschliesslich des Be- und Entladens sowie das Aufstellen von einer oder mehreren Maschinen und\/oder einem kompletten Maschinenpark, wird von uns unter Einsatz unserer speziellen Fahrzeuge ausgef\u00fchrt. Vollst\u00e4ndige Logistikl\u00f6sungen, die einen effizienten und sicheren Transport Ihrer wertvollen Maschinen ohne Qualit\u00e4tsverlust garantieren, sind bei uns [&hellip;]","og_url":"https:\/\/www.inter-iberica.com\/de\/dienste\/maschinentransport\/","og_site_name":"Inter Iberica","article_modified_time":"2020-09-08T10:35:22+00:00","twitter_card":"summary_large_image","schema":{"@context":"https:\/\/schema.org","@graph":[{"@type":"WebPage","@id":"https:\/\/www.inter-iberica.com\/de\/dienste\/maschinentransport\/","url":"https:\/\/www.inter-iberica.com\/de\/dienste\/maschinentransport\/","name":"Maschinentransport - Inter Iberica","isPartOf":{"@id":"https:\/\/www.inter-iberica.com\/#website"},"datePublished":"2020-04-30T09:46:06+00:00","dateModified":"2020-09-08T10:35:22+00:00","breadcrumb":{"@id":"https:\/\/www.inter-iberica.com\/de\/dienste\/maschinentransport\/#breadcrumb"},"inLanguage":"de-DE","potentialAction":[{"@type":"ReadAction","target":["https:\/\/www.inter-iberica.com\/de\/dienste\/maschinentransport\/"]}]},{"@type":"BreadcrumbList","@id":"https:\/\/www.inter-iberica.com\/de\/dienste\/maschinentransport\/#breadcrumb","itemListElement":[{"@type":"ListItem","position":1,"name":"Home","item":"https:\/\/www.inter-iberica.com\/de\/"},{"@type":"ListItem","position":2,"name":"Dienste","item":"https:\/\/www.inter-iberica.com\/de\/dienste\/"},{"@type":"ListItem","position":3,"name":"Maschinentransport"}]},{"@type":"WebSite","@id":"https:\/\/www.inter-iberica.com\/#website","url":"https:\/\/www.inter-iberica.com\/","name":"Inter Iberica","description":"","potentialAction":[{"@type":"SearchAction","target":{"@type":"EntryPoint","urlTemplate":"https:\/\/www.inter-iberica.com\/?s={search_term_string}"},"query-input":{"@type":"PropertyValueSpecification","valueRequired":true,"valueName":"search_term_string"}}],"inLanguage":"de-DE"}]}},"_links":{"self":[{"href":"https:\/\/www.inter-iberica.com\/de\/wp-json\/wp\/v2\/pages\/2150","targetHints":{"allow":["GET"]}}],"collection":[{"href":"https:\/\/www.inter-iberica.com\/de\/wp-json\/wp\/v2\/pages"}],"about":[{"href":"https:\/\/www.inter-iberica.com\/de\/wp-json\/wp\/v2\/types\/page"}],"author":[{"embeddable":true,"href":"https:\/\/www.inter-iberica.com\/de\/wp-json\/wp\/v2\/users\/3"}],"replies":[{"embeddable":true,"href":"https:\/\/www.inter-iberica.com\/de\/wp-json\/wp\/v2\/comments?post=2150"}],"version-history":[{"count":3,"href":"https:\/\/www.inter-iberica.com\/de\/wp-json\/wp\/v2\/pages\/2150\/revisions"}],"predecessor-version":[{"id":3322,"href":"https:\/\/www.inter-iberica.com\/de\/wp-json\/wp\/v2\/pages\/2150\/revisions\/3322"}],"up":[{"embeddable":true,"href":"https:\/\/www.inter-iberica.com\/de\/wp-json\/wp\/v2\/pages\/2115"}],"wp:attachment":[{"href":"https:\/\/www.inter-iberica.com\/de\/wp-json\/wp\/v2\/media?parent=2150"}],"curies":[{"name":"wp","href":"https:\/\/api.w.org\/{rel}","templated":true}]}}